{"id":66,"date":"2024-06-24T09:13:11","date_gmt":"2024-06-24T09:13:11","guid":{"rendered":"https:\/\/125algarveselfstorage.eu\/?page_id=66"},"modified":"2025-01-15T12:15:45","modified_gmt":"2025-01-15T12:15:45","slug":"storage-quote","status":"publish","type":"page","link":"https:\/\/125algarveselfstorage.eu\/pt\/cotacao-de-armazenamento\/","title":{"rendered":"Cota\u00e7\u00e3o de armazenamento"},"content":{"rendered":"<p><strong>Or\u00e7amento de armazenamento. Vai gostar dos nossos pre\u00e7os de autoarmazenamento! Analis\u00e1mos todas as op\u00e7\u00f5es de self-storage aqui no Algarve e precific\u00e1mos os nossos pre\u00e7os de aluguer de contentores para serem o mais competitivos poss\u00edvel. Preencha o formul\u00e1rio de or\u00e7amento r\u00e1pido aqui e ver\u00e1 o que queremos dizer! &#8216;Falo contigo em breve!<\/strong><\/p>\n<div class=\"responsive-tabs\">\n<h2 class=\"tabtitle\">Or\u00e7amento de autoarmazenamento<\/h2>\n<div class=\"tabcontent\">\n\n<h2>Or\u00e7amento de Self Storage no Algarve<\/h2>\n\n<div class=\"wpcf7 no-js\" id=\"wpcf7-f78-o2\" lang=\"en-US\" dir=\"ltr\" data-wpcf7-id=\"78\">\n<div class=\"screen-reader-response\"><p role=\"status\" aria-live=\"polite\" aria-atomic=\"true\"><\/p> <ul><\/ul><\/div>\n<form action=\"\/pt\/wp-json\/wp\/v2\/pages\/66#wpcf7-f78-o2\" method=\"post\" class=\"wpcf7-form init\" aria-label=\"Contact form\" novalidate=\"novalidate\" data-status=\"init\">\n<fieldset class=\"hidden-fields-container\"><input type=\"hidden\" name=\"_wpcf7\" value=\"78\" \/><input type=\"hidden\" name=\"_wpcf7_version\" value=\"6.1.5\" \/><input type=\"hidden\" name=\"_wpcf7_locale\" value=\"en_US\" \/><input type=\"hidden\" name=\"_wpcf7_unit_tag\" value=\"wpcf7-f78-o2\" \/><input type=\"hidden\" name=\"_wpcf7_container_post\" value=\"0\" \/><input type=\"hidden\" name=\"_wpcf7_posted_data_hash\" value=\"\" \/>\n<\/fieldset>\n<div id=\"quoteform\">\n\t<p><span class=\"wpcf7-form-control-wrap\" data-name=\"qname\"><input size=\"40\" maxlength=\"400\" class=\"wpcf7-form-control wpcf7-text wpcf7-validates-as-required qf\" aria-required=\"true\" aria-invalid=\"false\" placeholder=\"O seu nome...\" value=\"\" type=\"text\" name=\"qname\" \/><\/span><span class=\"wpcf7-form-control-wrap\" data-name=\"qemail\"><input size=\"40\" maxlength=\"400\" class=\"wpcf7-form-control wpcf7-email wpcf7-validates-as-required wpcf7-text wpcf7-validates-as-email qf\" aria-required=\"true\" aria-invalid=\"false\" placeholder=\"O seu endere\u00e7o de email...\" value=\"\" type=\"email\" name=\"qemail\" \/><\/span><span class=\"wpcf7-form-control-wrap\" data-name=\"qphone\"><input size=\"40\" maxlength=\"400\" class=\"wpcf7-form-control wpcf7-tel wpcf7-text wpcf7-validates-as-tel qf\" aria-invalid=\"false\" placeholder=\"O seu &#039;n\u00famero de telefone (opcional)\" value=\"\" type=\"tel\" name=\"qphone\" \/><\/span><span class=\"wpcf7-form-control-wrap\" data-name=\"qmessage\"><textarea cols=\"40\" rows=\"10\" maxlength=\"2000\" class=\"wpcf7-form-control wpcf7-textarea qf\" aria-invalid=\"false\" placeholder=\"conte-nos um pouco sobre as suas necessidades de armazenamento\" name=\"qmessage\"><\/textarea><\/span><span class=\"wpcf7-form-control-wrap\" data-name=\"quiz-294\"><label><span class=\"wpcf7-quiz-label\">To stop the spammers, please tell us which number is larger, 3 or 8.<\/span> <input size=\"40\" class=\"wpcf7-form-control wpcf7-quiz qf\" autocomplete=\"off\" aria-required=\"true\" aria-invalid=\"false\" type=\"text\" name=\"quiz-294\" \/><\/label><input type=\"hidden\" name=\"_wpcf7_quiz_answer_quiz-294\" value=\"935b3453fb5f2e70f7709ed2925160b3\" \/><\/span>\n\t<div class=\"wpcf7-response-output\" aria-hidden=\"true\"><\/div><input class=\"wpcf7-form-control wpcf7-submit has-spinner qf\" type=\"submit\" value=\"Clique para obter a sua cota\u00e7\u00e3o!\" \/>\n\t<\/p>\n<\/div>\n<\/form>\n<\/div>\n\n\n<\/div><h2 class=\"tabtitle\">Melhores Pre\u00e7os de Self Storage no Algarve<\/h2>\n<div class=\"tabcontent\">\n\n<h2>Seguran\u00e7a a um \u00f3timo pre\u00e7o<\/h2>\n<p>Na 125AlgarveSelfStorage.eu acreditamos em pre\u00e7os transparentes e justos. Entendemos que cada necessidade de armazenamento \u00e9 \u00fanica. \u00c9 por isso que oferecemos or\u00e7amentos personalizados adaptados \u00e0s suas necessidades espec\u00edficas. Solicitar-nos um or\u00e7amento de armazenamento \u00e9 r\u00e1pido e f\u00e1cil. Pode obter uma cota\u00e7\u00e3o de diversas formas:<\/p>\n<ul>\n<li><strong>Formul\u00e1rio Online:<\/strong> Visite o nosso site e preencha o nosso formul\u00e1rio simples de pedido de or\u00e7amento. Forne\u00e7a detalhes b\u00e1sicos sobre as suas necessidades de armazenamento. Entraremos em contacto consigo imediatamente com um or\u00e7amento personalizado.<\/li>\n<li><strong>Telefone\/WhatsApp:<\/strong> Ligue diretamente para discutir as suas necessidades de armazenamento. A nossa simp\u00e1tica equipa ir\u00e1 gui\u00e1-lo durante o processo e fornecer-lhe um or\u00e7amento instant\u00e2neo.<\/li>\n<li><strong>Presencial:<\/strong> Visite as nossas instala\u00e7\u00f5es em Loul\u00e9. A nossa equipa ir\u00e1 mostrar-lhe o local e oferecer um or\u00e7amento com base nas suas necessidades.<\/li>\n<\/ul>\n<h3>O que precisamos de saber<\/h3>\n<p>Para lhe fornecer um or\u00e7amento preciso, iremos solicitar algumas informa\u00e7\u00f5es b\u00e1sicas:<\/p>\n<ul>\n<li>O tamanho da unidade de armazenamento de que necessita<\/li>\n<li>Quanto tempo planeia armazenar os seus itens<\/li>\n<li>Quaisquer requisitos especiais (controlo clim\u00e1tico, frequ\u00eancia de acesso, etc.)<\/li>\n<\/ul>\n<h3>A nossa estrutura de pre\u00e7os<\/h3>\n<p>Oferecemos tarifas competitivas com base no tamanho da unidade e na dura\u00e7\u00e3o do aluguer. O nosso pre\u00e7o \u00e9 direto, sem taxas ocultas. Oferecemos op\u00e7\u00f5es de armazenamento de curto e longo prazo para satisfazer as suas necessidades.<\/p>\n<h3>Termos flex\u00edveis<\/h3>\n<p>Entendemos que as necessidades de armazenamento podem mudar. \u00c9 por isso que oferecemos condi\u00e7\u00f5es de aluguer flex\u00edveis. Pode ajustar o seu plano de armazenamento \u00e0 medida que as suas necessidades evoluem.<\/p>\n<h3>Garantia de satisfa\u00e7\u00e3o<\/h3>\n<p>Estamos confiantes na qualidade do nosso servi\u00e7o. Se n\u00e3o ficar satisfeito nos primeiros 7 dias, trabalharemos consigo para o reparar ou oferecer um reembolso total.<\/p>\n<h3>Pronto para come\u00e7ar?<\/h3>\n<p>Contacte-nos hoje para obter o seu or\u00e7amento de armazenamento personalizado. Experimente a diferen\u00e7a do 125AlgarveSelfStorage.eu \u2013 onde a qualidade, a seguran\u00e7a e o valor se encontram.<\/p>\n<p><\/div><\/div><\/p>","protected":false},"excerpt":{"rendered":"<p>Vai gostar dos nossos pre\u00e7os de autoarmazenamento! Analis\u00e1mos as op\u00e7\u00f5es de self-storage no Algarve e precific\u00e1mos os nossos pre\u00e7os de aluguer de contentores para serem o mais competitivos poss\u00edvel. Preencha o formul\u00e1rio de or\u00e7amento r\u00e1pido aqui e ver\u00e1 o que queremos dizer!<\/p>\n","protected":false},"author":1,"featured_media":244,"parent":0,"menu_order":6,"comment_status":"closed","ping_status":"closed","template":"","meta":{"footnotes":""},"class_list":["post-66","page","type-page","status-publish","has-post-thumbnail","hentry"],"yoast_head":"<!-- This site is optimized with the Yoast SEO plugin v27.4 - https:\/\/yoast.com\/product\/yoast-seo-wordpress\/ -->\n<title>Or\u00e7amento de armazenamento. Vai gostar dos nossos pre\u00e7os de autoarmazenamento!<\/title>\n<meta name=\"description\" content=\"{:en}Storage Quote.\u00a0 We&#039;ve looked at all the storage options on the Algarve &amp; priced our container rental prices to be as competitive as possible.{:pt}Or\u00e7amento de armazenamento. Analis\u00e1mos todas as op\u00e7\u00f5es de armazenamento no Algarve e precific\u00e1mos os nossos pre\u00e7os de aluguer de contentores para serem o mais competitivos poss\u00edvel.{:}\" \/>\n<meta name=\"robots\" content=\"index, follow, max-snippet:-1, max-image-preview:large, max-video-preview:-1\" \/>\n<link rel=\"canonical\" href=\"https:\/\/125algarveselfstorage.eu\/storage-quote\/\" \/>\n<meta property=\"og:locale\" content=\"pt_PT\" \/>\n<meta property=\"og:type\" content=\"article\" \/>\n<meta property=\"og:title\" content=\"[:en]Storage Quote.\u00a0 You&#039;ll like our self storage prices![:pt]Or\u00e7amento de armazenamento. Vai gostar dos nossos pre\u00e7os de autoarmazenamento![:]\" \/>\n<meta property=\"og:description\" content=\"{:en}Storage Quote.\u00a0 We&#039;ve looked at all the storage options on the Algarve &amp; priced our container rental prices to be as competitive as possible.{:pt}Or\u00e7amento de armazenamento. Analis\u00e1mos todas as op\u00e7\u00f5es de armazenamento no Algarve e precific\u00e1mos os nossos pre\u00e7os de aluguer de contentores para serem o mais competitivos poss\u00edvel.{:}\" \/>\n<meta property=\"og:url\" content=\"https:\/\/125algarveselfstorage.eu\/storage-quote\/\" \/>\n<meta property=\"og:site_name\" content=\"125 Algarve Self Storage\" \/>\n<meta property=\"article:modified_time\" content=\"2025-01-15T12:15:45+00:00\" \/>\n<meta property=\"og:image\" content=\"https:\/\/125algarveselfstorage.eu\/wp-content\/uploads\/2024\/08\/Storage-Quote-2.jpg\" \/>\n\t<meta property=\"og:image:width\" content=\"1200\" \/>\n\t<meta property=\"og:image:height\" content=\"630\" \/>\n\t<meta property=\"og:image:type\" content=\"image\/jpeg\" \/>\n<meta name=\"twitter:card\" content=\"summary_large_image\" \/>\n<meta name=\"twitter:label1\" content=\"Tempo estimado de leitura\" \/>\n\t<meta name=\"twitter:data1\" content=\"2 minutos\" \/>\n<script type=\"application\/ld+json\" class=\"yoast-schema-graph\">{\"@context\":\"https:\\\/\\\/schema.org\",\"@graph\":[{\"@type\":\"WebPage\",\"@id\":\"https:\\\/\\\/125algarveselfstorage.eu\\\/storage-quote\\\/\",\"url\":\"https:\\\/\\\/125algarveselfstorage.eu\\\/storage-quote\\\/\",\"name\":\"[:en]Storage Quote.\u00a0 You'll like our self storage prices![:pt]Or\u00e7amento de armazenamento. Vai gostar dos nossos pre\u00e7os de autoarmazenamento![:]\",\"isPartOf\":{\"@id\":\"https:\\\/\\\/125algarveselfstorage.eu\\\/#website\"},\"primaryImageOfPage\":{\"@id\":\"https:\\\/\\\/125algarveselfstorage.eu\\\/storage-quote\\\/#primaryimage\"},\"image\":{\"@id\":\"https:\\\/\\\/125algarveselfstorage.eu\\\/storage-quote\\\/#primaryimage\"},\"thumbnailUrl\":\"https:\\\/\\\/125algarveselfstorage.eu\\\/wp-content\\\/uploads\\\/2024\\\/08\\\/Storage-Quote-2.jpg\",\"datePublished\":\"2024-06-24T09:13:11+00:00\",\"dateModified\":\"2025-01-15T12:15:45+00:00\",\"description\":\"{:en}Storage Quote.\u00a0 We've looked at all the storage options on the Algarve & priced our container rental prices to be as competitive as possible.{:pt}Or\u00e7amento de armazenamento. Analis\u00e1mos todas as op\u00e7\u00f5es de armazenamento no Algarve e precific\u00e1mos os nossos pre\u00e7os de aluguer de contentores para serem o mais competitivos poss\u00edvel.{:}\",\"breadcrumb\":{\"@id\":\"https:\\\/\\\/125algarveselfstorage.eu\\\/storage-quote\\\/#breadcrumb\"},\"inLanguage\":\"pt-PT\",\"potentialAction\":[{\"@type\":\"ReadAction\",\"target\":[\"https:\\\/\\\/125algarveselfstorage.eu\\\/storage-quote\\\/\"]}]},{\"@type\":\"ImageObject\",\"inLanguage\":\"pt-PT\",\"@id\":\"https:\\\/\\\/125algarveselfstorage.eu\\\/storage-quote\\\/#primaryimage\",\"url\":\"https:\\\/\\\/125algarveselfstorage.eu\\\/wp-content\\\/uploads\\\/2024\\\/08\\\/Storage-Quote-2.jpg\",\"contentUrl\":\"https:\\\/\\\/125algarveselfstorage.eu\\\/wp-content\\\/uploads\\\/2024\\\/08\\\/Storage-Quote-2.jpg\",\"width\":1200,\"height\":630,\"caption\":\"Storage Quote 2\"},{\"@type\":\"BreadcrumbList\",\"@id\":\"https:\\\/\\\/125algarveselfstorage.eu\\\/storage-quote\\\/#breadcrumb\",\"itemListElement\":[{\"@type\":\"ListItem\",\"position\":1,\"name\":\"Home\",\"item\":\"https:\\\/\\\/125algarveselfstorage.eu\\\/\"},{\"@type\":\"ListItem\",\"position\":2,\"name\":\"[:en]Storage Quote[:pt]Cota\u00e7\u00e3o de armazenamento[:]\"}]},{\"@type\":\"WebSite\",\"@id\":\"https:\\\/\\\/125algarveselfstorage.eu\\\/#website\",\"url\":\"https:\\\/\\\/125algarveselfstorage.eu\\\/\",\"name\":\"125AlgarveSelfStorage.eu\",\"description\":\"[:en]Secure Self Storage Facility on the EN125 between Boliquieme and Almancil, Algarve.[:pt]Contentores de Autoarmazenamento Seguros, Loul\u00e9, Algarve, Portugal.[:]\",\"publisher\":{\"@id\":\"https:\\\/\\\/125algarveselfstorage.eu\\\/#organization\"},\"potentialAction\":[{\"@type\":\"SearchAction\",\"target\":{\"@type\":\"EntryPoint\",\"urlTemplate\":\"https:\\\/\\\/125algarveselfstorage.eu\\\/?s={search_term_string}\"},\"query-input\":{\"@type\":\"PropertyValueSpecification\",\"valueRequired\":true,\"valueName\":\"search_term_string\"}}],\"inLanguage\":\"pt-PT\"},{\"@type\":\"Organization\",\"@id\":\"https:\\\/\\\/125algarveselfstorage.eu\\\/#organization\",\"name\":\"125AlgarveSelfStorage.eu\",\"url\":\"https:\\\/\\\/125algarveselfstorage.eu\\\/\",\"logo\":{\"@type\":\"ImageObject\",\"inLanguage\":\"pt-PT\",\"@id\":\"https:\\\/\\\/125algarveselfstorage.eu\\\/#\\\/schema\\\/logo\\\/image\\\/\",\"url\":\"https:\\\/\\\/125algarveselfstorage.eu\\\/wp-content\\\/uploads\\\/2024\\\/10\\\/125-Algarve-Self-Storage-Logo-Small.png\",\"contentUrl\":\"https:\\\/\\\/125algarveselfstorage.eu\\\/wp-content\\\/uploads\\\/2024\\\/10\\\/125-Algarve-Self-Storage-Logo-Small.png\",\"width\":150,\"height\":150,\"caption\":\"125AlgarveSelfStorage.eu\"},\"image\":{\"@id\":\"https:\\\/\\\/125algarveselfstorage.eu\\\/#\\\/schema\\\/logo\\\/image\\\/\"}}]}<\/script>\n<!-- \/ Yoast SEO plugin. -->","yoast_head_json":{"title":"[:en]Storage Quote.\u00a0 You'll like our self storage prices![:pt]Or\u00e7amento de armazenamento. Vai gostar dos nossos pre\u00e7os de autoarmazenamento![:]","description":"{:en}Storage Quote.\u00a0 We've looked at all the storage options on the Algarve & priced our container rental prices to be as competitive as possible.{:pt}Or\u00e7amento de armazenamento. Analis\u00e1mos todas as op\u00e7\u00f5es de armazenamento no Algarve e precific\u00e1mos os nossos pre\u00e7os de aluguer de contentores para serem o mais competitivos poss\u00edvel.{:}","robots":{"index":"index","follow":"follow","max-snippet":"max-snippet:-1","max-image-preview":"max-image-preview:large","max-video-preview":"max-video-preview:-1"},"canonical":"https:\/\/125algarveselfstorage.eu\/storage-quote\/","og_locale":"pt_PT","og_type":"article","og_title":"[:en]Storage Quote.\u00a0 You'll like our self storage prices![:pt]Or\u00e7amento de armazenamento. Vai gostar dos nossos pre\u00e7os de autoarmazenamento![:]","og_description":"{:en}Storage Quote.\u00a0 We've looked at all the storage options on the Algarve & priced our container rental prices to be as competitive as possible.{:pt}Or\u00e7amento de armazenamento. Analis\u00e1mos todas as op\u00e7\u00f5es de armazenamento no Algarve e precific\u00e1mos os nossos pre\u00e7os de aluguer de contentores para serem o mais competitivos poss\u00edvel.{:}","og_url":"https:\/\/125algarveselfstorage.eu\/storage-quote\/","og_site_name":"125 Algarve Self Storage","article_modified_time":"2025-01-15T12:15:45+00:00","og_image":[{"width":1200,"height":630,"url":"https:\/\/125algarveselfstorage.eu\/wp-content\/uploads\/2024\/08\/Storage-Quote-2.jpg","type":"image\/jpeg"}],"twitter_card":"summary_large_image","twitter_misc":{"Tempo estimado de leitura":"2 minutos"},"schema":{"@context":"https:\/\/schema.org","@graph":[{"@type":"WebPage","@id":"https:\/\/125algarveselfstorage.eu\/storage-quote\/","url":"https:\/\/125algarveselfstorage.eu\/storage-quote\/","name":"[:en]Storage Quote.\u00a0 You'll like our self storage prices![:pt]Or\u00e7amento de armazenamento. Vai gostar dos nossos pre\u00e7os de autoarmazenamento![:]","isPartOf":{"@id":"https:\/\/125algarveselfstorage.eu\/#website"},"primaryImageOfPage":{"@id":"https:\/\/125algarveselfstorage.eu\/storage-quote\/#primaryimage"},"image":{"@id":"https:\/\/125algarveselfstorage.eu\/storage-quote\/#primaryimage"},"thumbnailUrl":"https:\/\/125algarveselfstorage.eu\/wp-content\/uploads\/2024\/08\/Storage-Quote-2.jpg","datePublished":"2024-06-24T09:13:11+00:00","dateModified":"2025-01-15T12:15:45+00:00","description":"{:en}Storage Quote.\u00a0 We've looked at all the storage options on the Algarve & priced our container rental prices to be as competitive as possible.{:pt}Or\u00e7amento de armazenamento. Analis\u00e1mos todas as op\u00e7\u00f5es de armazenamento no Algarve e precific\u00e1mos os nossos pre\u00e7os de aluguer de contentores para serem o mais competitivos poss\u00edvel.{:}","breadcrumb":{"@id":"https:\/\/125algarveselfstorage.eu\/storage-quote\/#breadcrumb"},"inLanguage":"pt-PT","potentialAction":[{"@type":"ReadAction","target":["https:\/\/125algarveselfstorage.eu\/storage-quote\/"]}]},{"@type":"ImageObject","inLanguage":"pt-PT","@id":"https:\/\/125algarveselfstorage.eu\/storage-quote\/#primaryimage","url":"https:\/\/125algarveselfstorage.eu\/wp-content\/uploads\/2024\/08\/Storage-Quote-2.jpg","contentUrl":"https:\/\/125algarveselfstorage.eu\/wp-content\/uploads\/2024\/08\/Storage-Quote-2.jpg","width":1200,"height":630,"caption":"Storage Quote 2"},{"@type":"BreadcrumbList","@id":"https:\/\/125algarveselfstorage.eu\/storage-quote\/#breadcrumb","itemListElement":[{"@type":"ListItem","position":1,"name":"Home","item":"https:\/\/125algarveselfstorage.eu\/"},{"@type":"ListItem","position":2,"name":"[:en]Storage Quote[:pt]Cota\u00e7\u00e3o de armazenamento[:]"}]},{"@type":"WebSite","@id":"https:\/\/125algarveselfstorage.eu\/#website","url":"https:\/\/125algarveselfstorage.eu\/","name":"125AlgarveSelfStorage.eu","description":"[:en]Secure Self Storage Facility on the EN125 between Boliquieme and Almancil, Algarve.[:pt]Contentores de Autoarmazenamento Seguros, Loul\u00e9, Algarve, Portugal.[:]","publisher":{"@id":"https:\/\/125algarveselfstorage.eu\/#organization"},"potentialAction":[{"@type":"SearchAction","target":{"@type":"EntryPoint","urlTemplate":"https:\/\/125algarveselfstorage.eu\/?s={search_term_string}"},"query-input":{"@type":"PropertyValueSpecification","valueRequired":true,"valueName":"search_term_string"}}],"inLanguage":"pt-PT"},{"@type":"Organization","@id":"https:\/\/125algarveselfstorage.eu\/#organization","name":"125AlgarveSelfStorage.eu","url":"https:\/\/125algarveselfstorage.eu\/","logo":{"@type":"ImageObject","inLanguage":"pt-PT","@id":"https:\/\/125algarveselfstorage.eu\/#\/schema\/logo\/image\/","url":"https:\/\/125algarveselfstorage.eu\/wp-content\/uploads\/2024\/10\/125-Algarve-Self-Storage-Logo-Small.png","contentUrl":"https:\/\/125algarveselfstorage.eu\/wp-content\/uploads\/2024\/10\/125-Algarve-Self-Storage-Logo-Small.png","width":150,"height":150,"caption":"125AlgarveSelfStorage.eu"},"image":{"@id":"https:\/\/125algarveselfstorage.eu\/#\/schema\/logo\/image\/"}}]}},"jetpack_sharing_enabled":true,"_links":{"self":[{"href":"https:\/\/125algarveselfstorage.eu\/pt\/wp-json\/wp\/v2\/pages\/66","targetHints":{"allow":["GET"]}}],"collection":[{"href":"https:\/\/125algarveselfstorage.eu\/pt\/wp-json\/wp\/v2\/pages"}],"about":[{"href":"https:\/\/125algarveselfstorage.eu\/pt\/wp-json\/wp\/v2\/types\/page"}],"author":[{"embeddable":true,"href":"https:\/\/125algarveselfstorage.eu\/pt\/wp-json\/wp\/v2\/users\/1"}],"replies":[{"embeddable":true,"href":"https:\/\/125algarveselfstorage.eu\/pt\/wp-json\/wp\/v2\/comments?post=66"}],"version-history":[{"count":9,"href":"https:\/\/125algarveselfstorage.eu\/pt\/wp-json\/wp\/v2\/pages\/66\/revisions"}],"predecessor-version":[{"id":334,"href":"https:\/\/125algarveselfstorage.eu\/pt\/wp-json\/wp\/v2\/pages\/66\/revisions\/334"}],"wp:featuredmedia":[{"embeddable":true,"href":"https:\/\/125algarveselfstorage.eu\/pt\/wp-json\/wp\/v2\/media\/244"}],"wp:attachment":[{"href":"https:\/\/125algarveselfstorage.eu\/pt\/wp-json\/wp\/v2\/media?parent=66"}],"curies":[{"name":"wp","href":"https:\/\/api.w.org\/{rel}","templated":true}]}}