{"id":535,"date":"2025-04-07T13:09:06","date_gmt":"2025-04-07T13:09:06","guid":{"rendered":"https:\/\/125algarveselfstorage.eu\/?page_id=535"},"modified":"2025-04-07T13:11:38","modified_gmt":"2025-04-07T13:11:38","slug":"moving-to-portugal-self-storage-while-you-settle-in","status":"publish","type":"page","link":"https:\/\/125algarveselfstorage.eu\/pt\/porque-usar-contentores-de-autoarmazenamento\/mudanca-para-portugal-self-storage-enquanto-se-instala\/","title":{"rendered":"Mudan\u00e7a para Portugal &#8211; Self Storage enquanto se instala"},"content":{"rendered":"<p><strong>Mudan\u00e7a para Portugal &#8211; Self-storage de curto e longo prazo no Algarve.\u00a0 125AlgarveSelfStorgae.eu e bem no cora\u00e7\u00e3o da regi\u00e3o do Algarve, em Loul\u00e9.\u00a0 Oferecemos contentores de autoarmazenamento ou armazenamento em armaz\u00e9m com op\u00e7\u00f5es flex\u00edveis &#8211; e a pre\u00e7os excelentes!\u00a0 Deixe que o 125AlgarveSelfStorgae.eu lhe d\u00ea as boas-vindas \u00e0 sua nova casa em Portugal!<\/strong><\/p>\n<figure id=\"attachment_536\" aria-describedby=\"caption-attachment-536\" style=\"width: 1200px\" class=\"wp-caption alignnone\"><img loading=\"lazy\" decoding=\"async\" class=\"wp-image-536 size-full\" title=\"Mudan\u00e7a para Portugal - Self Storage enquanto se instala\" src=\"https:\/\/125algarveselfstorage.eu\/wp-content\/uploads\/2025\/04\/Moving-to-Portugal-Self-Storage-While-you-Settle-In.jpg\" alt=\"Mudan\u00e7a para Portugal - Self Storage enquanto se instala\" width=\"1200\" height=\"630\" srcset=\"https:\/\/125algarveselfstorage.eu\/wp-content\/uploads\/2025\/04\/Moving-to-Portugal-Self-Storage-While-you-Settle-In.jpg 1200w, https:\/\/125algarveselfstorage.eu\/wp-content\/uploads\/2025\/04\/Moving-to-Portugal-Self-Storage-While-you-Settle-In-300x158.jpg 300w, https:\/\/125algarveselfstorage.eu\/wp-content\/uploads\/2025\/04\/Moving-to-Portugal-Self-Storage-While-you-Settle-In-1024x538.jpg 1024w, https:\/\/125algarveselfstorage.eu\/wp-content\/uploads\/2025\/04\/Moving-to-Portugal-Self-Storage-While-you-Settle-In-768x403.jpg 768w\" sizes=\"auto, (max-width: 1200px) 100vw, 1200px\" \/><figcaption id=\"caption-attachment-536\" class=\"wp-caption-text\">Mudan\u00e7a para Portugal &#8211; Self Storage enquanto se instala<\/figcaption><\/figure>\n<h2>Mudar-se para Portugal: o seu novo come\u00e7o no Algarve<\/h2>\n<p>A mudan\u00e7a para a ensolarada regi\u00e3o do Algarve, em Portugal, oferece uma mistura atraente de clima mediterr\u00e2nico, paisagens costeiras deslumbrantes e um ritmo de vida tranquilo que cativa os expatriados h\u00e1 d\u00e9cadas. Ao planear a sua mudan\u00e7a do Reino Unido ou da Irlanda, as solu\u00e7\u00f5es de armazenamento adequadas tornam-se parte essencial de uma transi\u00e7\u00e3o tranquila.<\/p>\n<h3>Porqu\u00ea escolher o Algarve?<\/h3>\n<p>O Algarve tornou-se um p\u00f3lo de atrac\u00e7\u00e3o para as pessoas que procuram um clima melhor, custos de vida acess\u00edveis e uma qualidade de vida excepcional. Com mais de 300 dias de sol por ano, campos de golfe de n\u00edvel internacional, gastronomia local fresca e uma comunidade de expatriados acolhedora, \u00e9 f\u00e1cil perceber porque \u00e9 que a regi\u00e3o continua a atrair rec\u00e9m-chegados.<\/p>\n<h3>Solu\u00e7\u00f5es de armazenamento para a sua transi\u00e7\u00e3o<\/h3>\n<p>As mudan\u00e7as internacionais envolvem in\u00fameros desafios log\u00edsticos, principalmente na gest\u00e3o dos seus pertences. Quer esteja a reduzir o tamanho antes da mudan\u00e7a, precise de armazenamento tempor\u00e1rio enquanto procura uma casa ou precise de uma solu\u00e7\u00e3o permanente para artigos sazonais, o 125AlgarveSelfStorage.eu em Loul\u00e9 oferece a resposta.<\/p>\n<p>As nossas unidades e contentores de armazenamento interno seguros e com controlo clim\u00e1tico oferecem a solu\u00e7\u00e3o perfeita para:<\/p>\n<ul>\n<li>M\u00f3veis e utens\u00edlios dom\u00e9sticos durante as transi\u00e7\u00f5es de propriedade<\/li>\n<li>Equipamento sazonal, como tacos de golfe, artigos de praia ou roupa de inverno<\/li>\n<li>Invent\u00e1rio e documentos comerciais<\/li>\n<li>Ve\u00edculos e equipamentos de recreio<\/li>\n<li>Tranquilidade durante a sua mudan\u00e7a<\/li>\n<\/ul>\n<p>As incertezas da mudan\u00e7a internacional podem ser stressantes. As nossas instala\u00e7\u00f5es modernas com seguran\u00e7a 24 horas por dia, 7 dias por semana, garantem que os seus pertences permanecem seguros enquanto se concentra em adaptar-se ao seu novo estilo de vida portugu\u00eas. Com contratos de arrendamento flex\u00edveis e v\u00e1rios tamanhos de unidades, adaptamo-nos \u00e0s suas necessidades em constante mudan\u00e7a.<\/p>\n<h3>Experi\u00eancia local<\/h3>\n<p>Com sede em Loul\u00e9, compreendemos os desafios \u00fanicos que os expatriados enfrentam quando se mudam para o Algarve. A nossa equipa oferece conhecimento e suporte local para ajudar a facilitar a sua transi\u00e7\u00e3o.<\/p>\n<h3>&#8216;Pronto para come\u00e7ar a sua aventura portuguesa?<\/h3>\n<p>Contacte-nos hoje mesmo atrav\u00e9s do WhatsApp pelo n\u00famero +351 969 427 864 para discutir as suas necessidades de armazenamento. Desde solu\u00e7\u00f5es de curto prazo durante a sua procura de uma propriedade at\u00e9 armazenamento a longo prazo para aqueles artigos dos quais n\u00e3o se consegue desfazer, a 125AlgarveSelfStorage.eu \u00e9 o seu parceiro para fazer da sua mudan\u00e7a para Portugal a experi\u00eancia gratificante com que sempre sonhou.<\/p>\n<p>&nbsp;<\/p>","protected":false},"excerpt":{"rendered":"<p>Mudan\u00e7a para Portugal &#8211; Self-storage de curto e longo prazo no Algarve.\u00a0 125AlgarveSelfStorgae.eu e bem no cora\u00e7\u00e3o da regi\u00e3o do Algarve, em Loul\u00e9.\u00a0 Oferecemos contentores de autoarmazenamento ou armazenamento em armaz\u00e9m com op\u00e7\u00f5es flex\u00edveis &#8211; e a pre\u00e7os excelentes!\u00a0 Deixe que o 125AlgarveSelfStorgae.eu lhe d\u00ea as boas-vindas \u00e0 sua nova casa em Portugal!<\/p>\n","protected":false},"author":1,"featured_media":0,"parent":174,"menu_order":0,"comment_status":"closed","ping_status":"closed","template":"","meta":{"footnotes":""},"class_list":["post-535","page","type-page","status-publish","hentry"],"yoast_head":"<!-- This site is optimized with the Yoast SEO plugin v27.4 - https:\/\/yoast.com\/product\/yoast-seo-wordpress\/ -->\n<title>Mudan\u00e7a para Portugal - Self Storage enquanto se instala!<\/title>\n<meta name=\"description\" content=\"{:en}Moving to Portugal - Contact us today! WhatsApp +351 969 427 864 to discuss your temporary self-storage requirements.{:pt}Mudan\u00e7a para Portugal - Contacte-nos hoje mesmo! WhatsApp +351 969 427 864 para discutir as suas necessidades de auto-armazenamento tempor\u00e1rio.{:}\" \/>\n<meta name=\"robots\" content=\"index, follow, max-snippet:-1, max-image-preview:large, max-video-preview:-1\" \/>\n<link rel=\"canonical\" href=\"https:\/\/125algarveselfstorage.eu\/why-use-self-storage-containers\/moving-to-portugal-self-storage-while-you-settle-in\/\" \/>\n<meta property=\"og:locale\" content=\"pt_PT\" \/>\n<meta property=\"og:type\" content=\"article\" \/>\n<meta property=\"og:title\" content=\"[:en]Moving to Portugal - Self Storage While you Settle In![:pt]Mudan\u00e7a para Portugal - Self Storage enquanto se instala![:]\" \/>\n<meta property=\"og:description\" content=\"{:en}Moving to Portugal - Contact us today! WhatsApp +351 969 427 864 to discuss your temporary self-storage requirements.{:pt}Mudan\u00e7a para Portugal - Contacte-nos hoje mesmo! WhatsApp +351 969 427 864 para discutir as suas necessidades de auto-armazenamento tempor\u00e1rio.{:}\" \/>\n<meta property=\"og:url\" content=\"https:\/\/125algarveselfstorage.eu\/why-use-self-storage-containers\/moving-to-portugal-self-storage-while-you-settle-in\/\" \/>\n<meta property=\"og:site_name\" content=\"125 Algarve Self Storage\" \/>\n<meta property=\"article:modified_time\" content=\"2025-04-07T13:11:38+00:00\" \/>\n<meta property=\"og:image\" content=\"https:\/\/125algarveselfstorage.eu\/wp-content\/uploads\/2025\/04\/Moving-to-Portugal-Self-Storage-While-you-Settle-In.jpg\" \/>\n\t<meta property=\"og:image:width\" content=\"1200\" \/>\n\t<meta property=\"og:image:height\" content=\"630\" \/>\n\t<meta property=\"og:image:type\" content=\"image\/jpeg\" \/>\n<meta name=\"twitter:card\" content=\"summary_large_image\" \/>\n<meta name=\"twitter:label1\" content=\"Tempo estimado de leitura\" \/>\n\t<meta name=\"twitter:data1\" content=\"2 minutos\" \/>\n<script type=\"application\/ld+json\" class=\"yoast-schema-graph\">{\"@context\":\"https:\\\/\\\/schema.org\",\"@graph\":[{\"@type\":\"WebPage\",\"@id\":\"https:\\\/\\\/125algarveselfstorage.eu\\\/why-use-self-storage-containers\\\/moving-to-portugal-self-storage-while-you-settle-in\\\/\",\"url\":\"https:\\\/\\\/125algarveselfstorage.eu\\\/why-use-self-storage-containers\\\/moving-to-portugal-self-storage-while-you-settle-in\\\/\",\"name\":\"[:en]Moving to Portugal - Self Storage While you Settle In![:pt]Mudan\u00e7a para Portugal - Self Storage enquanto se instala![:]\",\"isPartOf\":{\"@id\":\"https:\\\/\\\/125algarveselfstorage.eu\\\/#website\"},\"primaryImageOfPage\":{\"@id\":\"https:\\\/\\\/125algarveselfstorage.eu\\\/why-use-self-storage-containers\\\/moving-to-portugal-self-storage-while-you-settle-in\\\/#primaryimage\"},\"image\":{\"@id\":\"https:\\\/\\\/125algarveselfstorage.eu\\\/why-use-self-storage-containers\\\/moving-to-portugal-self-storage-while-you-settle-in\\\/#primaryimage\"},\"thumbnailUrl\":\"https:\\\/\\\/125algarveselfstorage.eu\\\/wp-content\\\/uploads\\\/2025\\\/04\\\/Moving-to-Portugal-Self-Storage-While-you-Settle-In.jpg\",\"datePublished\":\"2025-04-07T13:09:06+00:00\",\"dateModified\":\"2025-04-07T13:11:38+00:00\",\"description\":\"{:en}Moving to Portugal - Contact us today! WhatsApp +351 969 427 864 to discuss your temporary self-storage requirements.{:pt}Mudan\u00e7a para Portugal - Contacte-nos hoje mesmo! WhatsApp +351 969 427 864 para discutir as suas necessidades de auto-armazenamento tempor\u00e1rio.{:}\",\"breadcrumb\":{\"@id\":\"https:\\\/\\\/125algarveselfstorage.eu\\\/why-use-self-storage-containers\\\/moving-to-portugal-self-storage-while-you-settle-in\\\/#breadcrumb\"},\"inLanguage\":\"pt-PT\",\"potentialAction\":[{\"@type\":\"ReadAction\",\"target\":[\"https:\\\/\\\/125algarveselfstorage.eu\\\/why-use-self-storage-containers\\\/moving-to-portugal-self-storage-while-you-settle-in\\\/\"]}]},{\"@type\":\"ImageObject\",\"inLanguage\":\"pt-PT\",\"@id\":\"https:\\\/\\\/125algarveselfstorage.eu\\\/why-use-self-storage-containers\\\/moving-to-portugal-self-storage-while-you-settle-in\\\/#primaryimage\",\"url\":\"https:\\\/\\\/125algarveselfstorage.eu\\\/wp-content\\\/uploads\\\/2025\\\/04\\\/Moving-to-Portugal-Self-Storage-While-you-Settle-In.jpg\",\"contentUrl\":\"https:\\\/\\\/125algarveselfstorage.eu\\\/wp-content\\\/uploads\\\/2025\\\/04\\\/Moving-to-Portugal-Self-Storage-While-you-Settle-In.jpg\"},{\"@type\":\"BreadcrumbList\",\"@id\":\"https:\\\/\\\/125algarveselfstorage.eu\\\/why-use-self-storage-containers\\\/moving-to-portugal-self-storage-while-you-settle-in\\\/#breadcrumb\",\"itemListElement\":[{\"@type\":\"ListItem\",\"position\":1,\"name\":\"Home\",\"item\":\"https:\\\/\\\/125algarveselfstorage.eu\\\/\"},{\"@type\":\"ListItem\",\"position\":2,\"name\":\"[:en]Why Use Self Storage Containers?[:pt]Porqu\u00ea usar contentores de autoarmazenamento?[:]\",\"item\":\"https:\\\/\\\/125algarveselfstorage.eu\\\/why-use-self-storage-containers\\\/\"},{\"@type\":\"ListItem\",\"position\":3,\"name\":\"Moving to Portugal &#8211; Self Storage While you Settle In\"}]},{\"@type\":\"WebSite\",\"@id\":\"https:\\\/\\\/125algarveselfstorage.eu\\\/#website\",\"url\":\"https:\\\/\\\/125algarveselfstorage.eu\\\/\",\"name\":\"125AlgarveSelfStorage.eu\",\"description\":\"[:en]Secure Self Storage Facility on the EN125 between Boliquieme and Almancil, Algarve.[:pt]Contentores de Autoarmazenamento Seguros, Loul\u00e9, Algarve, Portugal.[:]\",\"publisher\":{\"@id\":\"https:\\\/\\\/125algarveselfstorage.eu\\\/#organization\"},\"potentialAction\":[{\"@type\":\"SearchAction\",\"target\":{\"@type\":\"EntryPoint\",\"urlTemplate\":\"https:\\\/\\\/125algarveselfstorage.eu\\\/?s={search_term_string}\"},\"query-input\":{\"@type\":\"PropertyValueSpecification\",\"valueRequired\":true,\"valueName\":\"search_term_string\"}}],\"inLanguage\":\"pt-PT\"},{\"@type\":\"Organization\",\"@id\":\"https:\\\/\\\/125algarveselfstorage.eu\\\/#organization\",\"name\":\"125AlgarveSelfStorage.eu\",\"url\":\"https:\\\/\\\/125algarveselfstorage.eu\\\/\",\"logo\":{\"@type\":\"ImageObject\",\"inLanguage\":\"pt-PT\",\"@id\":\"https:\\\/\\\/125algarveselfstorage.eu\\\/#\\\/schema\\\/logo\\\/image\\\/\",\"url\":\"https:\\\/\\\/125algarveselfstorage.eu\\\/wp-content\\\/uploads\\\/2024\\\/10\\\/125-Algarve-Self-Storage-Logo-Small.png\",\"contentUrl\":\"https:\\\/\\\/125algarveselfstorage.eu\\\/wp-content\\\/uploads\\\/2024\\\/10\\\/125-Algarve-Self-Storage-Logo-Small.png\",\"width\":150,\"height\":150,\"caption\":\"125AlgarveSelfStorage.eu\"},\"image\":{\"@id\":\"https:\\\/\\\/125algarveselfstorage.eu\\\/#\\\/schema\\\/logo\\\/image\\\/\"}}]}<\/script>\n<!-- \/ Yoast SEO plugin. -->","yoast_head_json":{"title":"[:en]Moving to Portugal - Self Storage While you Settle In![:pt]Mudan\u00e7a para Portugal - Self Storage enquanto se instala![:]","description":"{:en}Moving to Portugal - Contact us today! WhatsApp +351 969 427 864 to discuss your temporary self-storage requirements.{:pt}Mudan\u00e7a para Portugal - Contacte-nos hoje mesmo! WhatsApp +351 969 427 864 para discutir as suas necessidades de auto-armazenamento tempor\u00e1rio.{:}","robots":{"index":"index","follow":"follow","max-snippet":"max-snippet:-1","max-image-preview":"max-image-preview:large","max-video-preview":"max-video-preview:-1"},"canonical":"https:\/\/125algarveselfstorage.eu\/why-use-self-storage-containers\/moving-to-portugal-self-storage-while-you-settle-in\/","og_locale":"pt_PT","og_type":"article","og_title":"[:en]Moving to Portugal - Self Storage While you Settle In![:pt]Mudan\u00e7a para Portugal - Self Storage enquanto se instala![:]","og_description":"{:en}Moving to Portugal - Contact us today! WhatsApp +351 969 427 864 to discuss your temporary self-storage requirements.{:pt}Mudan\u00e7a para Portugal - Contacte-nos hoje mesmo! WhatsApp +351 969 427 864 para discutir as suas necessidades de auto-armazenamento tempor\u00e1rio.{:}","og_url":"https:\/\/125algarveselfstorage.eu\/why-use-self-storage-containers\/moving-to-portugal-self-storage-while-you-settle-in\/","og_site_name":"125 Algarve Self Storage","article_modified_time":"2025-04-07T13:11:38+00:00","og_image":[{"width":1200,"height":630,"url":"https:\/\/125algarveselfstorage.eu\/wp-content\/uploads\/2025\/04\/Moving-to-Portugal-Self-Storage-While-you-Settle-In.jpg","type":"image\/jpeg"}],"twitter_card":"summary_large_image","twitter_misc":{"Tempo estimado de leitura":"2 minutos"},"schema":{"@context":"https:\/\/schema.org","@graph":[{"@type":"WebPage","@id":"https:\/\/125algarveselfstorage.eu\/why-use-self-storage-containers\/moving-to-portugal-self-storage-while-you-settle-in\/","url":"https:\/\/125algarveselfstorage.eu\/why-use-self-storage-containers\/moving-to-portugal-self-storage-while-you-settle-in\/","name":"[:en]Moving to Portugal - Self Storage While you Settle In![:pt]Mudan\u00e7a para Portugal - Self Storage enquanto se instala![:]","isPartOf":{"@id":"https:\/\/125algarveselfstorage.eu\/#website"},"primaryImageOfPage":{"@id":"https:\/\/125algarveselfstorage.eu\/why-use-self-storage-containers\/moving-to-portugal-self-storage-while-you-settle-in\/#primaryimage"},"image":{"@id":"https:\/\/125algarveselfstorage.eu\/why-use-self-storage-containers\/moving-to-portugal-self-storage-while-you-settle-in\/#primaryimage"},"thumbnailUrl":"https:\/\/125algarveselfstorage.eu\/wp-content\/uploads\/2025\/04\/Moving-to-Portugal-Self-Storage-While-you-Settle-In.jpg","datePublished":"2025-04-07T13:09:06+00:00","dateModified":"2025-04-07T13:11:38+00:00","description":"{:en}Moving to Portugal - Contact us today! WhatsApp +351 969 427 864 to discuss your temporary self-storage requirements.{:pt}Mudan\u00e7a para Portugal - Contacte-nos hoje mesmo! WhatsApp +351 969 427 864 para discutir as suas necessidades de auto-armazenamento tempor\u00e1rio.{:}","breadcrumb":{"@id":"https:\/\/125algarveselfstorage.eu\/why-use-self-storage-containers\/moving-to-portugal-self-storage-while-you-settle-in\/#breadcrumb"},"inLanguage":"pt-PT","potentialAction":[{"@type":"ReadAction","target":["https:\/\/125algarveselfstorage.eu\/why-use-self-storage-containers\/moving-to-portugal-self-storage-while-you-settle-in\/"]}]},{"@type":"ImageObject","inLanguage":"pt-PT","@id":"https:\/\/125algarveselfstorage.eu\/why-use-self-storage-containers\/moving-to-portugal-self-storage-while-you-settle-in\/#primaryimage","url":"https:\/\/125algarveselfstorage.eu\/wp-content\/uploads\/2025\/04\/Moving-to-Portugal-Self-Storage-While-you-Settle-In.jpg","contentUrl":"https:\/\/125algarveselfstorage.eu\/wp-content\/uploads\/2025\/04\/Moving-to-Portugal-Self-Storage-While-you-Settle-In.jpg"},{"@type":"BreadcrumbList","@id":"https:\/\/125algarveselfstorage.eu\/why-use-self-storage-containers\/moving-to-portugal-self-storage-while-you-settle-in\/#breadcrumb","itemListElement":[{"@type":"ListItem","position":1,"name":"Home","item":"https:\/\/125algarveselfstorage.eu\/"},{"@type":"ListItem","position":2,"name":"[:en]Why Use Self Storage Containers?[:pt]Porqu\u00ea usar contentores de autoarmazenamento?[:]","item":"https:\/\/125algarveselfstorage.eu\/why-use-self-storage-containers\/"},{"@type":"ListItem","position":3,"name":"Moving to Portugal &#8211; Self Storage While you Settle In"}]},{"@type":"WebSite","@id":"https:\/\/125algarveselfstorage.eu\/#website","url":"https:\/\/125algarveselfstorage.eu\/","name":"125AlgarveSelfStorage.eu","description":"[:en]Secure Self Storage Facility on the EN125 between Boliquieme and Almancil, Algarve.[:pt]Contentores de Autoarmazenamento Seguros, Loul\u00e9, Algarve, Portugal.[:]","publisher":{"@id":"https:\/\/125algarveselfstorage.eu\/#organization"},"potentialAction":[{"@type":"SearchAction","target":{"@type":"EntryPoint","urlTemplate":"https:\/\/125algarveselfstorage.eu\/?s={search_term_string}"},"query-input":{"@type":"PropertyValueSpecification","valueRequired":true,"valueName":"search_term_string"}}],"inLanguage":"pt-PT"},{"@type":"Organization","@id":"https:\/\/125algarveselfstorage.eu\/#organization","name":"125AlgarveSelfStorage.eu","url":"https:\/\/125algarveselfstorage.eu\/","logo":{"@type":"ImageObject","inLanguage":"pt-PT","@id":"https:\/\/125algarveselfstorage.eu\/#\/schema\/logo\/image\/","url":"https:\/\/125algarveselfstorage.eu\/wp-content\/uploads\/2024\/10\/125-Algarve-Self-Storage-Logo-Small.png","contentUrl":"https:\/\/125algarveselfstorage.eu\/wp-content\/uploads\/2024\/10\/125-Algarve-Self-Storage-Logo-Small.png","width":150,"height":150,"caption":"125AlgarveSelfStorage.eu"},"image":{"@id":"https:\/\/125algarveselfstorage.eu\/#\/schema\/logo\/image\/"}}]}},"jetpack_sharing_enabled":true,"_links":{"self":[{"href":"https:\/\/125algarveselfstorage.eu\/pt\/wp-json\/wp\/v2\/pages\/535","targetHints":{"allow":["GET"]}}],"collection":[{"href":"https:\/\/125algarveselfstorage.eu\/pt\/wp-json\/wp\/v2\/pages"}],"about":[{"href":"https:\/\/125algarveselfstorage.eu\/pt\/wp-json\/wp\/v2\/types\/page"}],"author":[{"embeddable":true,"href":"https:\/\/125algarveselfstorage.eu\/pt\/wp-json\/wp\/v2\/users\/1"}],"replies":[{"embeddable":true,"href":"https:\/\/125algarveselfstorage.eu\/pt\/wp-json\/wp\/v2\/comments?post=535"}],"version-history":[{"count":3,"href":"https:\/\/125algarveselfstorage.eu\/pt\/wp-json\/wp\/v2\/pages\/535\/revisions"}],"predecessor-version":[{"id":539,"href":"https:\/\/125algarveselfstorage.eu\/pt\/wp-json\/wp\/v2\/pages\/535\/revisions\/539"}],"up":[{"embeddable":true,"href":"https:\/\/125algarveselfstorage.eu\/pt\/wp-json\/wp\/v2\/pages\/174"}],"wp:attachment":[{"href":"https:\/\/125algarveselfstorage.eu\/pt\/wp-json\/wp\/v2\/media?parent=535"}],"curies":[{"name":"wp","href":"https:\/\/api.w.org\/{rel}","templated":true}]}}