{"id":475,"date":"2024-12-23T12:32:45","date_gmt":"2024-12-23T12:32:45","guid":{"rendered":"https:\/\/125algarveselfstorage.eu\/?page_id=475"},"modified":"2025-01-15T15:11:00","modified_gmt":"2025-01-15T15:11:00","slug":"self-storage-prices","status":"publish","type":"page","link":"https:\/\/125algarveselfstorage.eu\/pt\/precos-de-auto-armazenamento\/","title":{"rendered":"Pre\u00e7os de auto-armazenamento"},"content":{"rendered":"<p><strong>Pre\u00e7os de auto-armazenamento. Os nossos pre\u00e7os s\u00e3o sempre baseados nas necessidades espec\u00edficas dos nossos clientes, pelo que solicitar um or\u00e7amento \u00e9 sempre a melhor ideia. Dito isto, temos o prazer de listar aqui os nossos pre\u00e7os de self storage. Lembre-se&#8230; teremos todo o gosto em conversar consigo atrav\u00e9s do (WhatsApp) +351 969 427 864 sobre as suas necessidades espec\u00edficas de auto-armazenamento.<\/strong><\/p>\n<figure id=\"attachment_517\" aria-describedby=\"caption-attachment-517\" style=\"width: 1200px\" class=\"wp-caption alignnone\"><img loading=\"lazy\" decoding=\"async\" class=\"size-full wp-image-517\" src=\"https:\/\/125algarveselfstorage.eu\/wp-content\/uploads\/2025\/01\/Self-Storage-Prices.jpg\" alt=\"Pre\u00e7os de Self Storage\" width=\"1200\" height=\"630\" srcset=\"https:\/\/125algarveselfstorage.eu\/wp-content\/uploads\/2025\/01\/Self-Storage-Prices.jpg 1200w, https:\/\/125algarveselfstorage.eu\/wp-content\/uploads\/2025\/01\/Self-Storage-Prices-300x158.jpg 300w, https:\/\/125algarveselfstorage.eu\/wp-content\/uploads\/2025\/01\/Self-Storage-Prices-1024x538.jpg 1024w, https:\/\/125algarveselfstorage.eu\/wp-content\/uploads\/2025\/01\/Self-Storage-Prices-768x403.jpg 768w\" sizes=\"auto, (max-width: 1200px) 100vw, 1200px\" \/><figcaption id=\"caption-attachment-517\" class=\"wp-caption-text\">Pre\u00e7os de Self Storage<\/figcaption><\/figure>\n<div class=\"responsive-tabs\">\n<h2 class=\"tabtitle\">Pre\u00e7os de Self Storage<\/h2>\n<div class=\"tabcontent\">\n\n<h2>Pre\u00e7os de Self Storage<\/h2>\n<p>Na 125AlgarveSelfStorage.eu, acreditamos em pre\u00e7os transparentes e justos. Entendemos que cada necessidade de armazenamento \u00e9 \u00fanica. \u00c9 por isso que oferecemos or\u00e7amentos personalizados, adaptados \u00e0s suas necessidades espec\u00edficas. Solicitar um or\u00e7amento de armazenamento connosco \u00e9 r\u00e1pido e f\u00e1cil. Pode obter um or\u00e7amento de v\u00e1rias formas:<\/p>\n<ul>\n<li><strong>Formul\u00e1rio online:<\/strong> visite o nosso website e preencha o nosso formul\u00e1rio simples de pedido de or\u00e7amento. Forne\u00e7a detalhes b\u00e1sicos sobre as suas necessidades de armazenamento. Entraremos em contacto consigo prontamente com um or\u00e7amento personalizado.<\/li>\n<li><strong>Telefone\/WhatsApp:<\/strong> Ligue-nos diretamente para discutir as suas necessidades de armazenamento. A nossa simp\u00e1tica equipa ir\u00e1 gui\u00e1-lo durante o processo e fornecer-lhe um or\u00e7amento instant\u00e2neo.<\/li>\n<li><strong>Presencial:<\/strong> Visite as nossas instala\u00e7\u00f5es em Loul\u00e9. A nossa equipa mostrar-lhe-\u00e1 o local e oferecer\u00e1 um or\u00e7amento com base nas suas necessidades.<\/li>\n<\/ul>\n<h3>Unidades contentorizadas (acesso durante todo o dia)<\/h3>\n<p>Unidade de 6m comporta 33m\u00b3<br \/>\n220,00 \u20ac por m\u00eas<\/p>\n<h3>Unidades interiores (acesso limitado, mediante agendamento)<\/h3>\n<p>15m\u00b3, 125,00 \u20ac mensais<br \/>\n7,5m\u00b3, 75,00\u20ac mensais<\/p>\n<h3>Tamb\u00e9m dispon\u00edvel<\/h3>\n<p>Armazenamento de paletes a partir de 20,00\u20ac mensais por m\u00b3<\/p>\n\n<\/div><h2 class=\"tabtitle\">Solu\u00e7\u00e3o de Self Storage Segura no Algarve<\/h2>\n<div class=\"tabcontent\">\n\n<h2>Algarve Self Storage<\/h2>\n<p>Algarve Self Storage \u2013 Quer seja um residente de longa data, um visitante sazonal ou um empres\u00e1rio que precisa de espa\u00e7o extra, a 125 Algarve Self Storage tem a solu\u00e7\u00e3o perfeita para si.<\/p>\n<h3>Recipientes de autoarmazenamento<\/h3>\n<p>Contentores de autoarmazenamento \u2013 No mundo acelerado de hoje, o espa\u00e7o \u00e9 um luxo. N\u00e3o importa se est\u00e1 a reduzir o tamanho, a mudar, a renovar ou simplesmente a precisar de armazenamento extra, os contentores de autoarmazenamento oferecem uma solu\u00e7\u00e3o vers\u00e1til.<\/p>\n<h3>Armaz\u00e9m de armazenamento<\/h3>\n<p>Armaz\u00e9m de armazenagem, Loul\u00e9, Portugal. Procura armazenamento seguro em armaz\u00e9m no Algarve? Na 125 Algarve Self Storage em Loul\u00e9, oferecemos a solu\u00e7\u00e3o perfeita para as necessidades de armazenamento pessoais e empresariais, oferecendo espa\u00e7o flex\u00edvel nas nossas instala\u00e7\u00f5es modernas e especialmente constru\u00eddas.<\/p>\n<h3>Seguran\u00e7a, Flexibilidade, Acessibilidade<\/h3>\n<p>No 125 Algarve Self Storage em Loul\u00e9, privilegiamos a seguran\u00e7a, a flexibilidade e a acessibilidade. As nossas instala\u00e7\u00f5es est\u00e3o equipadas com vigil\u00e2ncia 24 horas por dia, 7 dias por semana e controlos de acesso seguros, garantindo a seguran\u00e7a dos seus pertences. Oferecemos condi\u00e7\u00f5es de aluguer flex\u00edveis para satisfazer as necessidades de curto e longo prazo, permitindo-lhe ajustar o seu plano de armazenamento conforme necess\u00e1rio. Al\u00e9m disso, os nossos pre\u00e7os competitivos significam que obt\u00e9m solu\u00e7\u00f5es de armazenamento de alta qualidade sem gastar muito!<\/p>\n<h3>Porqu\u00ea usar contentores de autoarmazenamento?<\/h3>\n<p>Os contentores de autoarmazenamento oferecem uma solu\u00e7\u00e3o vers\u00e1til e conveniente para as necessidades de armazenamento pessoal e empresarial. Estas unidades seguras oferecem uma forma flex\u00edvel de gerir restri\u00e7\u00f5es de espa\u00e7o, seja para organizar a sua casa, armazenar stock comercial ou proteger artigos valiosos.<\/p>\n<h3>Mudan\u00e7a de casa, armazenamento tempor\u00e1rio<\/h3>\n<p>Mudar de casa \u00e9 um acontecimento significativo que traz consigo, muitas vezes, uma boa dose de desafios. O armazenamento tempor\u00e1rio pode ser um salva-vidas em situa\u00e7\u00f5es em que as datas de mudan\u00e7a e de sa\u00edda n\u00e3o coincidem.<\/p>\n<h3>Redu\u00e7\u00e3o de tamanho para a reforma<\/h3>\n<p>O nosso objetivo \u00e9 fornecer as solu\u00e7\u00f5es de armazenamento e o suporte necess\u00e1rios para tornar este processo o mais tranquilo e suave poss\u00edvel, com as nossas op\u00e7\u00f5es de armazenamento seguras, flex\u00edveis e acess\u00edveis.<\/p>\n<h3>Self Storage para empresas<\/h3>\n<p>O auto-armazenamento \u00e9 mais do que apenas espa\u00e7o extra; \u00e9 uma solu\u00e7\u00e3o empresarial inteligente. Na 125 Algarve Self Storage, estamos empenhados em ajudar o seu neg\u00f3cio a ter sucesso.<\/p>\n<h3>Destralhe e Recupere a sua Casa<\/h3>\n<p>Destralhe e recupere a sua casa. Estamos empenhados em ajud\u00e1-lo a criar uma casa organizada e sem sujidade com solu\u00e7\u00f5es de autoarmazenamento flex\u00edveis e acess\u00edveis.<\/p>\n<p><\/div><\/div><\/p>","protected":false},"excerpt":{"rendered":"<p class=\"qtranxs-available-languages-message qtranxs-available-languages-message-pt\">Desculpe, este conte\u00fado s\u00f3 est\u00e1 dispon\u00edvel em <a href=\"https:\/\/125algarveselfstorage.eu\/en\/wp-json\/wp\/v2\/pages\/475\" class=\"qtranxs-available-language-link qtranxs-available-language-link-en\" title=\"English\">English<\/a>.<\/p>\n","protected":false},"author":1,"featured_media":0,"parent":0,"menu_order":2,"comment_status":"closed","ping_status":"closed","template":"","meta":{"footnotes":""},"class_list":["post-475","page","type-page","status-publish","hentry"],"yoast_head":"<!-- This site is optimized with the Yoast SEO plugin v27.5 - https:\/\/yoast.com\/product\/yoast-seo-wordpress\/ -->\n<title>Pre\u00e7os de auto-armazenamento. Temos os melhores pre\u00e7os no Algarve.<\/title>\n<meta name=\"description\" content=\"{:en}Self Storage Prices.\u00a0 Our prices are always based on our clients&#039; particular requirements, so requesting a quote is always the best idea.{:pt}Pre\u00e7os de auto-armazenamento. Os nossos pre\u00e7os s\u00e3o sempre baseados nas necessidades espec\u00edficas dos nossos clientes, pelo que solicitar um or\u00e7amento \u00e9 sempre a melhor ideia.{:}\" \/>\n<meta name=\"robots\" content=\"index, follow, max-snippet:-1, max-image-preview:large, max-video-preview:-1\" \/>\n<link rel=\"canonical\" href=\"https:\/\/125algarveselfstorage.eu\/self-storage-prices\/\" \/>\n<meta property=\"og:locale\" content=\"pt_PT\" \/>\n<meta property=\"og:type\" content=\"article\" \/>\n<meta property=\"og:title\" content=\"[:en]Self Storage Prices.\u00a0 We Have the Best Prices on The Algarve.[:pt]Pre\u00e7os de auto-armazenamento. Temos os melhores pre\u00e7os no Algarve.[:]\" \/>\n<meta property=\"og:description\" content=\"{:en}Self Storage Prices.\u00a0 Our prices are always based on our clients&#039; particular requirements, so requesting a quote is always the best idea.{:pt}Pre\u00e7os de auto-armazenamento. Os nossos pre\u00e7os s\u00e3o sempre baseados nas necessidades espec\u00edficas dos nossos clientes, pelo que solicitar um or\u00e7amento \u00e9 sempre a melhor ideia.{:}\" \/>\n<meta property=\"og:url\" content=\"https:\/\/125algarveselfstorage.eu\/self-storage-prices\/\" \/>\n<meta property=\"og:site_name\" content=\"125 Algarve Self Storage\" \/>\n<meta property=\"article:modified_time\" content=\"2025-01-15T15:11:00+00:00\" \/>\n<meta property=\"og:image\" content=\"https:\/\/125algarveselfstorage.eu\/wp-content\/uploads\/2025\/01\/Self-Storage-Prices.jpg\" \/>\n\t<meta property=\"og:image:width\" content=\"1200\" \/>\n\t<meta property=\"og:image:height\" content=\"630\" \/>\n\t<meta property=\"og:image:type\" content=\"image\/jpeg\" \/>\n<meta name=\"twitter:card\" content=\"summary_large_image\" \/>\n<meta name=\"twitter:label1\" content=\"Tempo estimado de leitura\" \/>\n\t<meta name=\"twitter:data1\" content=\"4 minutos\" \/>\n<script type=\"application\/ld+json\" class=\"yoast-schema-graph\">{\"@context\":\"https:\\\/\\\/schema.org\",\"@graph\":[{\"@type\":\"WebPage\",\"@id\":\"https:\\\/\\\/125algarveselfstorage.eu\\\/self-storage-prices\\\/\",\"url\":\"https:\\\/\\\/125algarveselfstorage.eu\\\/self-storage-prices\\\/\",\"name\":\"[:en]Self Storage Prices.\u00a0 We Have the Best Prices on The Algarve.[:pt]Pre\u00e7os de auto-armazenamento. Temos os melhores pre\u00e7os no Algarve.[:]\",\"isPartOf\":{\"@id\":\"https:\\\/\\\/125algarveselfstorage.eu\\\/#website\"},\"primaryImageOfPage\":{\"@id\":\"https:\\\/\\\/125algarveselfstorage.eu\\\/self-storage-prices\\\/#primaryimage\"},\"image\":{\"@id\":\"https:\\\/\\\/125algarveselfstorage.eu\\\/self-storage-prices\\\/#primaryimage\"},\"thumbnailUrl\":\"https:\\\/\\\/125algarveselfstorage.eu\\\/wp-content\\\/uploads\\\/2025\\\/01\\\/Self-Storage-Prices.jpg\",\"datePublished\":\"2024-12-23T12:32:45+00:00\",\"dateModified\":\"2025-01-15T15:11:00+00:00\",\"description\":\"{:en}Self Storage Prices.\u00a0 Our prices are always based on our clients' particular requirements, so requesting a quote is always the best idea.{:pt}Pre\u00e7os de auto-armazenamento. Os nossos pre\u00e7os s\u00e3o sempre baseados nas necessidades espec\u00edficas dos nossos clientes, pelo que solicitar um or\u00e7amento \u00e9 sempre a melhor ideia.{:}\",\"breadcrumb\":{\"@id\":\"https:\\\/\\\/125algarveselfstorage.eu\\\/self-storage-prices\\\/#breadcrumb\"},\"inLanguage\":\"pt-PT\",\"potentialAction\":[{\"@type\":\"ReadAction\",\"target\":[\"https:\\\/\\\/125algarveselfstorage.eu\\\/self-storage-prices\\\/\"]}]},{\"@type\":\"ImageObject\",\"inLanguage\":\"pt-PT\",\"@id\":\"https:\\\/\\\/125algarveselfstorage.eu\\\/self-storage-prices\\\/#primaryimage\",\"url\":\"https:\\\/\\\/125algarveselfstorage.eu\\\/wp-content\\\/uploads\\\/2025\\\/01\\\/Self-Storage-Prices.jpg\",\"contentUrl\":\"https:\\\/\\\/125algarveselfstorage.eu\\\/wp-content\\\/uploads\\\/2025\\\/01\\\/Self-Storage-Prices.jpg\"},{\"@type\":\"BreadcrumbList\",\"@id\":\"https:\\\/\\\/125algarveselfstorage.eu\\\/self-storage-prices\\\/#breadcrumb\",\"itemListElement\":[{\"@type\":\"ListItem\",\"position\":1,\"name\":\"Home\",\"item\":\"https:\\\/\\\/125algarveselfstorage.eu\\\/\"},{\"@type\":\"ListItem\",\"position\":2,\"name\":\"Self Storage Prices\"}]},{\"@type\":\"WebSite\",\"@id\":\"https:\\\/\\\/125algarveselfstorage.eu\\\/#website\",\"url\":\"https:\\\/\\\/125algarveselfstorage.eu\\\/\",\"name\":\"125AlgarveSelfStorage.eu\",\"description\":\"[:en]Secure Self Storage Facility on the EN125 between Boliquieme and Almancil, Algarve.[:pt]Contentores de Autoarmazenamento Seguros, Loul\u00e9, Algarve, Portugal.[:]\",\"publisher\":{\"@id\":\"https:\\\/\\\/125algarveselfstorage.eu\\\/#organization\"},\"potentialAction\":[{\"@type\":\"SearchAction\",\"target\":{\"@type\":\"EntryPoint\",\"urlTemplate\":\"https:\\\/\\\/125algarveselfstorage.eu\\\/?s={search_term_string}\"},\"query-input\":{\"@type\":\"PropertyValueSpecification\",\"valueRequired\":true,\"valueName\":\"search_term_string\"}}],\"inLanguage\":\"pt-PT\"},{\"@type\":\"Organization\",\"@id\":\"https:\\\/\\\/125algarveselfstorage.eu\\\/#organization\",\"name\":\"125AlgarveSelfStorage.eu\",\"url\":\"https:\\\/\\\/125algarveselfstorage.eu\\\/\",\"logo\":{\"@type\":\"ImageObject\",\"inLanguage\":\"pt-PT\",\"@id\":\"https:\\\/\\\/125algarveselfstorage.eu\\\/#\\\/schema\\\/logo\\\/image\\\/\",\"url\":\"https:\\\/\\\/125algarveselfstorage.eu\\\/wp-content\\\/uploads\\\/2024\\\/10\\\/125-Algarve-Self-Storage-Logo-Small.png\",\"contentUrl\":\"https:\\\/\\\/125algarveselfstorage.eu\\\/wp-content\\\/uploads\\\/2024\\\/10\\\/125-Algarve-Self-Storage-Logo-Small.png\",\"width\":150,\"height\":150,\"caption\":\"125AlgarveSelfStorage.eu\"},\"image\":{\"@id\":\"https:\\\/\\\/125algarveselfstorage.eu\\\/#\\\/schema\\\/logo\\\/image\\\/\"}}]}<\/script>\n<!-- \/ Yoast SEO plugin. -->","yoast_head_json":{"title":"[:en]Self Storage Prices.\u00a0 We Have the Best Prices on The Algarve.[:pt]Pre\u00e7os de auto-armazenamento. Temos os melhores pre\u00e7os no Algarve.[:]","description":"{:en}Self Storage Prices.\u00a0 Our prices are always based on our clients' particular requirements, so requesting a quote is always the best idea.{:pt}Pre\u00e7os de auto-armazenamento. Os nossos pre\u00e7os s\u00e3o sempre baseados nas necessidades espec\u00edficas dos nossos clientes, pelo que solicitar um or\u00e7amento \u00e9 sempre a melhor ideia.{:}","robots":{"index":"index","follow":"follow","max-snippet":"max-snippet:-1","max-image-preview":"max-image-preview:large","max-video-preview":"max-video-preview:-1"},"canonical":"https:\/\/125algarveselfstorage.eu\/self-storage-prices\/","og_locale":"pt_PT","og_type":"article","og_title":"[:en]Self Storage Prices.\u00a0 We Have the Best Prices on The Algarve.[:pt]Pre\u00e7os de auto-armazenamento. Temos os melhores pre\u00e7os no Algarve.[:]","og_description":"{:en}Self Storage Prices.\u00a0 Our prices are always based on our clients' particular requirements, so requesting a quote is always the best idea.{:pt}Pre\u00e7os de auto-armazenamento. Os nossos pre\u00e7os s\u00e3o sempre baseados nas necessidades espec\u00edficas dos nossos clientes, pelo que solicitar um or\u00e7amento \u00e9 sempre a melhor ideia.{:}","og_url":"https:\/\/125algarveselfstorage.eu\/self-storage-prices\/","og_site_name":"125 Algarve Self Storage","article_modified_time":"2025-01-15T15:11:00+00:00","og_image":[{"width":1200,"height":630,"url":"https:\/\/125algarveselfstorage.eu\/wp-content\/uploads\/2025\/01\/Self-Storage-Prices.jpg","type":"image\/jpeg"}],"twitter_card":"summary_large_image","twitter_misc":{"Tempo estimado de leitura":"4 minutos"},"schema":{"@context":"https:\/\/schema.org","@graph":[{"@type":"WebPage","@id":"https:\/\/125algarveselfstorage.eu\/self-storage-prices\/","url":"https:\/\/125algarveselfstorage.eu\/self-storage-prices\/","name":"[:en]Self Storage Prices.\u00a0 We Have the Best Prices on The Algarve.[:pt]Pre\u00e7os de auto-armazenamento. Temos os melhores pre\u00e7os no Algarve.[:]","isPartOf":{"@id":"https:\/\/125algarveselfstorage.eu\/#website"},"primaryImageOfPage":{"@id":"https:\/\/125algarveselfstorage.eu\/self-storage-prices\/#primaryimage"},"image":{"@id":"https:\/\/125algarveselfstorage.eu\/self-storage-prices\/#primaryimage"},"thumbnailUrl":"https:\/\/125algarveselfstorage.eu\/wp-content\/uploads\/2025\/01\/Self-Storage-Prices.jpg","datePublished":"2024-12-23T12:32:45+00:00","dateModified":"2025-01-15T15:11:00+00:00","description":"{:en}Self Storage Prices.\u00a0 Our prices are always based on our clients' particular requirements, so requesting a quote is always the best idea.{:pt}Pre\u00e7os de auto-armazenamento. Os nossos pre\u00e7os s\u00e3o sempre baseados nas necessidades espec\u00edficas dos nossos clientes, pelo que solicitar um or\u00e7amento \u00e9 sempre a melhor ideia.{:}","breadcrumb":{"@id":"https:\/\/125algarveselfstorage.eu\/self-storage-prices\/#breadcrumb"},"inLanguage":"pt-PT","potentialAction":[{"@type":"ReadAction","target":["https:\/\/125algarveselfstorage.eu\/self-storage-prices\/"]}]},{"@type":"ImageObject","inLanguage":"pt-PT","@id":"https:\/\/125algarveselfstorage.eu\/self-storage-prices\/#primaryimage","url":"https:\/\/125algarveselfstorage.eu\/wp-content\/uploads\/2025\/01\/Self-Storage-Prices.jpg","contentUrl":"https:\/\/125algarveselfstorage.eu\/wp-content\/uploads\/2025\/01\/Self-Storage-Prices.jpg"},{"@type":"BreadcrumbList","@id":"https:\/\/125algarveselfstorage.eu\/self-storage-prices\/#breadcrumb","itemListElement":[{"@type":"ListItem","position":1,"name":"Home","item":"https:\/\/125algarveselfstorage.eu\/"},{"@type":"ListItem","position":2,"name":"Self Storage Prices"}]},{"@type":"WebSite","@id":"https:\/\/125algarveselfstorage.eu\/#website","url":"https:\/\/125algarveselfstorage.eu\/","name":"125AlgarveSelfStorage.eu","description":"[:en]Secure Self Storage Facility on the EN125 between Boliquieme and Almancil, Algarve.[:pt]Contentores de Autoarmazenamento Seguros, Loul\u00e9, Algarve, Portugal.[:]","publisher":{"@id":"https:\/\/125algarveselfstorage.eu\/#organization"},"potentialAction":[{"@type":"SearchAction","target":{"@type":"EntryPoint","urlTemplate":"https:\/\/125algarveselfstorage.eu\/?s={search_term_string}"},"query-input":{"@type":"PropertyValueSpecification","valueRequired":true,"valueName":"search_term_string"}}],"inLanguage":"pt-PT"},{"@type":"Organization","@id":"https:\/\/125algarveselfstorage.eu\/#organization","name":"125AlgarveSelfStorage.eu","url":"https:\/\/125algarveselfstorage.eu\/","logo":{"@type":"ImageObject","inLanguage":"pt-PT","@id":"https:\/\/125algarveselfstorage.eu\/#\/schema\/logo\/image\/","url":"https:\/\/125algarveselfstorage.eu\/wp-content\/uploads\/2024\/10\/125-Algarve-Self-Storage-Logo-Small.png","contentUrl":"https:\/\/125algarveselfstorage.eu\/wp-content\/uploads\/2024\/10\/125-Algarve-Self-Storage-Logo-Small.png","width":150,"height":150,"caption":"125AlgarveSelfStorage.eu"},"image":{"@id":"https:\/\/125algarveselfstorage.eu\/#\/schema\/logo\/image\/"}}]}},"jetpack_sharing_enabled":true,"_links":{"self":[{"href":"https:\/\/125algarveselfstorage.eu\/pt\/wp-json\/wp\/v2\/pages\/475","targetHints":{"allow":["GET"]}}],"collection":[{"href":"https:\/\/125algarveselfstorage.eu\/pt\/wp-json\/wp\/v2\/pages"}],"about":[{"href":"https:\/\/125algarveselfstorage.eu\/pt\/wp-json\/wp\/v2\/types\/page"}],"author":[{"embeddable":true,"href":"https:\/\/125algarveselfstorage.eu\/pt\/wp-json\/wp\/v2\/users\/1"}],"replies":[{"embeddable":true,"href":"https:\/\/125algarveselfstorage.eu\/pt\/wp-json\/wp\/v2\/comments?post=475"}],"version-history":[{"count":4,"href":"https:\/\/125algarveselfstorage.eu\/pt\/wp-json\/wp\/v2\/pages\/475\/revisions"}],"predecessor-version":[{"id":519,"href":"https:\/\/125algarveselfstorage.eu\/pt\/wp-json\/wp\/v2\/pages\/475\/revisions\/519"}],"wp:attachment":[{"href":"https:\/\/125algarveselfstorage.eu\/pt\/wp-json\/wp\/v2\/media?parent=475"}],"curies":[{"name":"wp","href":"https:\/\/api.w.org\/{rel}","templated":true}]}}