{"id":393,"date":"2024-10-31T18:12:14","date_gmt":"2024-10-31T18:12:14","guid":{"rendered":"https:\/\/125algarveselfstorage.eu\/?page_id=393"},"modified":"2025-01-15T12:15:45","modified_gmt":"2025-01-15T12:15:45","slug":"warehouse-storage","status":"publish","type":"page","link":"https:\/\/125algarveselfstorage.eu\/pt\/armazem-de-armazenamento\/","title":{"rendered":"Armaz\u00e9m de armazenamento"},"content":{"rendered":"<p><strong>Armaz\u00e9m de armazenagem, Loul\u00e9, Portugal. Procura armazenamento interno e seguro no Algarve? Na 125 Algarve Self Storage em Loul\u00e9, oferecemos a solu\u00e7\u00e3o perfeita para as necessidades de armazenamento pessoais e empresariais, oferecendo espa\u00e7o flex\u00edvel nas nossas instala\u00e7\u00f5es modernas e especialmente constru\u00eddas.<\/strong><\/p>\n<figure id=\"attachment_488\" aria-describedby=\"caption-attachment-488\" style=\"width: 1200px\" class=\"wp-caption alignnone\"><img loading=\"lazy\" decoding=\"async\" class=\"size-full wp-image-488\" src=\"https:\/\/125algarveselfstorage.eu\/wp-content\/uploads\/2025\/01\/Warehouse-Storage-Loule-Algarve-Secure-Flexible-and-Affordable-Warehouse-Storage-Solutions.jpg\" alt=\"Warehouse Storage, Loul\u00e9, Algarve - Secure, Flexible and Affordable Warehouse Storage Solutions\" width=\"1200\" height=\"630\" srcset=\"https:\/\/125algarveselfstorage.eu\/wp-content\/uploads\/2025\/01\/Warehouse-Storage-Loule-Algarve-Secure-Flexible-and-Affordable-Warehouse-Storage-Solutions.jpg 1200w, https:\/\/125algarveselfstorage.eu\/wp-content\/uploads\/2025\/01\/Warehouse-Storage-Loule-Algarve-Secure-Flexible-and-Affordable-Warehouse-Storage-Solutions-300x158.jpg 300w, https:\/\/125algarveselfstorage.eu\/wp-content\/uploads\/2025\/01\/Warehouse-Storage-Loule-Algarve-Secure-Flexible-and-Affordable-Warehouse-Storage-Solutions-1024x538.jpg 1024w, https:\/\/125algarveselfstorage.eu\/wp-content\/uploads\/2025\/01\/Warehouse-Storage-Loule-Algarve-Secure-Flexible-and-Affordable-Warehouse-Storage-Solutions-768x403.jpg 768w\" sizes=\"auto, (max-width: 1200px) 100vw, 1200px\" \/><figcaption id=\"caption-attachment-488\" class=\"wp-caption-text\">Warehouse Storage, Loul\u00e9, Algarve &#8211; Secure, Flexible and Affordable Warehouse Storage Solutions<\/figcaption><\/figure>\n<div class=\"responsive-tabs\">\n<h2 class=\"tabtitle\">Armaz\u00e9m de armazenamento<\/h2>\n<div class=\"tabcontent\">\n\n<h2>Armaz\u00e9m de armazenagem seguro, Loul\u00e9, Algarve, Portugal<\/h2>\n\n<div class=\"wpcf7 no-js\" id=\"wpcf7-f78-o2\" lang=\"en-US\" dir=\"ltr\" data-wpcf7-id=\"78\">\n<div class=\"screen-reader-response\"><p role=\"status\" aria-live=\"polite\" aria-atomic=\"true\"><\/p> <ul><\/ul><\/div>\n<form action=\"\/pt\/wp-json\/wp\/v2\/pages\/393#wpcf7-f78-o2\" method=\"post\" class=\"wpcf7-form init\" aria-label=\"Contact form\" novalidate=\"novalidate\" data-status=\"init\">\n<fieldset class=\"hidden-fields-container\"><input type=\"hidden\" name=\"_wpcf7\" value=\"78\" \/><input type=\"hidden\" name=\"_wpcf7_version\" value=\"6.1.5\" \/><input type=\"hidden\" name=\"_wpcf7_locale\" value=\"en_US\" \/><input type=\"hidden\" name=\"_wpcf7_unit_tag\" value=\"wpcf7-f78-o2\" \/><input type=\"hidden\" name=\"_wpcf7_container_post\" value=\"0\" \/><input type=\"hidden\" name=\"_wpcf7_posted_data_hash\" value=\"\" \/>\n<\/fieldset>\n<div id=\"quoteform\">\n\t<p><span class=\"wpcf7-form-control-wrap\" data-name=\"qname\"><input size=\"40\" maxlength=\"400\" class=\"wpcf7-form-control wpcf7-text wpcf7-validates-as-required qf\" aria-required=\"true\" aria-invalid=\"false\" placeholder=\"O seu nome...\" value=\"\" type=\"text\" name=\"qname\" \/><\/span><span class=\"wpcf7-form-control-wrap\" data-name=\"qemail\"><input size=\"40\" maxlength=\"400\" class=\"wpcf7-form-control wpcf7-email wpcf7-validates-as-required wpcf7-text wpcf7-validates-as-email qf\" aria-required=\"true\" aria-invalid=\"false\" placeholder=\"O seu endere\u00e7o de email...\" value=\"\" type=\"email\" name=\"qemail\" \/><\/span><span class=\"wpcf7-form-control-wrap\" data-name=\"qphone\"><input size=\"40\" maxlength=\"400\" class=\"wpcf7-form-control wpcf7-tel wpcf7-text wpcf7-validates-as-tel qf\" aria-invalid=\"false\" placeholder=\"O seu &#039;n\u00famero de telefone (opcional)\" value=\"\" type=\"tel\" name=\"qphone\" \/><\/span><span class=\"wpcf7-form-control-wrap\" data-name=\"qmessage\"><textarea cols=\"40\" rows=\"10\" maxlength=\"2000\" class=\"wpcf7-form-control wpcf7-textarea qf\" aria-invalid=\"false\" placeholder=\"conte-nos um pouco sobre as suas necessidades de armazenamento\" name=\"qmessage\"><\/textarea><\/span><span class=\"wpcf7-form-control-wrap\" data-name=\"quiz-294\"><label><span class=\"wpcf7-quiz-label\">To stop the spammers, please tell us which number is larger, 3 or 8.<\/span> <input size=\"40\" class=\"wpcf7-form-control wpcf7-quiz qf\" autocomplete=\"off\" aria-required=\"true\" aria-invalid=\"false\" type=\"text\" name=\"quiz-294\" \/><\/label><input type=\"hidden\" name=\"_wpcf7_quiz_answer_quiz-294\" value=\"935b3453fb5f2e70f7709ed2925160b3\" \/><\/span>\n\t<div class=\"wpcf7-response-output\" aria-hidden=\"true\"><\/div><input class=\"wpcf7-form-control wpcf7-submit has-spinner qf\" type=\"submit\" value=\"Clique para obter a sua cota\u00e7\u00e3o!\" \/>\n\t<\/p>\n<\/div>\n<\/form>\n<\/div>\n\n<p>As nossas unidades de armazenamento em armaz\u00e9m oferecem o m\u00e1ximo em seguran\u00e7a e prote\u00e7\u00e3o para os seus pertences. Localizada numa instala\u00e7\u00e3o totalmente monitorizada, cada \u00e1rea de armazenamento beneficia de vigil\u00e2ncia CCTV 24 horas por dia, 7 dias por semana, e de modernos sistemas de seguran\u00e7a. O ambiente seguro garante que os seus artigos permanecem em perfeitas condi\u00e7\u00f5es, enquanto os nossos espa\u00e7os limpos, secos e bem conservados oferecem f\u00e1cil acesso ao n\u00edvel do solo. Orgulhamo-nos de oferecer condi\u00e7\u00f5es de armazenamento flex\u00edveis para atender \u00e0s suas necessidades.<\/p>\n<p>Compreendemos que as necessidades de armazenamento podem variar, por isso oferecemos op\u00e7\u00f5es de aluguer de curto e longo prazo a pre\u00e7os competitivos. N\u00e3o \u00e9 necess\u00e1rio nenhum compromisso a longo prazo e oferecemos op\u00e7\u00f5es f\u00e1ceis de pagamento mensal. Com v\u00e1rias op\u00e7\u00f5es de tamanho dispon\u00edveis, podemos acomodar qualquer necessidade de armazenamento, grande ou pequena.<\/p>\n<p>Contacte-nos hoje mesmo para discutir as suas necessidades de armazenamento ou para agendar uma visita \u00e0s nossas modernas instala\u00e7\u00f5es em Loul\u00e9. A nossa equipa experiente est\u00e1 pronta para o ajudar a encontrar a solu\u00e7\u00e3o de armazenamento perfeita para as suas necessidades.<\/p>\n\n<\/div><h2 class=\"tabtitle\">Armazenamento interno seguro, Loul\u00e9, Algarve<\/h2>\n<div class=\"tabcontent\">\n\n<h2>Unidades de armazenamento em armaz\u00e9m. Armazenamento seguro em Loul\u00e9, Algarve, Portugal<\/h2>\n<p><strong>Quer seja um empres\u00e1rio que precisa de espa\u00e7o extra para stock ou um propriet\u00e1rio que precisa de armazenamento a longo prazo, as nossas solu\u00e7\u00f5es de armaz\u00e9m podem satisfazer todas as suas necessidades. Desde invent\u00e1rio e equipamento comercial a documentos de arquivo, mobili\u00e1rio e utens\u00edlios dom\u00e9sticos, stock sazonal, equipamento desportivo ou at\u00e9 mesmo ve\u00edculos e barcos, temos o espa\u00e7o perfeito para si.<\/strong><\/p>\n<p>Situadas em Loul\u00e9, as nossas instala\u00e7\u00f5es s\u00e3o facilmente acess\u00edveis a partir de todas as zonas do Algarve. Oferecemos \u00e1reas de carga ao n\u00edvel do solo com amplo estacionamento e portas de acesso largas. O equipamento de carregamento est\u00e1 dispon\u00edvel no local, e a nossa equipa profissional est\u00e1 sempre pronta para o ajudar com as suas necessidades de armazenamento.<\/p>\n<h2 class=\"text-xl font-bold text-text-200 mt-1 -mb-0.5\">Solu\u00e7\u00f5es de armazenamento interno seguro<\/h2>\n<p class=\"whitespace-pre-wrap break-words\">As nossas unidades de armazenamento em armaz\u00e9m oferecem o m\u00e1ximo em seguran\u00e7a e prote\u00e7\u00e3o para os seus pertences. Localizada numa instala\u00e7\u00e3o totalmente monitorizada, cada \u00e1rea de armazenamento beneficia de:<\/p>\n<ul class=\"[&amp;:not(:last-child)_ul]:pb-1 [&amp;:not(:last-child)_ol]:pb-1 list-disc space-y-1.5 pl-7\">\n<li class=\"whitespace-normal break-words\">Vigil\u00e2ncia CCTV 24 horas por dia, 7 dias por semana<\/li>\n<li class=\"whitespace-normal break-words\">Os sistemas de seguran\u00e7a modernos<\/li>\n<li class=\"whitespace-normal break-words\">Espa\u00e7os limpos, secos e bem conservados<\/li>\n<li class=\"whitespace-normal break-words\">F\u00e1cil acesso ao n\u00edvel do solo<\/li>\n<li class=\"whitespace-normal break-words\">Termos de armazenamento flex\u00edveis<\/li>\n<\/ul>\n<h3 class=\"text-xl font-bold text-text-200 mt-1 -mb-0.5\">Perfeito para uso comercial e pessoal<\/h3>\n<p class=\"whitespace-pre-wrap break-words\">Quer seja um empres\u00e1rio que precisa de espa\u00e7o extra para stock ou um propriet\u00e1rio que precisa de armazenamento a longo prazo, as nossas solu\u00e7\u00f5es de armaz\u00e9m podem acomodar:<\/p>\n<ul class=\"[&amp;:not(:last-child)_ul]:pb-1 [&amp;:not(:last-child)_ol]:pb-1 list-disc space-y-1.5 pl-7\">\n<li class=\"whitespace-normal break-words\">Stock e equipamentos comerciais<\/li>\n<li class=\"whitespace-normal break-words\">Documentos de arquivo<\/li>\n<li class=\"whitespace-normal break-words\">M\u00f3veis e artigos para o lar<\/li>\n<li class=\"whitespace-normal break-words\">Estoque sazonal<\/li>\n<li class=\"whitespace-normal break-words\">Equipamentos desportivos<\/li>\n<li class=\"whitespace-normal break-words\">Ve\u00edculos e barcos<\/li>\n<\/ul>\n<h3 class=\"text-xl font-bold text-text-200 mt-1 -mb-0.5\">Convenientemente localizado<\/h3>\n<p class=\"whitespace-pre-wrap break-words\">Situadas em Loul\u00e9, as nossas instala\u00e7\u00f5es s\u00e3o facilmente acess\u00edveis a partir de todas as zonas do Algarve, com:<\/p>\n<ul class=\"[&amp;:not(:last-child)_ul]:pb-1 [&amp;:not(:last-child)_ol]:pb-1 list-disc space-y-1.5 pl-7\">\n<li class=\"whitespace-normal break-words\">\u00c1reas de carga ao n\u00edvel do solo<\/li>\n<li class=\"whitespace-normal break-words\">Amplo estacionamento<\/li>\n<li class=\"whitespace-normal break-words\">Portas de acesso amplas<\/li>\n<li class=\"whitespace-normal break-words\">Equipamento de carregamento dispon\u00edvel<\/li>\n<li class=\"whitespace-normal break-words\">Equipa profissional no local<\/li>\n<\/ul>\n<h3 class=\"text-xl font-bold text-text-200 mt-1 -mb-0.5\">Termos Flex\u00edveis<\/h3>\n<p class=\"whitespace-pre-wrap break-words\">Entendemos que as necessidades de armazenamento podem variar, por isso oferecemos:<\/p>\n<ul class=\"[&amp;:not(:last-child)_ul]:pb-1 [&amp;:not(:last-child)_ol]:pb-1 list-disc space-y-1.5 pl-7\">\n<li class=\"whitespace-normal break-words\">Op\u00e7\u00f5es de aluguer de curto e longo prazo<\/li>\n<li class=\"whitespace-normal break-words\">Tarifas competitivas<\/li>\n<li class=\"whitespace-normal break-words\">N\u00e3o \u00e9 necess\u00e1rio um compromisso a longo prazo<\/li>\n<li class=\"whitespace-normal break-words\">Pagamentos mensais f\u00e1ceis<\/li>\n<li class=\"whitespace-normal break-words\">V\u00e1rias op\u00e7\u00f5es de tamanho dispon\u00edveis<\/li>\n<\/ul>\n<p>Contacte-nos hoje mesmo para discutir as suas necessidades de armazenamento ou para agendar uma visita \u00e0s nossas modernas instala\u00e7\u00f5es em Loul\u00e9. A nossa equipa experiente est\u00e1 pronta para o ajudar a encontrar a solu\u00e7\u00e3o de armazenamento perfeita para as suas necessidades.<\/p>\n<p>Compreendemos que as necessidades de armazenamento podem variar, por isso oferecemos op\u00e7\u00f5es de aluguer de curto e longo prazo a pre\u00e7os competitivos. N\u00e3o \u00e9 necess\u00e1rio nenhum compromisso a longo prazo e oferecemos op\u00e7\u00f5es f\u00e1ceis de pagamento mensal. Com v\u00e1rias op\u00e7\u00f5es de tamanho dispon\u00edveis, podemos acomodar qualquer necessidade de armazenamento, grande ou pequena.<\/p>\n<p>Contacte-nos hoje mesmo para discutir as suas necessidades de armazenamento ou para agendar uma visita \u00e0s nossas modernas instala\u00e7\u00f5es em Loul\u00e9. A nossa equipa experiente est\u00e1 pronta para o ajudar a encontrar a solu\u00e7\u00e3o de armazenamento perfeita para as suas necessidades.<\/p>\n<p><\/div><\/div><\/p>","protected":false},"excerpt":{"rendered":"<p>Armaz\u00e9m de armazenagem, Loul\u00e9, Portugal. Procura armazenamento seguro em armaz\u00e9m no Algarve? Na 125 Algarve Self Storage em Loul\u00e9, oferecemos a solu\u00e7\u00e3o perfeita para as necessidades de armazenamento pessoais e empresariais, oferecendo espa\u00e7o flex\u00edvel nas nossas instala\u00e7\u00f5es modernas e especialmente constru\u00eddas.<\/p>\n","protected":false},"author":1,"featured_media":483,"parent":0,"menu_order":3,"comment_status":"closed","ping_status":"closed","template":"","meta":{"footnotes":""},"class_list":["post-393","page","type-page","status-publish","has-post-thumbnail","hentry"],"yoast_head":"<!-- This site is optimized with the Yoast SEO plugin v27.4 - https:\/\/yoast.com\/product\/yoast-seo-wordpress\/ -->\n<title>Armaz\u00e9m de armazenagem, Loul\u00e9, Portugal. Solu\u00e7\u00f5es de armazenamento perfeitas.<\/title>\n<meta name=\"description\" content=\"{:en}Warehouse Storage, Loul\u00e9, Algarve, Portugal.\u00a0 &#039;Looking for secure, warehouse storage in the Algarve? Get in touch!{:pt}Armaz\u00e9m de armazenagem, Loul\u00e9, Algarve, Portugal. &#039;Procura um armaz\u00e9m seguro no Algarve? Entre em contacto!{:}\" \/>\n<meta name=\"robots\" content=\"index, follow, max-snippet:-1, max-image-preview:large, max-video-preview:-1\" \/>\n<link rel=\"canonical\" href=\"https:\/\/125algarveselfstorage.eu\/warehouse-storage\/\" \/>\n<meta property=\"og:locale\" content=\"pt_PT\" \/>\n<meta property=\"og:type\" content=\"article\" \/>\n<meta property=\"og:title\" content=\"[:en]Warehouse Storage, Loul\u00e9, Portugal.\u00a0 Perfect storage solutions.[:pt]Armaz\u00e9m de armazenagem, Loul\u00e9, Portugal. Solu\u00e7\u00f5es de armazenamento perfeitas.[:]\" \/>\n<meta property=\"og:description\" content=\"{:en}Warehouse Storage, Loul\u00e9, Algarve, Portugal.\u00a0 &#039;Looking for secure, warehouse storage in the Algarve? Get in touch!{:pt}Armaz\u00e9m de armazenagem, Loul\u00e9, Algarve, Portugal. &#039;Procura um armaz\u00e9m seguro no Algarve? Entre em contacto!{:}\" \/>\n<meta property=\"og:url\" content=\"https:\/\/125algarveselfstorage.eu\/warehouse-storage\/\" \/>\n<meta property=\"og:site_name\" content=\"125 Algarve Self Storage\" \/>\n<meta property=\"article:modified_time\" content=\"2025-01-15T12:15:45+00:00\" \/>\n<meta property=\"og:image\" content=\"https:\/\/125algarveselfstorage.eu\/wp-content\/uploads\/2025\/01\/Warehouse-Storage-02.jpg\" \/>\n\t<meta property=\"og:image:width\" content=\"1200\" \/>\n\t<meta property=\"og:image:height\" content=\"630\" \/>\n\t<meta property=\"og:image:type\" content=\"image\/jpeg\" \/>\n<meta name=\"twitter:card\" content=\"summary_large_image\" \/>\n<meta name=\"twitter:label1\" content=\"Tempo estimado de leitura\" \/>\n\t<meta name=\"twitter:data1\" content=\"4 minutos\" \/>\n<script type=\"application\/ld+json\" class=\"yoast-schema-graph\">{\"@context\":\"https:\\\/\\\/schema.org\",\"@graph\":[{\"@type\":\"WebPage\",\"@id\":\"https:\\\/\\\/125algarveselfstorage.eu\\\/warehouse-storage\\\/\",\"url\":\"https:\\\/\\\/125algarveselfstorage.eu\\\/warehouse-storage\\\/\",\"name\":\"[:en]Warehouse Storage, Loul\u00e9, Portugal.\u00a0 Perfect storage solutions.[:pt]Armaz\u00e9m de armazenagem, Loul\u00e9, Portugal. Solu\u00e7\u00f5es de armazenamento perfeitas.[:]\",\"isPartOf\":{\"@id\":\"https:\\\/\\\/125algarveselfstorage.eu\\\/#website\"},\"primaryImageOfPage\":{\"@id\":\"https:\\\/\\\/125algarveselfstorage.eu\\\/warehouse-storage\\\/#primaryimage\"},\"image\":{\"@id\":\"https:\\\/\\\/125algarveselfstorage.eu\\\/warehouse-storage\\\/#primaryimage\"},\"thumbnailUrl\":\"https:\\\/\\\/125algarveselfstorage.eu\\\/wp-content\\\/uploads\\\/2025\\\/01\\\/Warehouse-Storage-02.jpg\",\"datePublished\":\"2024-10-31T18:12:14+00:00\",\"dateModified\":\"2025-01-15T12:15:45+00:00\",\"description\":\"{:en}Warehouse Storage, Loul\u00e9, Algarve, Portugal.\u00a0 'Looking for secure, warehouse storage in the Algarve? Get in touch!{:pt}Armaz\u00e9m de armazenagem, Loul\u00e9, Algarve, Portugal. 'Procura um armaz\u00e9m seguro no Algarve? Entre em contacto!{:}\",\"breadcrumb\":{\"@id\":\"https:\\\/\\\/125algarveselfstorage.eu\\\/warehouse-storage\\\/#breadcrumb\"},\"inLanguage\":\"pt-PT\",\"potentialAction\":[{\"@type\":\"ReadAction\",\"target\":[\"https:\\\/\\\/125algarveselfstorage.eu\\\/warehouse-storage\\\/\"]}]},{\"@type\":\"ImageObject\",\"inLanguage\":\"pt-PT\",\"@id\":\"https:\\\/\\\/125algarveselfstorage.eu\\\/warehouse-storage\\\/#primaryimage\",\"url\":\"https:\\\/\\\/125algarveselfstorage.eu\\\/wp-content\\\/uploads\\\/2025\\\/01\\\/Warehouse-Storage-02.jpg\",\"contentUrl\":\"https:\\\/\\\/125algarveselfstorage.eu\\\/wp-content\\\/uploads\\\/2025\\\/01\\\/Warehouse-Storage-02.jpg\",\"width\":1200,\"height\":630},{\"@type\":\"BreadcrumbList\",\"@id\":\"https:\\\/\\\/125algarveselfstorage.eu\\\/warehouse-storage\\\/#breadcrumb\",\"itemListElement\":[{\"@type\":\"ListItem\",\"position\":1,\"name\":\"Home\",\"item\":\"https:\\\/\\\/125algarveselfstorage.eu\\\/\"},{\"@type\":\"ListItem\",\"position\":2,\"name\":\"[:en]Warehouse Storage[:pt]Armaz\u00e9m de armazenamento[:]\"}]},{\"@type\":\"WebSite\",\"@id\":\"https:\\\/\\\/125algarveselfstorage.eu\\\/#website\",\"url\":\"https:\\\/\\\/125algarveselfstorage.eu\\\/\",\"name\":\"125AlgarveSelfStorage.eu\",\"description\":\"[:en]Secure Self Storage Facility on the EN125 between Boliquieme and Almancil, Algarve.[:pt]Contentores de Autoarmazenamento Seguros, Loul\u00e9, Algarve, Portugal.[:]\",\"publisher\":{\"@id\":\"https:\\\/\\\/125algarveselfstorage.eu\\\/#organization\"},\"potentialAction\":[{\"@type\":\"SearchAction\",\"target\":{\"@type\":\"EntryPoint\",\"urlTemplate\":\"https:\\\/\\\/125algarveselfstorage.eu\\\/?s={search_term_string}\"},\"query-input\":{\"@type\":\"PropertyValueSpecification\",\"valueRequired\":true,\"valueName\":\"search_term_string\"}}],\"inLanguage\":\"pt-PT\"},{\"@type\":\"Organization\",\"@id\":\"https:\\\/\\\/125algarveselfstorage.eu\\\/#organization\",\"name\":\"125AlgarveSelfStorage.eu\",\"url\":\"https:\\\/\\\/125algarveselfstorage.eu\\\/\",\"logo\":{\"@type\":\"ImageObject\",\"inLanguage\":\"pt-PT\",\"@id\":\"https:\\\/\\\/125algarveselfstorage.eu\\\/#\\\/schema\\\/logo\\\/image\\\/\",\"url\":\"https:\\\/\\\/125algarveselfstorage.eu\\\/wp-content\\\/uploads\\\/2024\\\/10\\\/125-Algarve-Self-Storage-Logo-Small.png\",\"contentUrl\":\"https:\\\/\\\/125algarveselfstorage.eu\\\/wp-content\\\/uploads\\\/2024\\\/10\\\/125-Algarve-Self-Storage-Logo-Small.png\",\"width\":150,\"height\":150,\"caption\":\"125AlgarveSelfStorage.eu\"},\"image\":{\"@id\":\"https:\\\/\\\/125algarveselfstorage.eu\\\/#\\\/schema\\\/logo\\\/image\\\/\"}}]}<\/script>\n<!-- \/ Yoast SEO plugin. -->","yoast_head_json":{"title":"[:en]Warehouse Storage, Loul\u00e9, Portugal.\u00a0 Perfect storage solutions.[:pt]Armaz\u00e9m de armazenagem, Loul\u00e9, Portugal. Solu\u00e7\u00f5es de armazenamento perfeitas.[:]","description":"{:en}Warehouse Storage, Loul\u00e9, Algarve, Portugal.\u00a0 'Looking for secure, warehouse storage in the Algarve? Get in touch!{:pt}Armaz\u00e9m de armazenagem, Loul\u00e9, Algarve, Portugal. 'Procura um armaz\u00e9m seguro no Algarve? Entre em contacto!{:}","robots":{"index":"index","follow":"follow","max-snippet":"max-snippet:-1","max-image-preview":"max-image-preview:large","max-video-preview":"max-video-preview:-1"},"canonical":"https:\/\/125algarveselfstorage.eu\/warehouse-storage\/","og_locale":"pt_PT","og_type":"article","og_title":"[:en]Warehouse Storage, Loul\u00e9, Portugal.\u00a0 Perfect storage solutions.[:pt]Armaz\u00e9m de armazenagem, Loul\u00e9, Portugal. Solu\u00e7\u00f5es de armazenamento perfeitas.[:]","og_description":"{:en}Warehouse Storage, Loul\u00e9, Algarve, Portugal.\u00a0 'Looking for secure, warehouse storage in the Algarve? Get in touch!{:pt}Armaz\u00e9m de armazenagem, Loul\u00e9, Algarve, Portugal. 'Procura um armaz\u00e9m seguro no Algarve? Entre em contacto!{:}","og_url":"https:\/\/125algarveselfstorage.eu\/warehouse-storage\/","og_site_name":"125 Algarve Self Storage","article_modified_time":"2025-01-15T12:15:45+00:00","og_image":[{"width":1200,"height":630,"url":"https:\/\/125algarveselfstorage.eu\/wp-content\/uploads\/2025\/01\/Warehouse-Storage-02.jpg","type":"image\/jpeg"}],"twitter_card":"summary_large_image","twitter_misc":{"Tempo estimado de leitura":"4 minutos"},"schema":{"@context":"https:\/\/schema.org","@graph":[{"@type":"WebPage","@id":"https:\/\/125algarveselfstorage.eu\/warehouse-storage\/","url":"https:\/\/125algarveselfstorage.eu\/warehouse-storage\/","name":"[:en]Warehouse Storage, Loul\u00e9, Portugal.\u00a0 Perfect storage solutions.[:pt]Armaz\u00e9m de armazenagem, Loul\u00e9, Portugal. Solu\u00e7\u00f5es de armazenamento perfeitas.[:]","isPartOf":{"@id":"https:\/\/125algarveselfstorage.eu\/#website"},"primaryImageOfPage":{"@id":"https:\/\/125algarveselfstorage.eu\/warehouse-storage\/#primaryimage"},"image":{"@id":"https:\/\/125algarveselfstorage.eu\/warehouse-storage\/#primaryimage"},"thumbnailUrl":"https:\/\/125algarveselfstorage.eu\/wp-content\/uploads\/2025\/01\/Warehouse-Storage-02.jpg","datePublished":"2024-10-31T18:12:14+00:00","dateModified":"2025-01-15T12:15:45+00:00","description":"{:en}Warehouse Storage, Loul\u00e9, Algarve, Portugal.\u00a0 'Looking for secure, warehouse storage in the Algarve? Get in touch!{:pt}Armaz\u00e9m de armazenagem, Loul\u00e9, Algarve, Portugal. 'Procura um armaz\u00e9m seguro no Algarve? Entre em contacto!{:}","breadcrumb":{"@id":"https:\/\/125algarveselfstorage.eu\/warehouse-storage\/#breadcrumb"},"inLanguage":"pt-PT","potentialAction":[{"@type":"ReadAction","target":["https:\/\/125algarveselfstorage.eu\/warehouse-storage\/"]}]},{"@type":"ImageObject","inLanguage":"pt-PT","@id":"https:\/\/125algarveselfstorage.eu\/warehouse-storage\/#primaryimage","url":"https:\/\/125algarveselfstorage.eu\/wp-content\/uploads\/2025\/01\/Warehouse-Storage-02.jpg","contentUrl":"https:\/\/125algarveselfstorage.eu\/wp-content\/uploads\/2025\/01\/Warehouse-Storage-02.jpg","width":1200,"height":630},{"@type":"BreadcrumbList","@id":"https:\/\/125algarveselfstorage.eu\/warehouse-storage\/#breadcrumb","itemListElement":[{"@type":"ListItem","position":1,"name":"Home","item":"https:\/\/125algarveselfstorage.eu\/"},{"@type":"ListItem","position":2,"name":"[:en]Warehouse Storage[:pt]Armaz\u00e9m de armazenamento[:]"}]},{"@type":"WebSite","@id":"https:\/\/125algarveselfstorage.eu\/#website","url":"https:\/\/125algarveselfstorage.eu\/","name":"125AlgarveSelfStorage.eu","description":"[:en]Secure Self Storage Facility on the EN125 between Boliquieme and Almancil, Algarve.[:pt]Contentores de Autoarmazenamento Seguros, Loul\u00e9, Algarve, Portugal.[:]","publisher":{"@id":"https:\/\/125algarveselfstorage.eu\/#organization"},"potentialAction":[{"@type":"SearchAction","target":{"@type":"EntryPoint","urlTemplate":"https:\/\/125algarveselfstorage.eu\/?s={search_term_string}"},"query-input":{"@type":"PropertyValueSpecification","valueRequired":true,"valueName":"search_term_string"}}],"inLanguage":"pt-PT"},{"@type":"Organization","@id":"https:\/\/125algarveselfstorage.eu\/#organization","name":"125AlgarveSelfStorage.eu","url":"https:\/\/125algarveselfstorage.eu\/","logo":{"@type":"ImageObject","inLanguage":"pt-PT","@id":"https:\/\/125algarveselfstorage.eu\/#\/schema\/logo\/image\/","url":"https:\/\/125algarveselfstorage.eu\/wp-content\/uploads\/2024\/10\/125-Algarve-Self-Storage-Logo-Small.png","contentUrl":"https:\/\/125algarveselfstorage.eu\/wp-content\/uploads\/2024\/10\/125-Algarve-Self-Storage-Logo-Small.png","width":150,"height":150,"caption":"125AlgarveSelfStorage.eu"},"image":{"@id":"https:\/\/125algarveselfstorage.eu\/#\/schema\/logo\/image\/"}}]}},"jetpack_sharing_enabled":true,"_links":{"self":[{"href":"https:\/\/125algarveselfstorage.eu\/pt\/wp-json\/wp\/v2\/pages\/393","targetHints":{"allow":["GET"]}}],"collection":[{"href":"https:\/\/125algarveselfstorage.eu\/pt\/wp-json\/wp\/v2\/pages"}],"about":[{"href":"https:\/\/125algarveselfstorage.eu\/pt\/wp-json\/wp\/v2\/types\/page"}],"author":[{"embeddable":true,"href":"https:\/\/125algarveselfstorage.eu\/pt\/wp-json\/wp\/v2\/users\/1"}],"replies":[{"embeddable":true,"href":"https:\/\/125algarveselfstorage.eu\/pt\/wp-json\/wp\/v2\/comments?post=393"}],"version-history":[{"count":11,"href":"https:\/\/125algarveselfstorage.eu\/pt\/wp-json\/wp\/v2\/pages\/393\/revisions"}],"predecessor-version":[{"id":496,"href":"https:\/\/125algarveselfstorage.eu\/pt\/wp-json\/wp\/v2\/pages\/393\/revisions\/496"}],"wp:featuredmedia":[{"embeddable":true,"href":"https:\/\/125algarveselfstorage.eu\/pt\/wp-json\/wp\/v2\/media\/483"}],"wp:attachment":[{"href":"https:\/\/125algarveselfstorage.eu\/pt\/wp-json\/wp\/v2\/media?parent=393"}],"curies":[{"name":"wp","href":"https:\/\/api.w.org\/{rel}","templated":true}]}}