{"id":272,"date":"2024-08-16T10:35:41","date_gmt":"2024-08-16T10:35:41","guid":{"rendered":"https:\/\/125algarveselfstorage.eu\/?page_id=272"},"modified":"2024-08-20T06:41:11","modified_gmt":"2024-08-20T06:41:11","slug":"sitemap","status":"publish","type":"page","link":"https:\/\/125algarveselfstorage.eu\/pt\/mapa-do-site\/","title":{"rendered":"Mapa do site"},"content":{"rendered":"<p><\/p>\n<h2>125AlgarveSelfStorage.eu Mapa do site<\/h2>\n<p>Encontre a informa\u00e7\u00e3o que procura de forma r\u00e1pida e f\u00e1cil. Fizemos o nosso melhor para lhe dar tudo o que precisa de saber sobre as suas necessidades de self storage, aqui no Algarve. Se ainda n\u00e3o respondemos \u00e0 sua pergunta, teremos todo o gosto em ajudar por telefone! pode sempre ligar ou enviar um WhatsApp para +351 969 427 864.\u00a0 &#8216;Falo consigo em breve!<\/p>\n<div class=\"responsive-tabs\">\n<h2 class=\"tabtitle\">P\u00e1ginas deste site<\/h2>\n<div class=\"tabcontent\">\n\n<h3>125AlgarveSelfStorage.eu &#8211; O seu parceiro de confian\u00e7a em Self Storage em Loul\u00e9, Algarve<\/h3>\n\n<!-- Page-list plugin v.5.9 wordpress.org\/plugins\/page-list\/ -->\n<ul class=\"page-list \">\n<li class=\"page_item page-item-11\"><a href=\"https:\/\/125algarveselfstorage.eu\/pt\/\">125 Algarve Self Storage<\/a><\/li>\n<li class=\"page_item page-item-475\"><a href=\"https:\/\/125algarveselfstorage.eu\/pt\/precos-de-auto-armazenamento\/\">Pre\u00e7os de auto-armazenamento<\/a><\/li>\n<li class=\"page_item page-item-393\"><a href=\"https:\/\/125algarveselfstorage.eu\/pt\/armazem-de-armazenamento\/\">Armaz\u00e9m de armazenamento<\/a><\/li>\n<li class=\"page_item page-item-64\"><a href=\"https:\/\/125algarveselfstorage.eu\/pt\/autoarmazenamento-algarve\/\">Autoarmazenamento Algarve<\/a><\/li>\n<li class=\"page_item page-item-61\"><a href=\"https:\/\/125algarveselfstorage.eu\/pt\/recipientes-de-autoarmazenamento\/\">Recipientes de autoarmazenamento<\/a><\/li>\n<li class=\"page_item page-item-66\"><a href=\"https:\/\/125algarveselfstorage.eu\/pt\/cotacao-de-armazenamento\/\">Cota\u00e7\u00e3o de armazenamento<\/a><\/li>\n<li class=\"page_item page-item-197 page_item_has_children\"><a href=\"https:\/\/125algarveselfstorage.eu\/pt\/seguranca-flexibilidade-acessibilidade\/\">Seguran\u00e7a, flexibilidade, acessibilidade<\/a>\n<ul class='children'>\n\t<li class=\"page_item page-item-203\"><a href=\"https:\/\/125algarveselfstorage.eu\/pt\/seguranca-flexibilidade-acessibilidade\/curto-ou-longo-prazo-a-sua-escolha\/\">Curto ou Longo Prazo, \u00e0 sua escolha<\/a><\/li>\n\t<li class=\"page_item page-item-205\"><a href=\"https:\/\/125algarveselfstorage.eu\/pt\/seguranca-flexibilidade-acessibilidade\/vai-gostar-dos-nossos-precos\/\">Vai gostar dos nossos pre\u00e7os<\/a><\/li>\n\t<li class=\"page_item page-item-201\"><a href=\"https:\/\/125algarveselfstorage.eu\/pt\/seguranca-flexibilidade-acessibilidade\/os-seus-pertences-estao-seguros-conosco\/\">Os seus pertences est\u00e3o seguros conosco<\/a><\/li>\n<\/ul>\n<\/li>\n<li class=\"page_item page-item-174 page_item_has_children\"><a href=\"https:\/\/125algarveselfstorage.eu\/pt\/porque-usar-contentores-de-autoarmazenamento\/\">Porqu\u00ea usar contentores de autoarmazenamento?<\/a>\n<ul class='children'>\n\t<li class=\"page_item page-item-185\"><a href=\"https:\/\/125algarveselfstorage.eu\/pt\/porque-usar-contentores-de-autoarmazenamento\/organize-e-recupere-a-sua-casa\/\">Organize e recupere a sua casa<\/a><\/li>\n\t<li class=\"page_item page-item-182\"><a href=\"https:\/\/125algarveselfstorage.eu\/pt\/porque-usar-contentores-de-autoarmazenamento\/reducao-para-a-reforma\/\">Redu\u00e7\u00e3o para a reforma<\/a><\/li>\n\t<li class=\"page_item page-item-176\"><a href=\"https:\/\/125algarveselfstorage.eu\/pt\/porque-usar-contentores-de-autoarmazenamento\/mudanca-de-casa-armazenamento-temporario\/\">Mudan\u00e7a de casa, armazenamento tempor\u00e1rio<\/a><\/li>\n\t<li class=\"page_item page-item-535\"><a href=\"https:\/\/125algarveselfstorage.eu\/pt\/porque-usar-contentores-de-autoarmazenamento\/mudanca-para-portugal-self-storage-enquanto-se-instala\/\">Mudan\u00e7a para Portugal &#8211; Self Storage enquanto se instala<\/a><\/li>\n\t<li class=\"page_item page-item-147\"><a href=\"https:\/\/125algarveselfstorage.eu\/pt\/porque-usar-contentores-de-autoarmazenamento\/autoarmazenamento-para-empresas\/\">Autoarmazenamento para empresas<\/a><\/li>\n<\/ul>\n<\/li>\n<li class=\"page_item page-item-178\"><a href=\"https:\/\/125algarveselfstorage.eu\/pt\/english-tips-for-maximizing-space-in-your-self-storage-container\/\">(English) Tips for Maximizing Space in Your Self Storage Container<\/a><\/li>\n<li class=\"page_item page-item-143 page_item_has_children\"><a href=\"https:\/\/125algarveselfstorage.eu\/pt\/aluguer-de-armazenamento-de-contentores\/\">Aluguer de armazenamento de contentores<\/a>\n<ul class='children'>\n\t<li class=\"page_item page-item-164\"><a href=\"https:\/\/125algarveselfstorage.eu\/pt\/aluguer-de-armazenamento-de-contentores\/contentores-de-auto-storage-no-algarve\/\">Contentores de Auto-Storage no Algarve<\/a><\/li>\n<\/ul>\n<\/li>\n<li class=\"page_item page-item-180\"><a href=\"https:\/\/125algarveselfstorage.eu\/pt\/recipientes-de-autoarmazenamento-versus-unidades-de-armazenamento-tradicionais\/\">Recipientes de autoarmazenamento versus unidades de armazenamento tradicionais<\/a><\/li>\n<li class=\"page_item page-item-145\"><a href=\"https:\/\/125algarveselfstorage.eu\/pt\/storage-solutions-for-when-youre-moving-home\/\">Storage Solutions for when you&#8217;re Moving Home<\/a><\/li>\n<li class=\"page_item page-item-272\"><a href=\"https:\/\/125algarveselfstorage.eu\/pt\/mapa-do-site\/\">Mapa do site<\/a><\/li>\n\n<\/ul>\n\n<\/div><h2 class=\"tabtitle\">125algarveselfstorage.eu<\/h2>\n<div class=\"tabcontent\">\n\n<h2>125AlgarveSelfStorage.eu &#8211; O seu parceiro de confian\u00e7a em Self Storage em Loul\u00e9, Algarve<\/h2>\n<figure id=\"attachment_277\" aria-describedby=\"caption-attachment-277\" style=\"width: 1200px\" class=\"wp-caption alignnone\"><img loading=\"lazy\" decoding=\"async\" class=\"size-full wp-image-277\" src=\"https:\/\/125algarveselfstorage.eu\/wp-content\/uploads\/2024\/08\/Sitemap-125AlgarveSelfStorage_eu.jpg\" alt=\"Sitemap - 125AlgarveSelfStorage_eu\" width=\"1200\" height=\"630\" srcset=\"https:\/\/125algarveselfstorage.eu\/wp-content\/uploads\/2024\/08\/Sitemap-125AlgarveSelfStorage_eu.jpg 1200w, https:\/\/125algarveselfstorage.eu\/wp-content\/uploads\/2024\/08\/Sitemap-125AlgarveSelfStorage_eu-300x158.jpg 300w, https:\/\/125algarveselfstorage.eu\/wp-content\/uploads\/2024\/08\/Sitemap-125AlgarveSelfStorage_eu-1024x538.jpg 1024w, https:\/\/125algarveselfstorage.eu\/wp-content\/uploads\/2024\/08\/Sitemap-125AlgarveSelfStorage_eu-768x403.jpg 768w\" sizes=\"auto, (max-width: 1200px) 100vw, 1200px\" \/><figcaption id=\"caption-attachment-277\" class=\"wp-caption-text\">Sitemap &#8211; 125AlgarveSelfStorage_eu<\/figcaption><\/figure>\n<p>No 125AlgarveSelfStorage.eu em Loul\u00e9 damos prioridade \u00e0 seguran\u00e7a, flexibilidade e acessibilidade. As nossas instala\u00e7\u00f5es est\u00e3o equipadas com vigil\u00e2ncia 24 horas por dia, 7 dias por semana e controlos de acesso seguros, garantindo a seguran\u00e7a dos seus pertences. Oferecemos condi\u00e7\u00f5es de aluguer flex\u00edveis para satisfazer as necessidades de curto e longo prazo, permitindo-lhe ajustar o seu plano de armazenamento conforme necess\u00e1rio. Al\u00e9m disso, os nossos pre\u00e7os competitivos significam que obt\u00e9m solu\u00e7\u00f5es de armazenamento de alta qualidade sem gastar muito!<\/p>\n<p>Os contentores de autoarmazenamento oferecem uma solu\u00e7\u00e3o vers\u00e1til e conveniente para as necessidades de armazenamento pessoal e empresarial. Estas unidades seguras oferecem uma forma flex\u00edvel de gerir restri\u00e7\u00f5es de espa\u00e7o, seja organizando a sua casa, armazenando stock comercial ou protegendo artigos valiosos.<\/p>\n<h3>Autoarmazenamento Algarve<\/h3>\n<p>Algarve Self Storage \u2013 Quer seja um residente de longa data, um visitante sazonal ou um empres\u00e1rio que necessite de espa\u00e7o extra, o 125AlgarveSelfStorage.eu tem a solu\u00e7\u00e3o perfeita para si.<\/p>\n<h3>Recipientes de autoarmazenamento<\/h3>\n<p>Recipientes de auto-armazenamento \u2013 No mundo acelerado de hoje, o espa\u00e7o \u00e9 um luxo. Quer esteja a reduzir o tamanho, a mudar, a renovar ou simplesmente a precisar de armazenamento extra, os contentores de autoarmazenamento oferecem uma solu\u00e7\u00e3o vers\u00e1til.<\/p>\n<h3>Cota\u00e7\u00e3o de armazenamento<\/h3>\n<p>Vai gostar dos nossos pre\u00e7os de autoarmazenamento! Analis\u00e1mos as op\u00e7\u00f5es de self-storage no Algarve e precific\u00e1mos os nossos pre\u00e7os de aluguer de contentores para serem o mais competitivos poss\u00edvel. Preencha o formul\u00e1rio de or\u00e7amento r\u00e1pido aqui e ver\u00e1 o que queremos dizer!<\/p>\n<p><\/div><\/div><\/p>","protected":false},"excerpt":{"rendered":"<p>125AlgarveSelfStorage.eu Mapa do site Encontre a informa\u00e7\u00e3o que procura de forma r\u00e1pida e f\u00e1cil. Fizemos o nosso melhor para lhe &hellip; <\/p>\n","protected":false},"author":1,"featured_media":0,"parent":0,"menu_order":13,"comment_status":"closed","ping_status":"closed","template":"","meta":{"footnotes":""},"class_list":["post-272","page","type-page","status-publish","hentry"],"yoast_head":"<!-- This site is optimized with the Yoast SEO plugin v27.3 - https:\/\/yoast.com\/product\/yoast-seo-wordpress\/ -->\n<title>Mapa do site - 125AlgarveSelfStorage.eu. Armazenamento de Contentores, Loul\u00e9.<\/title>\n<meta name=\"description\" content=\"{:en}Sitemap, 125AlgarveSelfStorage.eu. Your Trusted Self Storage Partner in Loul\u00e9, Algarve. Secure, flexible and affordable.{:pt}Mapa do site, 125AlgarveSelfStorage.eu. O seu parceiro de confian\u00e7a em Self Storage em Loul\u00e9, Algarve. Seguro, flex\u00edvel e acess\u00edvel.{:}\" \/>\n<meta name=\"robots\" content=\"index, follow, max-snippet:-1, max-image-preview:large, max-video-preview:-1\" \/>\n<link rel=\"canonical\" href=\"https:\/\/125algarveselfstorage.eu\/sitemap\/\" \/>\n<meta property=\"og:locale\" content=\"pt_PT\" \/>\n<meta property=\"og:type\" content=\"article\" \/>\n<meta property=\"og:title\" content=\"[:en]Sitemap - 125AlgarveSelfStorage.eu. Container Storage, Loul\u00e9.[:pt]Mapa do site - 125AlgarveSelfStorage.eu. Armazenamento de Contentores, Loul\u00e9.[:]\" \/>\n<meta property=\"og:description\" content=\"{:en}Sitemap, 125AlgarveSelfStorage.eu. Your Trusted Self Storage Partner in Loul\u00e9, Algarve. Secure, flexible and affordable.{:pt}Mapa do site, 125AlgarveSelfStorage.eu. O seu parceiro de confian\u00e7a em Self Storage em Loul\u00e9, Algarve. Seguro, flex\u00edvel e acess\u00edvel.{:}\" \/>\n<meta property=\"og:url\" content=\"https:\/\/125algarveselfstorage.eu\/sitemap\/\" \/>\n<meta property=\"og:site_name\" content=\"125 Algarve Self Storage\" \/>\n<meta property=\"article:modified_time\" content=\"2024-08-20T06:41:11+00:00\" \/>\n<meta property=\"og:image\" content=\"https:\/\/125algarveselfstorage.eu\/wp-content\/uploads\/2024\/08\/Sitemap-125AlgarveSelfStorage_eu.jpg\" \/>\n<meta name=\"twitter:card\" content=\"summary_large_image\" \/>\n<meta name=\"twitter:label1\" content=\"Tempo estimado de leitura\" \/>\n\t<meta name=\"twitter:data1\" content=\"2 minutos\" \/>\n<script type=\"application\/ld+json\" class=\"yoast-schema-graph\">{\"@context\":\"https:\\\/\\\/schema.org\",\"@graph\":[{\"@type\":\"WebPage\",\"@id\":\"https:\\\/\\\/125algarveselfstorage.eu\\\/sitemap\\\/\",\"url\":\"https:\\\/\\\/125algarveselfstorage.eu\\\/sitemap\\\/\",\"name\":\"[:en]Sitemap - 125AlgarveSelfStorage.eu. Container Storage, Loul\u00e9.[:pt]Mapa do site - 125AlgarveSelfStorage.eu. Armazenamento de Contentores, Loul\u00e9.[:]\",\"isPartOf\":{\"@id\":\"https:\\\/\\\/125algarveselfstorage.eu\\\/#website\"},\"primaryImageOfPage\":{\"@id\":\"https:\\\/\\\/125algarveselfstorage.eu\\\/sitemap\\\/#primaryimage\"},\"image\":{\"@id\":\"https:\\\/\\\/125algarveselfstorage.eu\\\/sitemap\\\/#primaryimage\"},\"thumbnailUrl\":\"https:\\\/\\\/125algarveselfstorage.eu\\\/wp-content\\\/uploads\\\/2024\\\/08\\\/Sitemap-125AlgarveSelfStorage_eu.jpg\",\"datePublished\":\"2024-08-16T10:35:41+00:00\",\"dateModified\":\"2024-08-20T06:41:11+00:00\",\"description\":\"{:en}Sitemap, 125AlgarveSelfStorage.eu. Your Trusted Self Storage Partner in Loul\u00e9, Algarve. Secure, flexible and affordable.{:pt}Mapa do site, 125AlgarveSelfStorage.eu. O seu parceiro de confian\u00e7a em Self Storage em Loul\u00e9, Algarve. Seguro, flex\u00edvel e acess\u00edvel.{:}\",\"breadcrumb\":{\"@id\":\"https:\\\/\\\/125algarveselfstorage.eu\\\/sitemap\\\/#breadcrumb\"},\"inLanguage\":\"pt-PT\",\"potentialAction\":[{\"@type\":\"ReadAction\",\"target\":[\"https:\\\/\\\/125algarveselfstorage.eu\\\/sitemap\\\/\"]}]},{\"@type\":\"ImageObject\",\"inLanguage\":\"pt-PT\",\"@id\":\"https:\\\/\\\/125algarveselfstorage.eu\\\/sitemap\\\/#primaryimage\",\"url\":\"https:\\\/\\\/125algarveselfstorage.eu\\\/wp-content\\\/uploads\\\/2024\\\/08\\\/Sitemap-125AlgarveSelfStorage_eu.jpg\",\"contentUrl\":\"https:\\\/\\\/125algarveselfstorage.eu\\\/wp-content\\\/uploads\\\/2024\\\/08\\\/Sitemap-125AlgarveSelfStorage_eu.jpg\"},{\"@type\":\"BreadcrumbList\",\"@id\":\"https:\\\/\\\/125algarveselfstorage.eu\\\/sitemap\\\/#breadcrumb\",\"itemListElement\":[{\"@type\":\"ListItem\",\"position\":1,\"name\":\"Home\",\"item\":\"https:\\\/\\\/125algarveselfstorage.eu\\\/\"},{\"@type\":\"ListItem\",\"position\":2,\"name\":\"Sitemap\"}]},{\"@type\":\"WebSite\",\"@id\":\"https:\\\/\\\/125algarveselfstorage.eu\\\/#website\",\"url\":\"https:\\\/\\\/125algarveselfstorage.eu\\\/\",\"name\":\"125AlgarveSelfStorage.eu\",\"description\":\"[:en]Secure Self Storage Facility on the EN125 between Boliquieme and Almancil, Algarve.[:pt]Contentores de Autoarmazenamento Seguros, Loul\u00e9, Algarve, Portugal.[:]\",\"publisher\":{\"@id\":\"https:\\\/\\\/125algarveselfstorage.eu\\\/#organization\"},\"potentialAction\":[{\"@type\":\"SearchAction\",\"target\":{\"@type\":\"EntryPoint\",\"urlTemplate\":\"https:\\\/\\\/125algarveselfstorage.eu\\\/?s={search_term_string}\"},\"query-input\":{\"@type\":\"PropertyValueSpecification\",\"valueRequired\":true,\"valueName\":\"search_term_string\"}}],\"inLanguage\":\"pt-PT\"},{\"@type\":\"Organization\",\"@id\":\"https:\\\/\\\/125algarveselfstorage.eu\\\/#organization\",\"name\":\"125AlgarveSelfStorage.eu\",\"url\":\"https:\\\/\\\/125algarveselfstorage.eu\\\/\",\"logo\":{\"@type\":\"ImageObject\",\"inLanguage\":\"pt-PT\",\"@id\":\"https:\\\/\\\/125algarveselfstorage.eu\\\/#\\\/schema\\\/logo\\\/image\\\/\",\"url\":\"https:\\\/\\\/125algarveselfstorage.eu\\\/wp-content\\\/uploads\\\/2024\\\/10\\\/125-Algarve-Self-Storage-Logo-Small.png\",\"contentUrl\":\"https:\\\/\\\/125algarveselfstorage.eu\\\/wp-content\\\/uploads\\\/2024\\\/10\\\/125-Algarve-Self-Storage-Logo-Small.png\",\"width\":150,\"height\":150,\"caption\":\"125AlgarveSelfStorage.eu\"},\"image\":{\"@id\":\"https:\\\/\\\/125algarveselfstorage.eu\\\/#\\\/schema\\\/logo\\\/image\\\/\"}}]}<\/script>\n<!-- \/ Yoast SEO plugin. -->","yoast_head_json":{"title":"[:en]Sitemap - 125AlgarveSelfStorage.eu. Container Storage, Loul\u00e9.[:pt]Mapa do site - 125AlgarveSelfStorage.eu. Armazenamento de Contentores, Loul\u00e9.[:]","description":"{:en}Sitemap, 125AlgarveSelfStorage.eu. Your Trusted Self Storage Partner in Loul\u00e9, Algarve. Secure, flexible and affordable.{:pt}Mapa do site, 125AlgarveSelfStorage.eu. O seu parceiro de confian\u00e7a em Self Storage em Loul\u00e9, Algarve. Seguro, flex\u00edvel e acess\u00edvel.{:}","robots":{"index":"index","follow":"follow","max-snippet":"max-snippet:-1","max-image-preview":"max-image-preview:large","max-video-preview":"max-video-preview:-1"},"canonical":"https:\/\/125algarveselfstorage.eu\/sitemap\/","og_locale":"pt_PT","og_type":"article","og_title":"[:en]Sitemap - 125AlgarveSelfStorage.eu. Container Storage, Loul\u00e9.[:pt]Mapa do site - 125AlgarveSelfStorage.eu. Armazenamento de Contentores, Loul\u00e9.[:]","og_description":"{:en}Sitemap, 125AlgarveSelfStorage.eu. Your Trusted Self Storage Partner in Loul\u00e9, Algarve. Secure, flexible and affordable.{:pt}Mapa do site, 125AlgarveSelfStorage.eu. O seu parceiro de confian\u00e7a em Self Storage em Loul\u00e9, Algarve. Seguro, flex\u00edvel e acess\u00edvel.{:}","og_url":"https:\/\/125algarveselfstorage.eu\/sitemap\/","og_site_name":"125 Algarve Self Storage","article_modified_time":"2024-08-20T06:41:11+00:00","og_image":[{"url":"https:\/\/125algarveselfstorage.eu\/wp-content\/uploads\/2024\/08\/Sitemap-125AlgarveSelfStorage_eu.jpg","type":"","width":"","height":""}],"twitter_card":"summary_large_image","twitter_misc":{"Tempo estimado de leitura":"2 minutos"},"schema":{"@context":"https:\/\/schema.org","@graph":[{"@type":"WebPage","@id":"https:\/\/125algarveselfstorage.eu\/sitemap\/","url":"https:\/\/125algarveselfstorage.eu\/sitemap\/","name":"[:en]Sitemap - 125AlgarveSelfStorage.eu. Container Storage, Loul\u00e9.[:pt]Mapa do site - 125AlgarveSelfStorage.eu. Armazenamento de Contentores, Loul\u00e9.[:]","isPartOf":{"@id":"https:\/\/125algarveselfstorage.eu\/#website"},"primaryImageOfPage":{"@id":"https:\/\/125algarveselfstorage.eu\/sitemap\/#primaryimage"},"image":{"@id":"https:\/\/125algarveselfstorage.eu\/sitemap\/#primaryimage"},"thumbnailUrl":"https:\/\/125algarveselfstorage.eu\/wp-content\/uploads\/2024\/08\/Sitemap-125AlgarveSelfStorage_eu.jpg","datePublished":"2024-08-16T10:35:41+00:00","dateModified":"2024-08-20T06:41:11+00:00","description":"{:en}Sitemap, 125AlgarveSelfStorage.eu. Your Trusted Self Storage Partner in Loul\u00e9, Algarve. Secure, flexible and affordable.{:pt}Mapa do site, 125AlgarveSelfStorage.eu. O seu parceiro de confian\u00e7a em Self Storage em Loul\u00e9, Algarve. Seguro, flex\u00edvel e acess\u00edvel.{:}","breadcrumb":{"@id":"https:\/\/125algarveselfstorage.eu\/sitemap\/#breadcrumb"},"inLanguage":"pt-PT","potentialAction":[{"@type":"ReadAction","target":["https:\/\/125algarveselfstorage.eu\/sitemap\/"]}]},{"@type":"ImageObject","inLanguage":"pt-PT","@id":"https:\/\/125algarveselfstorage.eu\/sitemap\/#primaryimage","url":"https:\/\/125algarveselfstorage.eu\/wp-content\/uploads\/2024\/08\/Sitemap-125AlgarveSelfStorage_eu.jpg","contentUrl":"https:\/\/125algarveselfstorage.eu\/wp-content\/uploads\/2024\/08\/Sitemap-125AlgarveSelfStorage_eu.jpg"},{"@type":"BreadcrumbList","@id":"https:\/\/125algarveselfstorage.eu\/sitemap\/#breadcrumb","itemListElement":[{"@type":"ListItem","position":1,"name":"Home","item":"https:\/\/125algarveselfstorage.eu\/"},{"@type":"ListItem","position":2,"name":"Sitemap"}]},{"@type":"WebSite","@id":"https:\/\/125algarveselfstorage.eu\/#website","url":"https:\/\/125algarveselfstorage.eu\/","name":"125AlgarveSelfStorage.eu","description":"[:en]Secure Self Storage Facility on the EN125 between Boliquieme and Almancil, Algarve.[:pt]Contentores de Autoarmazenamento Seguros, Loul\u00e9, Algarve, Portugal.[:]","publisher":{"@id":"https:\/\/125algarveselfstorage.eu\/#organization"},"potentialAction":[{"@type":"SearchAction","target":{"@type":"EntryPoint","urlTemplate":"https:\/\/125algarveselfstorage.eu\/?s={search_term_string}"},"query-input":{"@type":"PropertyValueSpecification","valueRequired":true,"valueName":"search_term_string"}}],"inLanguage":"pt-PT"},{"@type":"Organization","@id":"https:\/\/125algarveselfstorage.eu\/#organization","name":"125AlgarveSelfStorage.eu","url":"https:\/\/125algarveselfstorage.eu\/","logo":{"@type":"ImageObject","inLanguage":"pt-PT","@id":"https:\/\/125algarveselfstorage.eu\/#\/schema\/logo\/image\/","url":"https:\/\/125algarveselfstorage.eu\/wp-content\/uploads\/2024\/10\/125-Algarve-Self-Storage-Logo-Small.png","contentUrl":"https:\/\/125algarveselfstorage.eu\/wp-content\/uploads\/2024\/10\/125-Algarve-Self-Storage-Logo-Small.png","width":150,"height":150,"caption":"125AlgarveSelfStorage.eu"},"image":{"@id":"https:\/\/125algarveselfstorage.eu\/#\/schema\/logo\/image\/"}}]}},"jetpack_sharing_enabled":true,"_links":{"self":[{"href":"https:\/\/125algarveselfstorage.eu\/pt\/wp-json\/wp\/v2\/pages\/272","targetHints":{"allow":["GET"]}}],"collection":[{"href":"https:\/\/125algarveselfstorage.eu\/pt\/wp-json\/wp\/v2\/pages"}],"about":[{"href":"https:\/\/125algarveselfstorage.eu\/pt\/wp-json\/wp\/v2\/types\/page"}],"author":[{"embeddable":true,"href":"https:\/\/125algarveselfstorage.eu\/pt\/wp-json\/wp\/v2\/users\/1"}],"replies":[{"embeddable":true,"href":"https:\/\/125algarveselfstorage.eu\/pt\/wp-json\/wp\/v2\/comments?post=272"}],"version-history":[{"count":8,"href":"https:\/\/125algarveselfstorage.eu\/pt\/wp-json\/wp\/v2\/pages\/272\/revisions"}],"predecessor-version":[{"id":314,"href":"https:\/\/125algarveselfstorage.eu\/pt\/wp-json\/wp\/v2\/pages\/272\/revisions\/314"}],"wp:attachment":[{"href":"https:\/\/125algarveselfstorage.eu\/pt\/wp-json\/wp\/v2\/media?parent=272"}],"curies":[{"name":"wp","href":"https:\/\/api.w.org\/{rel}","templated":true}]}}