{"id":205,"date":"2024-08-16T07:24:46","date_gmt":"2024-08-16T07:24:46","guid":{"rendered":"https:\/\/125algarveselfstorage.eu\/?page_id=205"},"modified":"2024-10-31T21:33:50","modified_gmt":"2024-10-31T21:33:50","slug":"youll-like-our-prices","status":"publish","type":"page","link":"https:\/\/125algarveselfstorage.eu\/pt\/seguranca-flexibilidade-acessibilidade\/vai-gostar-dos-nossos-precos\/","title":{"rendered":"Vai gostar dos nossos pre\u00e7os"},"content":{"rendered":"<p><strong>Vai gostar dos nossos pre\u00e7os! Se procura self storage acess\u00edvel e de alta qualidade no Algarve, n\u00e3o procure mais, 125AlgarveSelfStorage.eu. Contacte-nos hoje para obter um or\u00e7amento gratuito e descobrir como podemos satisfazer as suas necessidades de armazenamento a um pre\u00e7o que vai adorar. Quer esteja a armazenar artigos pessoais, invent\u00e1rio comercial ou qualquer outra coisa, estamos aqui para ajud\u00e1-lo em cada etapa do processo.<\/strong><\/p>\n<div class=\"responsive-tabs\">\n<h2 class=\"tabtitle\">Or\u00e7amento de autoarmazenamento<\/h2>\n<div class=\"tabcontent\">\n\n<h2>Vai gostar dos nossos pre\u00e7os em 125AlgarveSelfStorage.eu<\/h2>\n<p>Quando se trata de auto-armazenamento, encontrar uma op\u00e7\u00e3o fi\u00e1vel e acess\u00edvel pode ser um desafio. Na 125AlgarveSelfStorage.eu, com sede em Loul\u00e9, Algarve, Portugal, entendemos que o custo \u00e9 um factor significativo para os nossos clientes. \u00c9 por isso que nos orgulhamos de oferecer pre\u00e7os competitivos sem comprometer a qualidade do nosso servi\u00e7o. Quer precise de armazenamento para artigos pessoais, invent\u00e1rio comercial ou qualquer coisa entre eles, temos a solu\u00e7\u00e3o certa a um pre\u00e7o que se adapta ao seu or\u00e7amento.<\/p>\n<h3>Seguran\u00e7a, flexibilidade, acessibilidade<\/h3>\n\n<!-- Page-list plugin v.5.9 wordpress.org\/plugins\/page-list\/ -->\n<ul class=\"page-list siblings-page-list \">\n<li class=\"page_item page-item-203\"><a href=\"https:\/\/125algarveselfstorage.eu\/pt\/seguranca-flexibilidade-acessibilidade\/curto-ou-longo-prazo-a-sua-escolha\/\">Curto ou Longo Prazo, \u00e0 sua escolha<\/a><\/li>\n<li class=\"page_item page-item-205\"><a href=\"https:\/\/125algarveselfstorage.eu\/pt\/seguranca-flexibilidade-acessibilidade\/vai-gostar-dos-nossos-precos\/\">Vai gostar dos nossos pre\u00e7os<\/a><\/li>\n<li class=\"page_item page-item-201\"><a href=\"https:\/\/125algarveselfstorage.eu\/pt\/seguranca-flexibilidade-acessibilidade\/os-seus-pertences-estao-seguros-conosco\/\">Os seus pertences est\u00e3o seguros conosco<\/a><\/li>\n\n<\/ul>\n\n<div class=\"wpcf7 no-js\" id=\"wpcf7-f78-o2\" lang=\"en-US\" dir=\"ltr\" data-wpcf7-id=\"78\">\n<div class=\"screen-reader-response\"><p role=\"status\" aria-live=\"polite\" aria-atomic=\"true\"><\/p> <ul><\/ul><\/div>\n<form action=\"\/pt\/wp-json\/wp\/v2\/pages\/205#wpcf7-f78-o2\" method=\"post\" class=\"wpcf7-form init\" aria-label=\"Contact form\" novalidate=\"novalidate\" data-status=\"init\">\n<fieldset class=\"hidden-fields-container\"><input type=\"hidden\" name=\"_wpcf7\" value=\"78\" \/><input type=\"hidden\" name=\"_wpcf7_version\" value=\"6.1.5\" \/><input type=\"hidden\" name=\"_wpcf7_locale\" value=\"en_US\" \/><input type=\"hidden\" name=\"_wpcf7_unit_tag\" value=\"wpcf7-f78-o2\" \/><input type=\"hidden\" name=\"_wpcf7_container_post\" value=\"0\" \/><input type=\"hidden\" name=\"_wpcf7_posted_data_hash\" value=\"\" \/>\n<\/fieldset>\n<div id=\"quoteform\">\n\t<p><span class=\"wpcf7-form-control-wrap\" data-name=\"qname\"><input size=\"40\" maxlength=\"400\" class=\"wpcf7-form-control wpcf7-text wpcf7-validates-as-required qf\" aria-required=\"true\" aria-invalid=\"false\" placeholder=\"O seu nome...\" value=\"\" type=\"text\" name=\"qname\" \/><\/span><span class=\"wpcf7-form-control-wrap\" data-name=\"qemail\"><input size=\"40\" maxlength=\"400\" class=\"wpcf7-form-control wpcf7-email wpcf7-validates-as-required wpcf7-text wpcf7-validates-as-email qf\" aria-required=\"true\" aria-invalid=\"false\" placeholder=\"O seu endere\u00e7o de email...\" value=\"\" type=\"email\" name=\"qemail\" \/><\/span><span class=\"wpcf7-form-control-wrap\" data-name=\"qphone\"><input size=\"40\" maxlength=\"400\" class=\"wpcf7-form-control wpcf7-tel wpcf7-text wpcf7-validates-as-tel qf\" aria-invalid=\"false\" placeholder=\"O seu &#039;n\u00famero de telefone (opcional)\" value=\"\" type=\"tel\" name=\"qphone\" \/><\/span><span class=\"wpcf7-form-control-wrap\" data-name=\"qmessage\"><textarea cols=\"40\" rows=\"10\" maxlength=\"2000\" class=\"wpcf7-form-control wpcf7-textarea qf\" aria-invalid=\"false\" placeholder=\"conte-nos um pouco sobre as suas necessidades de armazenamento\" name=\"qmessage\"><\/textarea><\/span><span class=\"wpcf7-form-control-wrap\" data-name=\"quiz-294\"><label><span class=\"wpcf7-quiz-label\">To stop the spammers, please tell us which number is larger, 3 or 8.<\/span> <input size=\"40\" class=\"wpcf7-form-control wpcf7-quiz qf\" autocomplete=\"off\" aria-required=\"true\" aria-invalid=\"false\" type=\"text\" name=\"quiz-294\" \/><\/label><input type=\"hidden\" name=\"_wpcf7_quiz_answer_quiz-294\" value=\"935b3453fb5f2e70f7709ed2925160b3\" \/><\/span>\n\t<div class=\"wpcf7-response-output\" aria-hidden=\"true\"><\/div><input class=\"wpcf7-form-control wpcf7-submit has-spinner qf\" type=\"submit\" value=\"Clique para obter a sua cota\u00e7\u00e3o!\" \/>\n\t<\/p>\n<\/div>\n<\/form>\n<\/div>\n\n<p>Escolher um fornecedor de auto-armazenamento envolve mais do que apenas encontrar a op\u00e7\u00e3o mais barata \u2013 trata-se de encontrar o melhor valor. Na 125AlgarveSelfStorage.eu, combinamos pre\u00e7os competitivos com instala\u00e7\u00f5es e um servi\u00e7o de apoio ao cliente de primeira qualidade. A nossa localiza\u00e7\u00e3o em Loul\u00e9 \u00e9 conveniente para qualquer pessoa na regi\u00e3o do Algarve e as nossas op\u00e7\u00f5es de aluguer flex\u00edveis significam que nunca pagar\u00e1 mais do que precisa.<\/p>\n\n<\/div><h2 class=\"tabtitle\">Pre\u00e7os competitivos de auto-armazenamento<\/h2>\n<div class=\"tabcontent\">\n\n<h2>Pre\u00e7o acess\u00edvel, servi\u00e7o de alta qualidade<\/h2>\n<p>Na 125AlgarveSelfStorage.eu a nossa filosofia \u00e9 simples: prestar um servi\u00e7o de excel\u00eancia a um pre\u00e7o que oferece grande valor. Acreditamos que todos devem ter acesso a instala\u00e7\u00f5es de armazenamento seguras, limpas e bem conservadas, sem gastar muito. A nossa estrutura de pre\u00e7os foi concebida para ser transparente e direta, para que n\u00e3o encontre taxas ocultas ou custos inesperados.<\/p>\n<p>Oferecemos uma variedade de tamanhos de unidades de armazenamento, garantindo que paga apenas pelo espa\u00e7o de que necessita. Quer pretenda guardar algumas caixas ou o conte\u00fado de uma casa inteira, temos a unidade certa para si. A nossa equipa est\u00e1 sempre dispon\u00edvel para o ajudar a escolher a op\u00e7\u00e3o com melhor rela\u00e7\u00e3o custo-benef\u00edcio, e oferecemos regularmente promo\u00e7\u00f5es e descontos para tornar os nossos servi\u00e7os ainda mais acess\u00edveis.<\/p>\n<h3>Op\u00e7\u00f5es flex\u00edveis de aluguer<\/h3>\n<p>Uma das raz\u00f5es pelas quais os nossos clientes nos adoram s\u00e3o os nossos termos de aluguer flex\u00edveis. Entendemos que as necessidades de armazenamento podem variar muito, por isso oferecemos op\u00e7\u00f5es de aluguer de curto e longo prazo. Quer necessite de armazenamento durante algumas semanas enquanto muda de casa ou de uma solu\u00e7\u00e3o a longo prazo para o stock da sua empresa, podemos satisfazer as suas necessidades sem o prender a um contrato longo.<\/p>\n<p>Esta flexibilidade n\u00e3o s\u00f3 poupa dinheiro, como tamb\u00e9m permite ajustar o seu plano de armazenamento \u00e0 medida que as suas necessidades mudam. Os nossos contratos de arrendamento mensais significam que nunca est\u00e1 vinculado a um compromisso de longo prazo, dando-lhe a liberdade de alugar uma unidade durante o tempo que precisar.<\/p>\n<h3>Servi\u00e7os de valor acrescentado<\/h3>\n<p>Na 125AlgarveSelfStorage.eu vamos al\u00e9m da oferta de espa\u00e7o de armazenamento. Oferecemos uma gama de servi\u00e7os adicionais que acrescentam ainda mais valor ao seu arrendamento. Isto inclui acesso 24 horas por dia, 7 dias por semana \u00e0 sua unidade, garantindo que pode recolher os seus pertences sempre que lhe for conveniente. Tamb\u00e9m oferecemos medidas de seguran\u00e7a de \u00faltima gera\u00e7\u00e3o, incluindo vigil\u00e2ncia CCTV, controlos de acesso seguros e pessoal no local, tudo inclu\u00eddo no custo do seu aluguer.<\/p>\n<p>Compreendemos que mover e armazenar artigos pode ser stressante e dispendioso. \u00c9 por isso que oferecemos materiais de embalagem e servi\u00e7os de mudan\u00e7a a pre\u00e7os competitivos, ajudando a aliviar o fardo e a poupar dinheiro. O nosso objetivo \u00e9 tornar o processo de armazenamento o mais tranquilo e econ\u00f3mico poss\u00edvel.<\/p>\n<h3>Porqu\u00ea escolher o 125AlgarveSelfStorage.eu?<\/h3>\n<p>Escolher um fornecedor de auto-armazenamento envolve mais do que apenas encontrar a op\u00e7\u00e3o mais barata \u2013 trata-se de encontrar o melhor valor. Na 125AlgarveSelfStorage.eu, combinamos pre\u00e7os competitivos com instala\u00e7\u00f5es e um servi\u00e7o de apoio ao cliente de primeira qualidade. A nossa localiza\u00e7\u00e3o em Loul\u00e9 \u00e9 conveniente para qualquer pessoa na regi\u00e3o do Algarve e as nossas op\u00e7\u00f5es de aluguer flex\u00edveis significam que nunca pagar\u00e1 mais do que precisa.<\/p>\n<p>Estamos certos de que ir\u00e1 gostar dos nossos pre\u00e7os, mas tamb\u00e9m acreditamos que ir\u00e1 apreciar a qualidade e o cuidado que dedicamos a cada aspeto do nosso servi\u00e7o. Desde as nossas unidades limpas e seguras at\u00e9 \u00e0 nossa equipa simp\u00e1tica e experiente, esfor\u00e7amo-nos para oferecer uma experi\u00eancia de armazenamento que corresponda e supere as suas expectativas.<\/p>\n<p><em><strong>Obtenha hoje mesmo a sua cota\u00e7\u00e3o!<\/strong><\/em><\/p>\n<p><\/div><\/div><\/p>","protected":false},"excerpt":{"rendered":"<p>Vai gostar dos nossos pre\u00e7os! Self storage acess\u00edvel e de alta qualidade, Loul\u00e9, Algarve.<\/p>\n","protected":false},"author":1,"featured_media":463,"parent":197,"menu_order":0,"comment_status":"closed","ping_status":"closed","template":"","meta":{"footnotes":""},"class_list":["post-205","page","type-page","status-publish","has-post-thumbnail","hentry"],"yoast_head":"<!-- This site is optimized with the Yoast SEO plugin v27.3 - https:\/\/yoast.com\/product\/yoast-seo-wordpress\/ -->\n<title>Vai gostar dos nossos pre\u00e7os! Self Storage Acess\u00edvel e Seguro, Algarve.<\/title>\n<meta name=\"description\" content=\"{:en}You&#039;ll Like Our Prices!\u00a0 For affordable, high-quality self-storage on the Algarve, look no further than 125AlgarveSelfStorage.eu.{:pt}Vai gostar dos nossos pre\u00e7os! Para um auto-armazenamento acess\u00edvel e de alta qualidade no Algarve, n\u00e3o procure mais, 125AlgarveSelfStorage.eu.{:}\" \/>\n<meta name=\"robots\" content=\"index, follow, max-snippet:-1, max-image-preview:large, max-video-preview:-1\" \/>\n<link rel=\"canonical\" href=\"https:\/\/125algarveselfstorage.eu\/security-flexibility-affordability\/youll-like-our-prices\/\" \/>\n<meta property=\"og:locale\" content=\"pt_PT\" \/>\n<meta property=\"og:type\" content=\"article\" \/>\n<meta property=\"og:title\" content=\"[:en]You&#039;ll Like Our Prices!\u00a0 Affordable, Secure Self-Storage, Algarve.[:pt]Vai gostar dos nossos pre\u00e7os! Self Storage Acess\u00edvel e Seguro, Algarve.[:]\" \/>\n<meta property=\"og:description\" content=\"{:en}You&#039;ll Like Our Prices!\u00a0 For affordable, high-quality self-storage on the Algarve, look no further than 125AlgarveSelfStorage.eu.{:pt}Vai gostar dos nossos pre\u00e7os! Para um auto-armazenamento acess\u00edvel e de alta qualidade no Algarve, n\u00e3o procure mais, 125AlgarveSelfStorage.eu.{:}\" \/>\n<meta property=\"og:url\" content=\"https:\/\/125algarveselfstorage.eu\/security-flexibility-affordability\/youll-like-our-prices\/\" \/>\n<meta property=\"og:site_name\" content=\"125 Algarve Self Storage\" \/>\n<meta property=\"article:modified_time\" content=\"2024-10-31T21:33:50+00:00\" \/>\n<meta property=\"og:image\" content=\"https:\/\/125algarveselfstorage.eu\/wp-content\/uploads\/2024\/10\/Youll-Like-Our-Prices-3.jpg\" \/>\n\t<meta property=\"og:image:width\" content=\"1200\" \/>\n\t<meta property=\"og:image:height\" content=\"630\" \/>\n\t<meta property=\"og:image:type\" content=\"image\/jpeg\" \/>\n<meta name=\"twitter:card\" content=\"summary_large_image\" \/>\n<meta name=\"twitter:label1\" content=\"Tempo estimado de leitura\" \/>\n\t<meta name=\"twitter:data1\" content=\"4 minutos\" \/>\n<script type=\"application\/ld+json\" class=\"yoast-schema-graph\">{\"@context\":\"https:\\\/\\\/schema.org\",\"@graph\":[{\"@type\":\"WebPage\",\"@id\":\"https:\\\/\\\/125algarveselfstorage.eu\\\/security-flexibility-affordability\\\/youll-like-our-prices\\\/\",\"url\":\"https:\\\/\\\/125algarveselfstorage.eu\\\/security-flexibility-affordability\\\/youll-like-our-prices\\\/\",\"name\":\"[:en]You'll Like Our Prices!\u00a0 Affordable, Secure Self-Storage, Algarve.[:pt]Vai gostar dos nossos pre\u00e7os! Self Storage Acess\u00edvel e Seguro, Algarve.[:]\",\"isPartOf\":{\"@id\":\"https:\\\/\\\/125algarveselfstorage.eu\\\/#website\"},\"primaryImageOfPage\":{\"@id\":\"https:\\\/\\\/125algarveselfstorage.eu\\\/security-flexibility-affordability\\\/youll-like-our-prices\\\/#primaryimage\"},\"image\":{\"@id\":\"https:\\\/\\\/125algarveselfstorage.eu\\\/security-flexibility-affordability\\\/youll-like-our-prices\\\/#primaryimage\"},\"thumbnailUrl\":\"https:\\\/\\\/125algarveselfstorage.eu\\\/wp-content\\\/uploads\\\/2024\\\/10\\\/Youll-Like-Our-Prices-3.jpg\",\"datePublished\":\"2024-08-16T07:24:46+00:00\",\"dateModified\":\"2024-10-31T21:33:50+00:00\",\"description\":\"{:en}You'll Like Our Prices!\u00a0 For affordable, high-quality self-storage on the Algarve, look no further than 125AlgarveSelfStorage.eu.{:pt}Vai gostar dos nossos pre\u00e7os! Para um auto-armazenamento acess\u00edvel e de alta qualidade no Algarve, n\u00e3o procure mais, 125AlgarveSelfStorage.eu.{:}\",\"breadcrumb\":{\"@id\":\"https:\\\/\\\/125algarveselfstorage.eu\\\/security-flexibility-affordability\\\/youll-like-our-prices\\\/#breadcrumb\"},\"inLanguage\":\"pt-PT\",\"potentialAction\":[{\"@type\":\"ReadAction\",\"target\":[\"https:\\\/\\\/125algarveselfstorage.eu\\\/security-flexibility-affordability\\\/youll-like-our-prices\\\/\"]}]},{\"@type\":\"ImageObject\",\"inLanguage\":\"pt-PT\",\"@id\":\"https:\\\/\\\/125algarveselfstorage.eu\\\/security-flexibility-affordability\\\/youll-like-our-prices\\\/#primaryimage\",\"url\":\"https:\\\/\\\/125algarveselfstorage.eu\\\/wp-content\\\/uploads\\\/2024\\\/10\\\/Youll-Like-Our-Prices-3.jpg\",\"contentUrl\":\"https:\\\/\\\/125algarveselfstorage.eu\\\/wp-content\\\/uploads\\\/2024\\\/10\\\/Youll-Like-Our-Prices-3.jpg\",\"width\":1200,\"height\":630},{\"@type\":\"BreadcrumbList\",\"@id\":\"https:\\\/\\\/125algarveselfstorage.eu\\\/security-flexibility-affordability\\\/youll-like-our-prices\\\/#breadcrumb\",\"itemListElement\":[{\"@type\":\"ListItem\",\"position\":1,\"name\":\"Home\",\"item\":\"https:\\\/\\\/125algarveselfstorage.eu\\\/\"},{\"@type\":\"ListItem\",\"position\":2,\"name\":\"[:en]Security, Flexibility, Affordability[:pt]Seguran\u00e7a, flexibilidade, acessibilidade[:]\",\"item\":\"https:\\\/\\\/125algarveselfstorage.eu\\\/security-flexibility-affordability\\\/\"},{\"@type\":\"ListItem\",\"position\":3,\"name\":\"You&#8217;ll Like Our Prices\"}]},{\"@type\":\"WebSite\",\"@id\":\"https:\\\/\\\/125algarveselfstorage.eu\\\/#website\",\"url\":\"https:\\\/\\\/125algarveselfstorage.eu\\\/\",\"name\":\"125AlgarveSelfStorage.eu\",\"description\":\"[:en]Secure Self Storage Facility on the EN125 between Boliquieme and Almancil, Algarve.[:pt]Contentores de Autoarmazenamento Seguros, Loul\u00e9, Algarve, Portugal.[:]\",\"publisher\":{\"@id\":\"https:\\\/\\\/125algarveselfstorage.eu\\\/#organization\"},\"potentialAction\":[{\"@type\":\"SearchAction\",\"target\":{\"@type\":\"EntryPoint\",\"urlTemplate\":\"https:\\\/\\\/125algarveselfstorage.eu\\\/?s={search_term_string}\"},\"query-input\":{\"@type\":\"PropertyValueSpecification\",\"valueRequired\":true,\"valueName\":\"search_term_string\"}}],\"inLanguage\":\"pt-PT\"},{\"@type\":\"Organization\",\"@id\":\"https:\\\/\\\/125algarveselfstorage.eu\\\/#organization\",\"name\":\"125AlgarveSelfStorage.eu\",\"url\":\"https:\\\/\\\/125algarveselfstorage.eu\\\/\",\"logo\":{\"@type\":\"ImageObject\",\"inLanguage\":\"pt-PT\",\"@id\":\"https:\\\/\\\/125algarveselfstorage.eu\\\/#\\\/schema\\\/logo\\\/image\\\/\",\"url\":\"https:\\\/\\\/125algarveselfstorage.eu\\\/wp-content\\\/uploads\\\/2024\\\/10\\\/125-Algarve-Self-Storage-Logo-Small.png\",\"contentUrl\":\"https:\\\/\\\/125algarveselfstorage.eu\\\/wp-content\\\/uploads\\\/2024\\\/10\\\/125-Algarve-Self-Storage-Logo-Small.png\",\"width\":150,\"height\":150,\"caption\":\"125AlgarveSelfStorage.eu\"},\"image\":{\"@id\":\"https:\\\/\\\/125algarveselfstorage.eu\\\/#\\\/schema\\\/logo\\\/image\\\/\"}}]}<\/script>\n<!-- \/ Yoast SEO plugin. -->","yoast_head_json":{"title":"[:en]You'll Like Our Prices!\u00a0 Affordable, Secure Self-Storage, Algarve.[:pt]Vai gostar dos nossos pre\u00e7os! Self Storage Acess\u00edvel e Seguro, Algarve.[:]","description":"{:en}You'll Like Our Prices!\u00a0 For affordable, high-quality self-storage on the Algarve, look no further than 125AlgarveSelfStorage.eu.{:pt}Vai gostar dos nossos pre\u00e7os! Para um auto-armazenamento acess\u00edvel e de alta qualidade no Algarve, n\u00e3o procure mais, 125AlgarveSelfStorage.eu.{:}","robots":{"index":"index","follow":"follow","max-snippet":"max-snippet:-1","max-image-preview":"max-image-preview:large","max-video-preview":"max-video-preview:-1"},"canonical":"https:\/\/125algarveselfstorage.eu\/security-flexibility-affordability\/youll-like-our-prices\/","og_locale":"pt_PT","og_type":"article","og_title":"[:en]You'll Like Our Prices!\u00a0 Affordable, Secure Self-Storage, Algarve.[:pt]Vai gostar dos nossos pre\u00e7os! Self Storage Acess\u00edvel e Seguro, Algarve.[:]","og_description":"{:en}You'll Like Our Prices!\u00a0 For affordable, high-quality self-storage on the Algarve, look no further than 125AlgarveSelfStorage.eu.{:pt}Vai gostar dos nossos pre\u00e7os! Para um auto-armazenamento acess\u00edvel e de alta qualidade no Algarve, n\u00e3o procure mais, 125AlgarveSelfStorage.eu.{:}","og_url":"https:\/\/125algarveselfstorage.eu\/security-flexibility-affordability\/youll-like-our-prices\/","og_site_name":"125 Algarve Self Storage","article_modified_time":"2024-10-31T21:33:50+00:00","og_image":[{"width":1200,"height":630,"url":"https:\/\/125algarveselfstorage.eu\/wp-content\/uploads\/2024\/10\/Youll-Like-Our-Prices-3.jpg","type":"image\/jpeg"}],"twitter_card":"summary_large_image","twitter_misc":{"Tempo estimado de leitura":"4 minutos"},"schema":{"@context":"https:\/\/schema.org","@graph":[{"@type":"WebPage","@id":"https:\/\/125algarveselfstorage.eu\/security-flexibility-affordability\/youll-like-our-prices\/","url":"https:\/\/125algarveselfstorage.eu\/security-flexibility-affordability\/youll-like-our-prices\/","name":"[:en]You'll Like Our Prices!\u00a0 Affordable, Secure Self-Storage, Algarve.[:pt]Vai gostar dos nossos pre\u00e7os! Self Storage Acess\u00edvel e Seguro, Algarve.[:]","isPartOf":{"@id":"https:\/\/125algarveselfstorage.eu\/#website"},"primaryImageOfPage":{"@id":"https:\/\/125algarveselfstorage.eu\/security-flexibility-affordability\/youll-like-our-prices\/#primaryimage"},"image":{"@id":"https:\/\/125algarveselfstorage.eu\/security-flexibility-affordability\/youll-like-our-prices\/#primaryimage"},"thumbnailUrl":"https:\/\/125algarveselfstorage.eu\/wp-content\/uploads\/2024\/10\/Youll-Like-Our-Prices-3.jpg","datePublished":"2024-08-16T07:24:46+00:00","dateModified":"2024-10-31T21:33:50+00:00","description":"{:en}You'll Like Our Prices!\u00a0 For affordable, high-quality self-storage on the Algarve, look no further than 125AlgarveSelfStorage.eu.{:pt}Vai gostar dos nossos pre\u00e7os! Para um auto-armazenamento acess\u00edvel e de alta qualidade no Algarve, n\u00e3o procure mais, 125AlgarveSelfStorage.eu.{:}","breadcrumb":{"@id":"https:\/\/125algarveselfstorage.eu\/security-flexibility-affordability\/youll-like-our-prices\/#breadcrumb"},"inLanguage":"pt-PT","potentialAction":[{"@type":"ReadAction","target":["https:\/\/125algarveselfstorage.eu\/security-flexibility-affordability\/youll-like-our-prices\/"]}]},{"@type":"ImageObject","inLanguage":"pt-PT","@id":"https:\/\/125algarveselfstorage.eu\/security-flexibility-affordability\/youll-like-our-prices\/#primaryimage","url":"https:\/\/125algarveselfstorage.eu\/wp-content\/uploads\/2024\/10\/Youll-Like-Our-Prices-3.jpg","contentUrl":"https:\/\/125algarveselfstorage.eu\/wp-content\/uploads\/2024\/10\/Youll-Like-Our-Prices-3.jpg","width":1200,"height":630},{"@type":"BreadcrumbList","@id":"https:\/\/125algarveselfstorage.eu\/security-flexibility-affordability\/youll-like-our-prices\/#breadcrumb","itemListElement":[{"@type":"ListItem","position":1,"name":"Home","item":"https:\/\/125algarveselfstorage.eu\/"},{"@type":"ListItem","position":2,"name":"[:en]Security, Flexibility, Affordability[:pt]Seguran\u00e7a, flexibilidade, acessibilidade[:]","item":"https:\/\/125algarveselfstorage.eu\/security-flexibility-affordability\/"},{"@type":"ListItem","position":3,"name":"You&#8217;ll Like Our Prices"}]},{"@type":"WebSite","@id":"https:\/\/125algarveselfstorage.eu\/#website","url":"https:\/\/125algarveselfstorage.eu\/","name":"125AlgarveSelfStorage.eu","description":"[:en]Secure Self Storage Facility on the EN125 between Boliquieme and Almancil, Algarve.[:pt]Contentores de Autoarmazenamento Seguros, Loul\u00e9, Algarve, Portugal.[:]","publisher":{"@id":"https:\/\/125algarveselfstorage.eu\/#organization"},"potentialAction":[{"@type":"SearchAction","target":{"@type":"EntryPoint","urlTemplate":"https:\/\/125algarveselfstorage.eu\/?s={search_term_string}"},"query-input":{"@type":"PropertyValueSpecification","valueRequired":true,"valueName":"search_term_string"}}],"inLanguage":"pt-PT"},{"@type":"Organization","@id":"https:\/\/125algarveselfstorage.eu\/#organization","name":"125AlgarveSelfStorage.eu","url":"https:\/\/125algarveselfstorage.eu\/","logo":{"@type":"ImageObject","inLanguage":"pt-PT","@id":"https:\/\/125algarveselfstorage.eu\/#\/schema\/logo\/image\/","url":"https:\/\/125algarveselfstorage.eu\/wp-content\/uploads\/2024\/10\/125-Algarve-Self-Storage-Logo-Small.png","contentUrl":"https:\/\/125algarveselfstorage.eu\/wp-content\/uploads\/2024\/10\/125-Algarve-Self-Storage-Logo-Small.png","width":150,"height":150,"caption":"125AlgarveSelfStorage.eu"},"image":{"@id":"https:\/\/125algarveselfstorage.eu\/#\/schema\/logo\/image\/"}}]}},"jetpack_sharing_enabled":true,"_links":{"self":[{"href":"https:\/\/125algarveselfstorage.eu\/pt\/wp-json\/wp\/v2\/pages\/205","targetHints":{"allow":["GET"]}}],"collection":[{"href":"https:\/\/125algarveselfstorage.eu\/pt\/wp-json\/wp\/v2\/pages"}],"about":[{"href":"https:\/\/125algarveselfstorage.eu\/pt\/wp-json\/wp\/v2\/types\/page"}],"author":[{"embeddable":true,"href":"https:\/\/125algarveselfstorage.eu\/pt\/wp-json\/wp\/v2\/users\/1"}],"replies":[{"embeddable":true,"href":"https:\/\/125algarveselfstorage.eu\/pt\/wp-json\/wp\/v2\/comments?post=205"}],"version-history":[{"count":8,"href":"https:\/\/125algarveselfstorage.eu\/pt\/wp-json\/wp\/v2\/pages\/205\/revisions"}],"predecessor-version":[{"id":318,"href":"https:\/\/125algarveselfstorage.eu\/pt\/wp-json\/wp\/v2\/pages\/205\/revisions\/318"}],"up":[{"embeddable":true,"href":"https:\/\/125algarveselfstorage.eu\/pt\/wp-json\/wp\/v2\/pages\/197"}],"wp:featuredmedia":[{"embeddable":true,"href":"https:\/\/125algarveselfstorage.eu\/pt\/wp-json\/wp\/v2\/media\/463"}],"wp:attachment":[{"href":"https:\/\/125algarveselfstorage.eu\/pt\/wp-json\/wp\/v2\/media?parent=205"}],"curies":[{"name":"wp","href":"https:\/\/api.w.org\/{rel}","templated":true}]}}