{"id":197,"date":"2024-08-16T07:22:25","date_gmt":"2024-08-16T07:22:25","guid":{"rendered":"https:\/\/125algarveselfstorage.eu\/?page_id=197"},"modified":"2025-01-15T12:15:45","modified_gmt":"2025-01-15T12:15:45","slug":"security-flexibility-affordability","status":"publish","type":"page","link":"https:\/\/125algarveselfstorage.eu\/pt\/seguranca-flexibilidade-acessibilidade\/","title":{"rendered":"Seguran\u00e7a, flexibilidade, acessibilidade"},"content":{"rendered":"<p>No 125AlgarveSelfStorage.eu em Loul\u00e9 damos prioridade \u00e0 seguran\u00e7a, flexibilidade e acessibilidade. As nossas instala\u00e7\u00f5es est\u00e3o equipadas com vigil\u00e2ncia 24 horas por dia, 7 dias por semana e controlos de acesso seguros, garantindo a seguran\u00e7a dos seus pertences. Oferecemos condi\u00e7\u00f5es de aluguer flex\u00edveis para satisfazer as necessidades de curto e longo prazo, permitindo-lhe ajustar o seu plano de armazenamento conforme necess\u00e1rio. Al\u00e9m disso, os nossos pre\u00e7os competitivos significam que obt\u00e9m solu\u00e7\u00f5es de armazenamento de alta qualidade sem gastar muito!<\/p>","protected":false},"excerpt":{"rendered":"<p>No 125AlgarveSelfStorage.eu em Loul\u00e9 damos prioridade \u00e0 seguran\u00e7a, flexibilidade e acessibilidade. As nossas instala\u00e7\u00f5es est\u00e3o equipadas com vigil\u00e2ncia 24 horas &hellip; <\/p>\n","protected":false},"author":1,"featured_media":0,"parent":0,"menu_order":7,"comment_status":"closed","ping_status":"closed","template":"","meta":{"footnotes":""},"class_list":["post-197","page","type-page","status-publish","hentry"],"yoast_head":"<!-- This site is optimized with the Yoast SEO plugin v27.3 - https:\/\/yoast.com\/product\/yoast-seo-wordpress\/ -->\n<title>Seguran\u00e7a, flexibilidade, acessibilidade - 125 Algarve Self Storage<\/title>\n<meta name=\"robots\" content=\"noindex, nofollow\" \/>\n<meta property=\"og:locale\" content=\"pt_PT\" \/>\n<meta property=\"og:type\" content=\"article\" \/>\n<meta property=\"og:title\" content=\"[:en]Security, Flexibility, Affordability[:pt]Seguran\u00e7a, flexibilidade, acessibilidade[:] - 125 Algarve Self Storage\" \/>\n<meta property=\"og:description\" content=\"No 125AlgarveSelfStorage.eu em Loul\u00e9 damos prioridade \u00e0 seguran\u00e7a, flexibilidade e acessibilidade. As nossas instala\u00e7\u00f5es est\u00e3o equipadas com vigil\u00e2ncia 24 horas &hellip;\" \/>\n<meta property=\"og:url\" content=\"https:\/\/125algarveselfstorage.eu\/security-flexibility-affordability\/\" \/>\n<meta property=\"og:site_name\" content=\"125 Algarve Self Storage\" \/>\n<meta property=\"article:modified_time\" content=\"2025-01-15T12:15:45+00:00\" \/>\n<meta name=\"twitter:card\" content=\"summary_large_image\" \/>\n<meta name=\"twitter:label1\" content=\"Tempo estimado de leitura\" \/>\n\t<meta name=\"twitter:data1\" content=\"1 minuto\" \/>\n<script type=\"application\/ld+json\" class=\"yoast-schema-graph\">{\"@context\":\"https:\\\/\\\/schema.org\",\"@graph\":[{\"@type\":\"WebPage\",\"@id\":\"https:\\\/\\\/125algarveselfstorage.eu\\\/security-flexibility-affordability\\\/\",\"url\":\"https:\\\/\\\/125algarveselfstorage.eu\\\/security-flexibility-affordability\\\/\",\"name\":\"[:en]Security, Flexibility, Affordability[:pt]Seguran\u00e7a, flexibilidade, acessibilidade[:] - 125 Algarve Self Storage\",\"isPartOf\":{\"@id\":\"https:\\\/\\\/125algarveselfstorage.eu\\\/#website\"},\"datePublished\":\"2024-08-16T07:22:25+00:00\",\"dateModified\":\"2025-01-15T12:15:45+00:00\",\"breadcrumb\":{\"@id\":\"https:\\\/\\\/125algarveselfstorage.eu\\\/security-flexibility-affordability\\\/#breadcrumb\"},\"inLanguage\":\"pt-PT\",\"potentialAction\":[{\"@type\":\"ReadAction\",\"target\":[\"https:\\\/\\\/125algarveselfstorage.eu\\\/security-flexibility-affordability\\\/\"]}]},{\"@type\":\"BreadcrumbList\",\"@id\":\"https:\\\/\\\/125algarveselfstorage.eu\\\/security-flexibility-affordability\\\/#breadcrumb\",\"itemListElement\":[{\"@type\":\"ListItem\",\"position\":1,\"name\":\"Home\",\"item\":\"https:\\\/\\\/125algarveselfstorage.eu\\\/\"},{\"@type\":\"ListItem\",\"position\":2,\"name\":\"[:en]Security, Flexibility, Affordability[:pt]Seguran\u00e7a, flexibilidade, acessibilidade[:]\"}]},{\"@type\":\"WebSite\",\"@id\":\"https:\\\/\\\/125algarveselfstorage.eu\\\/#website\",\"url\":\"https:\\\/\\\/125algarveselfstorage.eu\\\/\",\"name\":\"125AlgarveSelfStorage.eu\",\"description\":\"[:en]Secure Self Storage Facility on the EN125 between Boliquieme and Almancil, Algarve.[:pt]Contentores de Autoarmazenamento Seguros, Loul\u00e9, Algarve, Portugal.[:]\",\"publisher\":{\"@id\":\"https:\\\/\\\/125algarveselfstorage.eu\\\/#organization\"},\"potentialAction\":[{\"@type\":\"SearchAction\",\"target\":{\"@type\":\"EntryPoint\",\"urlTemplate\":\"https:\\\/\\\/125algarveselfstorage.eu\\\/?s={search_term_string}\"},\"query-input\":{\"@type\":\"PropertyValueSpecification\",\"valueRequired\":true,\"valueName\":\"search_term_string\"}}],\"inLanguage\":\"pt-PT\"},{\"@type\":\"Organization\",\"@id\":\"https:\\\/\\\/125algarveselfstorage.eu\\\/#organization\",\"name\":\"125AlgarveSelfStorage.eu\",\"url\":\"https:\\\/\\\/125algarveselfstorage.eu\\\/\",\"logo\":{\"@type\":\"ImageObject\",\"inLanguage\":\"pt-PT\",\"@id\":\"https:\\\/\\\/125algarveselfstorage.eu\\\/#\\\/schema\\\/logo\\\/image\\\/\",\"url\":\"https:\\\/\\\/125algarveselfstorage.eu\\\/wp-content\\\/uploads\\\/2024\\\/10\\\/125-Algarve-Self-Storage-Logo-Small.png\",\"contentUrl\":\"https:\\\/\\\/125algarveselfstorage.eu\\\/wp-content\\\/uploads\\\/2024\\\/10\\\/125-Algarve-Self-Storage-Logo-Small.png\",\"width\":150,\"height\":150,\"caption\":\"125AlgarveSelfStorage.eu\"},\"image\":{\"@id\":\"https:\\\/\\\/125algarveselfstorage.eu\\\/#\\\/schema\\\/logo\\\/image\\\/\"}}]}<\/script>\n<!-- \/ Yoast SEO plugin. -->","yoast_head_json":{"title":"[:en]Security, Flexibility, Affordability[:pt]Seguran\u00e7a, flexibilidade, acessibilidade[:] - 125 Algarve Self Storage","robots":{"index":"noindex","follow":"nofollow"},"og_locale":"pt_PT","og_type":"article","og_title":"[:en]Security, Flexibility, Affordability[:pt]Seguran\u00e7a, flexibilidade, acessibilidade[:] - 125 Algarve Self Storage","og_description":"No 125AlgarveSelfStorage.eu em Loul\u00e9 damos prioridade \u00e0 seguran\u00e7a, flexibilidade e acessibilidade. As nossas instala\u00e7\u00f5es est\u00e3o equipadas com vigil\u00e2ncia 24 horas &hellip;","og_url":"https:\/\/125algarveselfstorage.eu\/security-flexibility-affordability\/","og_site_name":"125 Algarve Self Storage","article_modified_time":"2025-01-15T12:15:45+00:00","twitter_card":"summary_large_image","twitter_misc":{"Tempo estimado de leitura":"1 minuto"},"schema":{"@context":"https:\/\/schema.org","@graph":[{"@type":"WebPage","@id":"https:\/\/125algarveselfstorage.eu\/security-flexibility-affordability\/","url":"https:\/\/125algarveselfstorage.eu\/security-flexibility-affordability\/","name":"[:en]Security, Flexibility, Affordability[:pt]Seguran\u00e7a, flexibilidade, acessibilidade[:] - 125 Algarve Self Storage","isPartOf":{"@id":"https:\/\/125algarveselfstorage.eu\/#website"},"datePublished":"2024-08-16T07:22:25+00:00","dateModified":"2025-01-15T12:15:45+00:00","breadcrumb":{"@id":"https:\/\/125algarveselfstorage.eu\/security-flexibility-affordability\/#breadcrumb"},"inLanguage":"pt-PT","potentialAction":[{"@type":"ReadAction","target":["https:\/\/125algarveselfstorage.eu\/security-flexibility-affordability\/"]}]},{"@type":"BreadcrumbList","@id":"https:\/\/125algarveselfstorage.eu\/security-flexibility-affordability\/#breadcrumb","itemListElement":[{"@type":"ListItem","position":1,"name":"Home","item":"https:\/\/125algarveselfstorage.eu\/"},{"@type":"ListItem","position":2,"name":"[:en]Security, Flexibility, Affordability[:pt]Seguran\u00e7a, flexibilidade, acessibilidade[:]"}]},{"@type":"WebSite","@id":"https:\/\/125algarveselfstorage.eu\/#website","url":"https:\/\/125algarveselfstorage.eu\/","name":"125AlgarveSelfStorage.eu","description":"[:en]Secure Self Storage Facility on the EN125 between Boliquieme and Almancil, Algarve.[:pt]Contentores de Autoarmazenamento Seguros, Loul\u00e9, Algarve, Portugal.[:]","publisher":{"@id":"https:\/\/125algarveselfstorage.eu\/#organization"},"potentialAction":[{"@type":"SearchAction","target":{"@type":"EntryPoint","urlTemplate":"https:\/\/125algarveselfstorage.eu\/?s={search_term_string}"},"query-input":{"@type":"PropertyValueSpecification","valueRequired":true,"valueName":"search_term_string"}}],"inLanguage":"pt-PT"},{"@type":"Organization","@id":"https:\/\/125algarveselfstorage.eu\/#organization","name":"125AlgarveSelfStorage.eu","url":"https:\/\/125algarveselfstorage.eu\/","logo":{"@type":"ImageObject","inLanguage":"pt-PT","@id":"https:\/\/125algarveselfstorage.eu\/#\/schema\/logo\/image\/","url":"https:\/\/125algarveselfstorage.eu\/wp-content\/uploads\/2024\/10\/125-Algarve-Self-Storage-Logo-Small.png","contentUrl":"https:\/\/125algarveselfstorage.eu\/wp-content\/uploads\/2024\/10\/125-Algarve-Self-Storage-Logo-Small.png","width":150,"height":150,"caption":"125AlgarveSelfStorage.eu"},"image":{"@id":"https:\/\/125algarveselfstorage.eu\/#\/schema\/logo\/image\/"}}]}},"jetpack_sharing_enabled":true,"_links":{"self":[{"href":"https:\/\/125algarveselfstorage.eu\/pt\/wp-json\/wp\/v2\/pages\/197","targetHints":{"allow":["GET"]}}],"collection":[{"href":"https:\/\/125algarveselfstorage.eu\/pt\/wp-json\/wp\/v2\/pages"}],"about":[{"href":"https:\/\/125algarveselfstorage.eu\/pt\/wp-json\/wp\/v2\/types\/page"}],"author":[{"embeddable":true,"href":"https:\/\/125algarveselfstorage.eu\/pt\/wp-json\/wp\/v2\/users\/1"}],"replies":[{"embeddable":true,"href":"https:\/\/125algarveselfstorage.eu\/pt\/wp-json\/wp\/v2\/comments?post=197"}],"version-history":[{"count":5,"href":"https:\/\/125algarveselfstorage.eu\/pt\/wp-json\/wp\/v2\/pages\/197\/revisions"}],"predecessor-version":[{"id":343,"href":"https:\/\/125algarveselfstorage.eu\/pt\/wp-json\/wp\/v2\/pages\/197\/revisions\/343"}],"wp:attachment":[{"href":"https:\/\/125algarveselfstorage.eu\/pt\/wp-json\/wp\/v2\/media?parent=197"}],"curies":[{"name":"wp","href":"https:\/\/api.w.org\/{rel}","templated":true}]}}