{"id":180,"date":"2024-08-16T07:06:54","date_gmt":"2024-08-16T07:06:54","guid":{"rendered":"https:\/\/125algarveselfstorage.eu\/?page_id=180"},"modified":"2025-01-15T12:15:45","modified_gmt":"2025-01-15T12:15:45","slug":"self-storage-containers-vs-traditional-storage-units","status":"publish","type":"page","link":"https:\/\/125algarveselfstorage.eu\/pt\/recipientes-de-autoarmazenamento-versus-unidades-de-armazenamento-tradicionais\/","title":{"rendered":"Recipientes de autoarmazenamento versus unidades de armazenamento tradicionais"},"content":{"rendered":"<p><strong>Quando se trata de guardar os seus pertences, tem op\u00e7\u00f5es. Na 125AlgarveselfStorage.eu acreditamos que os contentores de auto-armazenamento oferecem vantagens significativas em rela\u00e7\u00e3o \u00e0s unidades de armazenamento tradicionais. Vamos explorar porque \u00e9 que o nosso armazenamento em contentores em Loul\u00e9, Algarve, pode ser a solu\u00e7\u00e3o perfeita para as suas necessidades.<\/strong><\/p>\n<div class=\"responsive-tabs\">\n<h2 class=\"tabtitle\">Recipientes de autoarmazenamento versus unidades de armazenamento tradicionais<\/h2>\n<div class=\"tabcontent\">\n\n<h2>Recipientes de autoarmazenamento versus unidades de armazenamento tradicionais<\/h2>\n<p>Embora as unidades de armazenamento tradicionais tenham o seu lugar, os contentores de auto-armazenamento oferecem in\u00fameras vantagens em termos de acessibilidade, flexibilidade, seguran\u00e7a e rentabilidade. Na 125AlgarveselfStorage.eu estamos empenhados em fornecer a melhor solu\u00e7\u00e3o de armazenamento para as suas necessidades.<\/p>\n\n<div class=\"wpcf7 no-js\" id=\"wpcf7-f78-o2\" lang=\"en-US\" dir=\"ltr\" data-wpcf7-id=\"78\">\n<div class=\"screen-reader-response\"><p role=\"status\" aria-live=\"polite\" aria-atomic=\"true\"><\/p> <ul><\/ul><\/div>\n<form action=\"\/pt\/wp-json\/wp\/v2\/pages\/180#wpcf7-f78-o2\" method=\"post\" class=\"wpcf7-form init\" aria-label=\"Contact form\" novalidate=\"novalidate\" data-status=\"init\">\n<fieldset class=\"hidden-fields-container\"><input type=\"hidden\" name=\"_wpcf7\" value=\"78\" \/><input type=\"hidden\" name=\"_wpcf7_version\" value=\"6.1.5\" \/><input type=\"hidden\" name=\"_wpcf7_locale\" value=\"en_US\" \/><input type=\"hidden\" name=\"_wpcf7_unit_tag\" value=\"wpcf7-f78-o2\" \/><input type=\"hidden\" name=\"_wpcf7_container_post\" value=\"0\" \/><input type=\"hidden\" name=\"_wpcf7_posted_data_hash\" value=\"\" \/>\n<\/fieldset>\n<div id=\"quoteform\">\n\t<p><span class=\"wpcf7-form-control-wrap\" data-name=\"qname\"><input size=\"40\" maxlength=\"400\" class=\"wpcf7-form-control wpcf7-text wpcf7-validates-as-required qf\" aria-required=\"true\" aria-invalid=\"false\" placeholder=\"O seu nome...\" value=\"\" type=\"text\" name=\"qname\" \/><\/span><span class=\"wpcf7-form-control-wrap\" data-name=\"qemail\"><input size=\"40\" maxlength=\"400\" class=\"wpcf7-form-control wpcf7-email wpcf7-validates-as-required wpcf7-text wpcf7-validates-as-email qf\" aria-required=\"true\" aria-invalid=\"false\" placeholder=\"O seu endere\u00e7o de email...\" value=\"\" type=\"email\" name=\"qemail\" \/><\/span><span class=\"wpcf7-form-control-wrap\" data-name=\"qphone\"><input size=\"40\" maxlength=\"400\" class=\"wpcf7-form-control wpcf7-tel wpcf7-text wpcf7-validates-as-tel qf\" aria-invalid=\"false\" placeholder=\"O seu &#039;n\u00famero de telefone (opcional)\" value=\"\" type=\"tel\" name=\"qphone\" \/><\/span><span class=\"wpcf7-form-control-wrap\" data-name=\"qmessage\"><textarea cols=\"40\" rows=\"10\" maxlength=\"2000\" class=\"wpcf7-form-control wpcf7-textarea qf\" aria-invalid=\"false\" placeholder=\"conte-nos um pouco sobre as suas necessidades de armazenamento\" name=\"qmessage\"><\/textarea><\/span><span class=\"wpcf7-form-control-wrap\" data-name=\"quiz-294\"><label><span class=\"wpcf7-quiz-label\">To stop the spammers, please tell us which number is larger, 3 or 8.<\/span> <input size=\"40\" class=\"wpcf7-form-control wpcf7-quiz qf\" autocomplete=\"off\" aria-required=\"true\" aria-invalid=\"false\" type=\"text\" name=\"quiz-294\" \/><\/label><input type=\"hidden\" name=\"_wpcf7_quiz_answer_quiz-294\" value=\"935b3453fb5f2e70f7709ed2925160b3\" \/><\/span>\n\t<div class=\"wpcf7-response-output\" aria-hidden=\"true\"><\/div><input class=\"wpcf7-form-control wpcf7-submit has-spinner qf\" type=\"submit\" value=\"Clique para obter a sua cota\u00e7\u00e3o!\" \/>\n\t<\/p>\n<\/div>\n<\/form>\n<\/div>\n\n<p>&#8216;Pronto para experimentar os benef\u00edcios dos contentores de autoarmazenamento? Contacte-nos hoje mesmo atrav\u00e9s do +351 969 427 864 por telefone ou WhatsApp. A nossa equipa em Loul\u00e9 est\u00e1 pronta para o ajudar a encontrar a solu\u00e7\u00e3o de armazenamento perfeita. N\u00e3o deixe que o espa\u00e7o limitado o impe\u00e7a \u2013 descubra a liberdade e a conveni\u00eancia dos contentores de auto-armazenamento com 125AlgarveselfStorage.eu!<\/p>\n\n<\/div><h2 class=\"tabtitle\">Contentores Self Storage, Loul\u00e9, Algarve<\/h2>\n<div class=\"tabcontent\">\n\n<h3>Acessibilidade e Conveni\u00eancia<\/h3>\n<p>Os contentores de autoarmazenamento oferecem uma acessibilidade incompar\u00e1vel. Ao contr\u00e1rio das unidades tradicionais, muitas vezes localizadas em edif\u00edcios de v\u00e1rios andares, os nossos contentores est\u00e3o ao n\u00edvel do solo. Isto significa que pode conduzir at\u00e9 \u00e0 sua unidade, facilitando a carga e a descarga. Chega de navegar por corredores estreitos ou esperar por elevadores!<\/p>\n<h3>Flexibilidade em tamanho e localiza\u00e7\u00e3o<\/h3>\n<p>Os nossos contentores v\u00eam em v\u00e1rios tamanhos para atender \u00e0s suas necessidades. Quer esteja a armazenar algumas caixas ou o conte\u00fado de uma casa inteira, temos o tamanho certo para si. As unidades tradicionais v\u00eam geralmente em tamanhos fixos, o que pode fazer com que pague por um espa\u00e7o desnecess\u00e1rio.<\/p>\n<p>Al\u00e9m disso, podemos muitas vezes colocar contentores na sua propriedade para um acesso ainda mais conveniente. Este n\u00edvel de flexibilidade \u00e9 algo que as instala\u00e7\u00f5es de armazenamento tradicionais simplesmente n\u00e3o conseguem igualar.<\/p>\n<h3>Prote\u00e7\u00e3o superior contra intemp\u00e9ries<\/h3>\n<p>O clima do Algarve pode ser um desafio para os artigos armazenados. Os nossos contentores s\u00e3o projetados para resistir aos elementos. S\u00e3o imperme\u00e1veis, resistentes a temperaturas extremas e oferecem uma excelente prote\u00e7\u00e3o contra poeiras e pragas. As unidades tradicionais, especialmente as que se encontram em edif\u00edcios mais antigos, podem n\u00e3o oferecer o mesmo n\u00edvel de prote\u00e7\u00e3o.<\/p>\n<h3>Seguran\u00e7a aprimorada<\/h3>\n<p>A seguran\u00e7a \u00e9 uma prioridade m\u00e1xima no 125AlgarveselfStorage.eu. Os nossos contentores s\u00e3o feitos de a\u00e7o resistente, o que os torna altamente resistentes a arrombamentos. Cada contentor tem a sua pr\u00f3pria fechadura e voc\u00ea \u00e9 o \u00fanico com a chave. As unidades tradicionais, embora seguras, dependem frequentemente de um \u00fanico ponto de entrada para toda a instala\u00e7\u00e3o, o que pode ser mais vulner\u00e1vel.<\/p>\n<h3>Custo-benef\u00edcio<\/h3>\n<p>Os contentores de autoarmazenamento s\u00e3o frequentemente mais econ\u00f3micos do que as unidades tradicionais. Sem necessidade de manuten\u00e7\u00e3o dispendiosa do edif\u00edcio ou de servi\u00e7os p\u00fablicos, podemos transmitir-lhe essas poupan\u00e7as. Al\u00e9m disso, o nosso dimensionamento flex\u00edvel significa que s\u00f3 paga pelo espa\u00e7o necess\u00e1rio.<\/p>\n<h3>Op\u00e7\u00f5es de personaliza\u00e7\u00e3o<\/h3>\n<p>Precisa de prateleiras, ilumina\u00e7\u00e3o ou controlo de climatiza\u00e7\u00e3o? Podemos personalizar o seu contentor para atender \u00e0s suas necessidades espec\u00edficas. As unidades tradicionais raramente oferecem este n\u00edvel de personaliza\u00e7\u00e3o.<\/p>\n<h3>Ideal para uso comercial<\/h3>\n<p>Para as empresas, os nossos contentores oferecem vantagens \u00fanicas. Podem servir como unidades de armazenamento m\u00f3veis, perfeitas para estaleiros de constru\u00e7\u00e3o ou planeamento de eventos. As unidades tradicionais carecem desta portabilidade, limitando a sua utilidade para determinadas aplica\u00e7\u00f5es empresariais.<\/p>\n<h3>Considera\u00e7\u00f5es Ambientais<\/h3>\n<p>Os contentores reutilizados s\u00e3o uma solu\u00e7\u00e3o de armazenamento ecologicamente correta. Ao dar uma segunda vida a estes contentores, estamos a reduzir o desperd\u00edcio e a minimizar a necessidade de novas constru\u00e7\u00f5es. As instala\u00e7\u00f5es de armazenamento tradicionais t\u00eam, normalmente, uma maior pegada ambiental.<\/p>\n<h3>Tranquilidade<\/h3>\n<p>Com o 125AlgarveselfStorage.eu, obt\u00e9m a tranquilidade de um neg\u00f3cio local focado no cliente. Compreendemos as necessidades \u00fanicas dos residentes e empresas algarvias. A nossa equipa est\u00e1 sempre \u00e0 dist\u00e2ncia de um telefonema, pronta para o ajudar com qualquer d\u00favida ou preocupa\u00e7\u00e3o.<\/p>\n<h3>Fazer a escolha certa<\/h3>\n<p>Embora as unidades de armazenamento tradicionais tenham o seu lugar, os contentores de auto-armazenamento oferecem in\u00fameras vantagens em termos de acessibilidade, flexibilidade, seguran\u00e7a e rentabilidade. Na 125AlgarveselfStorage.eu estamos empenhados em fornecer a melhor solu\u00e7\u00e3o de armazenamento para as suas necessidades.<\/p>\n<p>Pronto para experimentar os benef\u00edcios dos contentores de autoarmazenamento? Contacte-nos hoje mesmo atrav\u00e9s do +351 969 427 864 por telefone ou WhatsApp. A nossa equipa em Loul\u00e9 est\u00e1 pronta para o ajudar a encontrar a solu\u00e7\u00e3o de armazenamento perfeita. N\u00e3o deixe que o espa\u00e7o limitado o impe\u00e7a \u2013 descubra a liberdade e a conveni\u00eancia dos contentores de auto-armazenamento com 125AlgarveselfStorage.eu!<\/p>\n<p><\/div><\/div><\/p>","protected":false},"excerpt":{"rendered":"<p>Quando se trata de guardar os seus pertences, tem op\u00e7\u00f5es. Na 125AlgarveselfStorage.eu acreditamos que os contentores de auto-armazenamento oferecem vantagens &hellip; <\/p>\n","protected":false},"author":1,"featured_media":320,"parent":0,"menu_order":11,"comment_status":"closed","ping_status":"closed","template":"","meta":{"footnotes":""},"class_list":["post-180","page","type-page","status-publish","has-post-thumbnail","hentry"],"yoast_head":"<!-- This site is optimized with the Yoast SEO plugin v27.4 - https:\/\/yoast.com\/product\/yoast-seo-wordpress\/ -->\n<title>Contentores Self Storage vs Unidades de Armazenamento Tradicional, Algarve.<\/title>\n<meta name=\"description\" content=\"{:en}Self Storage Containers vs Traditional Storage Units. Consider the differences before reserving your secure self storage.{:pt}Recipientes de auto-armazenamento versus unidades de armazenamento tradicionais. Considere as diferen\u00e7as antes de reservar o seu autoarmazenamento seguro.{:}\" \/>\n<meta name=\"robots\" content=\"index, follow, max-snippet:-1, max-image-preview:large, max-video-preview:-1\" \/>\n<link rel=\"canonical\" href=\"https:\/\/125algarveselfstorage.eu\/self-storage-containers-vs-traditional-storage-units\/\" \/>\n<meta property=\"og:locale\" content=\"pt_PT\" \/>\n<meta property=\"og:type\" content=\"article\" \/>\n<meta property=\"og:title\" content=\"[:en]Self Storage Containers vs Traditional Storage Units, Algarve.[:pt]Contentores Self Storage vs Unidades de Armazenamento Tradicional, Algarve.[:]\" \/>\n<meta property=\"og:description\" content=\"{:en}Self Storage Containers vs Traditional Storage Units. Consider the differences before reserving your secure self storage.{:pt}Recipientes de auto-armazenamento versus unidades de armazenamento tradicionais. Considere as diferen\u00e7as antes de reservar o seu autoarmazenamento seguro.{:}\" \/>\n<meta property=\"og:url\" content=\"https:\/\/125algarveselfstorage.eu\/self-storage-containers-vs-traditional-storage-units\/\" \/>\n<meta property=\"og:site_name\" content=\"125 Algarve Self Storage\" \/>\n<meta property=\"article:modified_time\" content=\"2025-01-15T12:15:45+00:00\" \/>\n<meta property=\"og:image\" content=\"https:\/\/125algarveselfstorage.eu\/wp-content\/uploads\/2024\/09\/Self-Storage-Containers-vs-Traditional-Storage-Units.jpg\" \/>\n\t<meta property=\"og:image:width\" content=\"1200\" \/>\n\t<meta property=\"og:image:height\" content=\"630\" \/>\n\t<meta property=\"og:image:type\" content=\"image\/jpeg\" \/>\n<meta name=\"twitter:card\" content=\"summary_large_image\" \/>\n<meta name=\"twitter:label1\" content=\"Tempo estimado de leitura\" \/>\n\t<meta name=\"twitter:data1\" content=\"4 minutos\" \/>\n<script type=\"application\/ld+json\" class=\"yoast-schema-graph\">{\"@context\":\"https:\\\/\\\/schema.org\",\"@graph\":[{\"@type\":\"WebPage\",\"@id\":\"https:\\\/\\\/125algarveselfstorage.eu\\\/self-storage-containers-vs-traditional-storage-units\\\/\",\"url\":\"https:\\\/\\\/125algarveselfstorage.eu\\\/self-storage-containers-vs-traditional-storage-units\\\/\",\"name\":\"[:en]Self Storage Containers vs Traditional Storage Units, Algarve.[:pt]Contentores Self Storage vs Unidades de Armazenamento Tradicional, Algarve.[:]\",\"isPartOf\":{\"@id\":\"https:\\\/\\\/125algarveselfstorage.eu\\\/#website\"},\"primaryImageOfPage\":{\"@id\":\"https:\\\/\\\/125algarveselfstorage.eu\\\/self-storage-containers-vs-traditional-storage-units\\\/#primaryimage\"},\"image\":{\"@id\":\"https:\\\/\\\/125algarveselfstorage.eu\\\/self-storage-containers-vs-traditional-storage-units\\\/#primaryimage\"},\"thumbnailUrl\":\"https:\\\/\\\/125algarveselfstorage.eu\\\/wp-content\\\/uploads\\\/2024\\\/09\\\/Self-Storage-Containers-vs-Traditional-Storage-Units.jpg\",\"datePublished\":\"2024-08-16T07:06:54+00:00\",\"dateModified\":\"2025-01-15T12:15:45+00:00\",\"description\":\"{:en}Self Storage Containers vs Traditional Storage Units. Consider the differences before reserving your secure self storage.{:pt}Recipientes de auto-armazenamento versus unidades de armazenamento tradicionais. Considere as diferen\u00e7as antes de reservar o seu autoarmazenamento seguro.{:}\",\"breadcrumb\":{\"@id\":\"https:\\\/\\\/125algarveselfstorage.eu\\\/self-storage-containers-vs-traditional-storage-units\\\/#breadcrumb\"},\"inLanguage\":\"pt-PT\",\"potentialAction\":[{\"@type\":\"ReadAction\",\"target\":[\"https:\\\/\\\/125algarveselfstorage.eu\\\/self-storage-containers-vs-traditional-storage-units\\\/\"]}]},{\"@type\":\"ImageObject\",\"inLanguage\":\"pt-PT\",\"@id\":\"https:\\\/\\\/125algarveselfstorage.eu\\\/self-storage-containers-vs-traditional-storage-units\\\/#primaryimage\",\"url\":\"https:\\\/\\\/125algarveselfstorage.eu\\\/wp-content\\\/uploads\\\/2024\\\/09\\\/Self-Storage-Containers-vs-Traditional-Storage-Units.jpg\",\"contentUrl\":\"https:\\\/\\\/125algarveselfstorage.eu\\\/wp-content\\\/uploads\\\/2024\\\/09\\\/Self-Storage-Containers-vs-Traditional-Storage-Units.jpg\",\"width\":1200,\"height\":630,\"caption\":\"Self Storage Containers vs Traditional Storage Units\"},{\"@type\":\"BreadcrumbList\",\"@id\":\"https:\\\/\\\/125algarveselfstorage.eu\\\/self-storage-containers-vs-traditional-storage-units\\\/#breadcrumb\",\"itemListElement\":[{\"@type\":\"ListItem\",\"position\":1,\"name\":\"Home\",\"item\":\"https:\\\/\\\/125algarveselfstorage.eu\\\/\"},{\"@type\":\"ListItem\",\"position\":2,\"name\":\"[:en]Self Storage Containers vs. Traditional Storage Units[:pt]Recipientes de autoarmazenamento versus unidades de armazenamento tradicionais[:]\"}]},{\"@type\":\"WebSite\",\"@id\":\"https:\\\/\\\/125algarveselfstorage.eu\\\/#website\",\"url\":\"https:\\\/\\\/125algarveselfstorage.eu\\\/\",\"name\":\"125AlgarveSelfStorage.eu\",\"description\":\"[:en]Secure Self Storage Facility on the EN125 between Boliquieme and Almancil, Algarve.[:pt]Contentores de Autoarmazenamento Seguros, Loul\u00e9, Algarve, Portugal.[:]\",\"publisher\":{\"@id\":\"https:\\\/\\\/125algarveselfstorage.eu\\\/#organization\"},\"potentialAction\":[{\"@type\":\"SearchAction\",\"target\":{\"@type\":\"EntryPoint\",\"urlTemplate\":\"https:\\\/\\\/125algarveselfstorage.eu\\\/?s={search_term_string}\"},\"query-input\":{\"@type\":\"PropertyValueSpecification\",\"valueRequired\":true,\"valueName\":\"search_term_string\"}}],\"inLanguage\":\"pt-PT\"},{\"@type\":\"Organization\",\"@id\":\"https:\\\/\\\/125algarveselfstorage.eu\\\/#organization\",\"name\":\"125AlgarveSelfStorage.eu\",\"url\":\"https:\\\/\\\/125algarveselfstorage.eu\\\/\",\"logo\":{\"@type\":\"ImageObject\",\"inLanguage\":\"pt-PT\",\"@id\":\"https:\\\/\\\/125algarveselfstorage.eu\\\/#\\\/schema\\\/logo\\\/image\\\/\",\"url\":\"https:\\\/\\\/125algarveselfstorage.eu\\\/wp-content\\\/uploads\\\/2024\\\/10\\\/125-Algarve-Self-Storage-Logo-Small.png\",\"contentUrl\":\"https:\\\/\\\/125algarveselfstorage.eu\\\/wp-content\\\/uploads\\\/2024\\\/10\\\/125-Algarve-Self-Storage-Logo-Small.png\",\"width\":150,\"height\":150,\"caption\":\"125AlgarveSelfStorage.eu\"},\"image\":{\"@id\":\"https:\\\/\\\/125algarveselfstorage.eu\\\/#\\\/schema\\\/logo\\\/image\\\/\"}}]}<\/script>\n<!-- \/ Yoast SEO plugin. -->","yoast_head_json":{"title":"[:en]Self Storage Containers vs Traditional Storage Units, Algarve.[:pt]Contentores Self Storage vs Unidades de Armazenamento Tradicional, Algarve.[:]","description":"{:en}Self Storage Containers vs Traditional Storage Units. Consider the differences before reserving your secure self storage.{:pt}Recipientes de auto-armazenamento versus unidades de armazenamento tradicionais. Considere as diferen\u00e7as antes de reservar o seu autoarmazenamento seguro.{:}","robots":{"index":"index","follow":"follow","max-snippet":"max-snippet:-1","max-image-preview":"max-image-preview:large","max-video-preview":"max-video-preview:-1"},"canonical":"https:\/\/125algarveselfstorage.eu\/self-storage-containers-vs-traditional-storage-units\/","og_locale":"pt_PT","og_type":"article","og_title":"[:en]Self Storage Containers vs Traditional Storage Units, Algarve.[:pt]Contentores Self Storage vs Unidades de Armazenamento Tradicional, Algarve.[:]","og_description":"{:en}Self Storage Containers vs Traditional Storage Units. Consider the differences before reserving your secure self storage.{:pt}Recipientes de auto-armazenamento versus unidades de armazenamento tradicionais. Considere as diferen\u00e7as antes de reservar o seu autoarmazenamento seguro.{:}","og_url":"https:\/\/125algarveselfstorage.eu\/self-storage-containers-vs-traditional-storage-units\/","og_site_name":"125 Algarve Self Storage","article_modified_time":"2025-01-15T12:15:45+00:00","og_image":[{"width":1200,"height":630,"url":"https:\/\/125algarveselfstorage.eu\/wp-content\/uploads\/2024\/09\/Self-Storage-Containers-vs-Traditional-Storage-Units.jpg","type":"image\/jpeg"}],"twitter_card":"summary_large_image","twitter_misc":{"Tempo estimado de leitura":"4 minutos"},"schema":{"@context":"https:\/\/schema.org","@graph":[{"@type":"WebPage","@id":"https:\/\/125algarveselfstorage.eu\/self-storage-containers-vs-traditional-storage-units\/","url":"https:\/\/125algarveselfstorage.eu\/self-storage-containers-vs-traditional-storage-units\/","name":"[:en]Self Storage Containers vs Traditional Storage Units, Algarve.[:pt]Contentores Self Storage vs Unidades de Armazenamento Tradicional, Algarve.[:]","isPartOf":{"@id":"https:\/\/125algarveselfstorage.eu\/#website"},"primaryImageOfPage":{"@id":"https:\/\/125algarveselfstorage.eu\/self-storage-containers-vs-traditional-storage-units\/#primaryimage"},"image":{"@id":"https:\/\/125algarveselfstorage.eu\/self-storage-containers-vs-traditional-storage-units\/#primaryimage"},"thumbnailUrl":"https:\/\/125algarveselfstorage.eu\/wp-content\/uploads\/2024\/09\/Self-Storage-Containers-vs-Traditional-Storage-Units.jpg","datePublished":"2024-08-16T07:06:54+00:00","dateModified":"2025-01-15T12:15:45+00:00","description":"{:en}Self Storage Containers vs Traditional Storage Units. Consider the differences before reserving your secure self storage.{:pt}Recipientes de auto-armazenamento versus unidades de armazenamento tradicionais. Considere as diferen\u00e7as antes de reservar o seu autoarmazenamento seguro.{:}","breadcrumb":{"@id":"https:\/\/125algarveselfstorage.eu\/self-storage-containers-vs-traditional-storage-units\/#breadcrumb"},"inLanguage":"pt-PT","potentialAction":[{"@type":"ReadAction","target":["https:\/\/125algarveselfstorage.eu\/self-storage-containers-vs-traditional-storage-units\/"]}]},{"@type":"ImageObject","inLanguage":"pt-PT","@id":"https:\/\/125algarveselfstorage.eu\/self-storage-containers-vs-traditional-storage-units\/#primaryimage","url":"https:\/\/125algarveselfstorage.eu\/wp-content\/uploads\/2024\/09\/Self-Storage-Containers-vs-Traditional-Storage-Units.jpg","contentUrl":"https:\/\/125algarveselfstorage.eu\/wp-content\/uploads\/2024\/09\/Self-Storage-Containers-vs-Traditional-Storage-Units.jpg","width":1200,"height":630,"caption":"Self Storage Containers vs Traditional Storage Units"},{"@type":"BreadcrumbList","@id":"https:\/\/125algarveselfstorage.eu\/self-storage-containers-vs-traditional-storage-units\/#breadcrumb","itemListElement":[{"@type":"ListItem","position":1,"name":"Home","item":"https:\/\/125algarveselfstorage.eu\/"},{"@type":"ListItem","position":2,"name":"[:en]Self Storage Containers vs. Traditional Storage Units[:pt]Recipientes de autoarmazenamento versus unidades de armazenamento tradicionais[:]"}]},{"@type":"WebSite","@id":"https:\/\/125algarveselfstorage.eu\/#website","url":"https:\/\/125algarveselfstorage.eu\/","name":"125AlgarveSelfStorage.eu","description":"[:en]Secure Self Storage Facility on the EN125 between Boliquieme and Almancil, Algarve.[:pt]Contentores de Autoarmazenamento Seguros, Loul\u00e9, Algarve, Portugal.[:]","publisher":{"@id":"https:\/\/125algarveselfstorage.eu\/#organization"},"potentialAction":[{"@type":"SearchAction","target":{"@type":"EntryPoint","urlTemplate":"https:\/\/125algarveselfstorage.eu\/?s={search_term_string}"},"query-input":{"@type":"PropertyValueSpecification","valueRequired":true,"valueName":"search_term_string"}}],"inLanguage":"pt-PT"},{"@type":"Organization","@id":"https:\/\/125algarveselfstorage.eu\/#organization","name":"125AlgarveSelfStorage.eu","url":"https:\/\/125algarveselfstorage.eu\/","logo":{"@type":"ImageObject","inLanguage":"pt-PT","@id":"https:\/\/125algarveselfstorage.eu\/#\/schema\/logo\/image\/","url":"https:\/\/125algarveselfstorage.eu\/wp-content\/uploads\/2024\/10\/125-Algarve-Self-Storage-Logo-Small.png","contentUrl":"https:\/\/125algarveselfstorage.eu\/wp-content\/uploads\/2024\/10\/125-Algarve-Self-Storage-Logo-Small.png","width":150,"height":150,"caption":"125AlgarveSelfStorage.eu"},"image":{"@id":"https:\/\/125algarveselfstorage.eu\/#\/schema\/logo\/image\/"}}]}},"jetpack_sharing_enabled":true,"_links":{"self":[{"href":"https:\/\/125algarveselfstorage.eu\/pt\/wp-json\/wp\/v2\/pages\/180","targetHints":{"allow":["GET"]}}],"collection":[{"href":"https:\/\/125algarveselfstorage.eu\/pt\/wp-json\/wp\/v2\/pages"}],"about":[{"href":"https:\/\/125algarveselfstorage.eu\/pt\/wp-json\/wp\/v2\/types\/page"}],"author":[{"embeddable":true,"href":"https:\/\/125algarveselfstorage.eu\/pt\/wp-json\/wp\/v2\/users\/1"}],"replies":[{"embeddable":true,"href":"https:\/\/125algarveselfstorage.eu\/pt\/wp-json\/wp\/v2\/comments?post=180"}],"version-history":[{"count":4,"href":"https:\/\/125algarveselfstorage.eu\/pt\/wp-json\/wp\/v2\/pages\/180\/revisions"}],"predecessor-version":[{"id":323,"href":"https:\/\/125algarveselfstorage.eu\/pt\/wp-json\/wp\/v2\/pages\/180\/revisions\/323"}],"wp:featuredmedia":[{"embeddable":true,"href":"https:\/\/125algarveselfstorage.eu\/pt\/wp-json\/wp\/v2\/media\/320"}],"wp:attachment":[{"href":"https:\/\/125algarveselfstorage.eu\/pt\/wp-json\/wp\/v2\/media?parent=180"}],"curies":[{"name":"wp","href":"https:\/\/api.w.org\/{rel}","templated":true}]}}