{"id":174,"date":"2024-08-16T07:02:39","date_gmt":"2024-08-16T07:02:39","guid":{"rendered":"https:\/\/125algarveselfstorage.eu\/?page_id=174"},"modified":"2025-01-15T12:15:45","modified_gmt":"2025-01-15T12:15:45","slug":"why-use-self-storage-containers","status":"publish","type":"page","link":"https:\/\/125algarveselfstorage.eu\/pt\/porque-usar-contentores-de-autoarmazenamento\/","title":{"rendered":"Porqu\u00ea usar contentores de autoarmazenamento?"},"content":{"rendered":"<p>Os contentores de autoarmazenamento oferecem uma solu\u00e7\u00e3o vers\u00e1til e conveniente para as necessidades de armazenamento pessoal e empresarial. Estas unidades seguras oferecem uma forma flex\u00edvel de gerir restri\u00e7\u00f5es de espa\u00e7o, seja organizando a sua casa, armazenando stock comercial ou protegendo artigos valiosos.<\/p>","protected":false},"excerpt":{"rendered":"<p>Os contentores de autoarmazenamento oferecem uma solu\u00e7\u00e3o vers\u00e1til e conveniente para as necessidades de armazenamento pessoal e empresarial. Estas unidades &hellip; <\/p>\n","protected":false},"author":1,"featured_media":13,"parent":0,"menu_order":8,"comment_status":"closed","ping_status":"closed","template":"","meta":{"footnotes":""},"class_list":["post-174","page","type-page","status-publish","has-post-thumbnail","hentry"],"yoast_head":"<!-- This site is optimized with the Yoast SEO plugin v27.3 - https:\/\/yoast.com\/product\/yoast-seo-wordpress\/ -->\n<title>Porqu\u00ea usar contentores de autoarmazenamento? - 125 Algarve Self Storage<\/title>\n<meta name=\"robots\" content=\"noindex, nofollow\" \/>\n<meta property=\"og:locale\" content=\"pt_PT\" \/>\n<meta property=\"og:type\" content=\"article\" \/>\n<meta property=\"og:title\" content=\"[:en]Why Use Self Storage Containers?[:pt]Porqu\u00ea usar contentores de autoarmazenamento?[:] - 125 Algarve Self Storage\" \/>\n<meta property=\"og:description\" content=\"Os contentores de autoarmazenamento oferecem uma solu\u00e7\u00e3o vers\u00e1til e conveniente para as necessidades de armazenamento pessoal e empresarial. Estas unidades &hellip;\" \/>\n<meta property=\"og:url\" content=\"https:\/\/125algarveselfstorage.eu\/why-use-self-storage-containers\/\" \/>\n<meta property=\"og:site_name\" content=\"125 Algarve Self Storage\" \/>\n<meta property=\"article:modified_time\" content=\"2025-01-15T12:15:45+00:00\" \/>\n<meta property=\"og:image\" content=\"https:\/\/125algarveselfstorage.eu\/wp-content\/uploads\/2024\/06\/WhatsApp-Image-2024-06-17-at-07.24.37_12d2584c.jpg\" \/>\n\t<meta property=\"og:image:width\" content=\"1600\" \/>\n\t<meta property=\"og:image:height\" content=\"1200\" \/>\n\t<meta property=\"og:image:type\" content=\"image\/jpeg\" \/>\n<meta name=\"twitter:card\" content=\"summary_large_image\" \/>\n<meta name=\"twitter:label1\" content=\"Tempo estimado de leitura\" \/>\n\t<meta name=\"twitter:data1\" content=\"1 minuto\" \/>\n<script type=\"application\/ld+json\" class=\"yoast-schema-graph\">{\"@context\":\"https:\\\/\\\/schema.org\",\"@graph\":[{\"@type\":\"WebPage\",\"@id\":\"https:\\\/\\\/125algarveselfstorage.eu\\\/why-use-self-storage-containers\\\/\",\"url\":\"https:\\\/\\\/125algarveselfstorage.eu\\\/why-use-self-storage-containers\\\/\",\"name\":\"[:en]Why Use Self Storage Containers?[:pt]Porqu\u00ea usar contentores de autoarmazenamento?[:] - 125 Algarve Self Storage\",\"isPartOf\":{\"@id\":\"https:\\\/\\\/125algarveselfstorage.eu\\\/#website\"},\"primaryImageOfPage\":{\"@id\":\"https:\\\/\\\/125algarveselfstorage.eu\\\/why-use-self-storage-containers\\\/#primaryimage\"},\"image\":{\"@id\":\"https:\\\/\\\/125algarveselfstorage.eu\\\/why-use-self-storage-containers\\\/#primaryimage\"},\"thumbnailUrl\":\"https:\\\/\\\/125algarveselfstorage.eu\\\/wp-content\\\/uploads\\\/2024\\\/06\\\/WhatsApp-Image-2024-06-17-at-07.24.37_12d2584c.jpg\",\"datePublished\":\"2024-08-16T07:02:39+00:00\",\"dateModified\":\"2025-01-15T12:15:45+00:00\",\"breadcrumb\":{\"@id\":\"https:\\\/\\\/125algarveselfstorage.eu\\\/why-use-self-storage-containers\\\/#breadcrumb\"},\"inLanguage\":\"pt-PT\",\"potentialAction\":[{\"@type\":\"ReadAction\",\"target\":[\"https:\\\/\\\/125algarveselfstorage.eu\\\/why-use-self-storage-containers\\\/\"]}]},{\"@type\":\"ImageObject\",\"inLanguage\":\"pt-PT\",\"@id\":\"https:\\\/\\\/125algarveselfstorage.eu\\\/why-use-self-storage-containers\\\/#primaryimage\",\"url\":\"https:\\\/\\\/125algarveselfstorage.eu\\\/wp-content\\\/uploads\\\/2024\\\/06\\\/WhatsApp-Image-2024-06-17-at-07.24.37_12d2584c.jpg\",\"contentUrl\":\"https:\\\/\\\/125algarveselfstorage.eu\\\/wp-content\\\/uploads\\\/2024\\\/06\\\/WhatsApp-Image-2024-06-17-at-07.24.37_12d2584c.jpg\",\"width\":1600,\"height\":1200},{\"@type\":\"BreadcrumbList\",\"@id\":\"https:\\\/\\\/125algarveselfstorage.eu\\\/why-use-self-storage-containers\\\/#breadcrumb\",\"itemListElement\":[{\"@type\":\"ListItem\",\"position\":1,\"name\":\"Home\",\"item\":\"https:\\\/\\\/125algarveselfstorage.eu\\\/\"},{\"@type\":\"ListItem\",\"position\":2,\"name\":\"[:en]Why Use Self Storage Containers?[:pt]Porqu\u00ea usar contentores de autoarmazenamento?[:]\"}]},{\"@type\":\"WebSite\",\"@id\":\"https:\\\/\\\/125algarveselfstorage.eu\\\/#website\",\"url\":\"https:\\\/\\\/125algarveselfstorage.eu\\\/\",\"name\":\"125AlgarveSelfStorage.eu\",\"description\":\"[:en]Secure Self Storage Facility on the EN125 between Boliquieme and Almancil, Algarve.[:pt]Contentores de Autoarmazenamento Seguros, Loul\u00e9, Algarve, Portugal.[:]\",\"publisher\":{\"@id\":\"https:\\\/\\\/125algarveselfstorage.eu\\\/#organization\"},\"potentialAction\":[{\"@type\":\"SearchAction\",\"target\":{\"@type\":\"EntryPoint\",\"urlTemplate\":\"https:\\\/\\\/125algarveselfstorage.eu\\\/?s={search_term_string}\"},\"query-input\":{\"@type\":\"PropertyValueSpecification\",\"valueRequired\":true,\"valueName\":\"search_term_string\"}}],\"inLanguage\":\"pt-PT\"},{\"@type\":\"Organization\",\"@id\":\"https:\\\/\\\/125algarveselfstorage.eu\\\/#organization\",\"name\":\"125AlgarveSelfStorage.eu\",\"url\":\"https:\\\/\\\/125algarveselfstorage.eu\\\/\",\"logo\":{\"@type\":\"ImageObject\",\"inLanguage\":\"pt-PT\",\"@id\":\"https:\\\/\\\/125algarveselfstorage.eu\\\/#\\\/schema\\\/logo\\\/image\\\/\",\"url\":\"https:\\\/\\\/125algarveselfstorage.eu\\\/wp-content\\\/uploads\\\/2024\\\/10\\\/125-Algarve-Self-Storage-Logo-Small.png\",\"contentUrl\":\"https:\\\/\\\/125algarveselfstorage.eu\\\/wp-content\\\/uploads\\\/2024\\\/10\\\/125-Algarve-Self-Storage-Logo-Small.png\",\"width\":150,\"height\":150,\"caption\":\"125AlgarveSelfStorage.eu\"},\"image\":{\"@id\":\"https:\\\/\\\/125algarveselfstorage.eu\\\/#\\\/schema\\\/logo\\\/image\\\/\"}}]}<\/script>\n<!-- \/ Yoast SEO plugin. -->","yoast_head_json":{"title":"[:en]Why Use Self Storage Containers?[:pt]Porqu\u00ea usar contentores de autoarmazenamento?[:] - 125 Algarve Self Storage","robots":{"index":"noindex","follow":"nofollow"},"og_locale":"pt_PT","og_type":"article","og_title":"[:en]Why Use Self Storage Containers?[:pt]Porqu\u00ea usar contentores de autoarmazenamento?[:] - 125 Algarve Self Storage","og_description":"Os contentores de autoarmazenamento oferecem uma solu\u00e7\u00e3o vers\u00e1til e conveniente para as necessidades de armazenamento pessoal e empresarial. Estas unidades &hellip;","og_url":"https:\/\/125algarveselfstorage.eu\/why-use-self-storage-containers\/","og_site_name":"125 Algarve Self Storage","article_modified_time":"2025-01-15T12:15:45+00:00","og_image":[{"width":1600,"height":1200,"url":"https:\/\/125algarveselfstorage.eu\/wp-content\/uploads\/2024\/06\/WhatsApp-Image-2024-06-17-at-07.24.37_12d2584c.jpg","type":"image\/jpeg"}],"twitter_card":"summary_large_image","twitter_misc":{"Tempo estimado de leitura":"1 minuto"},"schema":{"@context":"https:\/\/schema.org","@graph":[{"@type":"WebPage","@id":"https:\/\/125algarveselfstorage.eu\/why-use-self-storage-containers\/","url":"https:\/\/125algarveselfstorage.eu\/why-use-self-storage-containers\/","name":"[:en]Why Use Self Storage Containers?[:pt]Porqu\u00ea usar contentores de autoarmazenamento?[:] - 125 Algarve Self Storage","isPartOf":{"@id":"https:\/\/125algarveselfstorage.eu\/#website"},"primaryImageOfPage":{"@id":"https:\/\/125algarveselfstorage.eu\/why-use-self-storage-containers\/#primaryimage"},"image":{"@id":"https:\/\/125algarveselfstorage.eu\/why-use-self-storage-containers\/#primaryimage"},"thumbnailUrl":"https:\/\/125algarveselfstorage.eu\/wp-content\/uploads\/2024\/06\/WhatsApp-Image-2024-06-17-at-07.24.37_12d2584c.jpg","datePublished":"2024-08-16T07:02:39+00:00","dateModified":"2025-01-15T12:15:45+00:00","breadcrumb":{"@id":"https:\/\/125algarveselfstorage.eu\/why-use-self-storage-containers\/#breadcrumb"},"inLanguage":"pt-PT","potentialAction":[{"@type":"ReadAction","target":["https:\/\/125algarveselfstorage.eu\/why-use-self-storage-containers\/"]}]},{"@type":"ImageObject","inLanguage":"pt-PT","@id":"https:\/\/125algarveselfstorage.eu\/why-use-self-storage-containers\/#primaryimage","url":"https:\/\/125algarveselfstorage.eu\/wp-content\/uploads\/2024\/06\/WhatsApp-Image-2024-06-17-at-07.24.37_12d2584c.jpg","contentUrl":"https:\/\/125algarveselfstorage.eu\/wp-content\/uploads\/2024\/06\/WhatsApp-Image-2024-06-17-at-07.24.37_12d2584c.jpg","width":1600,"height":1200},{"@type":"BreadcrumbList","@id":"https:\/\/125algarveselfstorage.eu\/why-use-self-storage-containers\/#breadcrumb","itemListElement":[{"@type":"ListItem","position":1,"name":"Home","item":"https:\/\/125algarveselfstorage.eu\/"},{"@type":"ListItem","position":2,"name":"[:en]Why Use Self Storage Containers?[:pt]Porqu\u00ea usar contentores de autoarmazenamento?[:]"}]},{"@type":"WebSite","@id":"https:\/\/125algarveselfstorage.eu\/#website","url":"https:\/\/125algarveselfstorage.eu\/","name":"125AlgarveSelfStorage.eu","description":"[:en]Secure Self Storage Facility on the EN125 between Boliquieme and Almancil, Algarve.[:pt]Contentores de Autoarmazenamento Seguros, Loul\u00e9, Algarve, Portugal.[:]","publisher":{"@id":"https:\/\/125algarveselfstorage.eu\/#organization"},"potentialAction":[{"@type":"SearchAction","target":{"@type":"EntryPoint","urlTemplate":"https:\/\/125algarveselfstorage.eu\/?s={search_term_string}"},"query-input":{"@type":"PropertyValueSpecification","valueRequired":true,"valueName":"search_term_string"}}],"inLanguage":"pt-PT"},{"@type":"Organization","@id":"https:\/\/125algarveselfstorage.eu\/#organization","name":"125AlgarveSelfStorage.eu","url":"https:\/\/125algarveselfstorage.eu\/","logo":{"@type":"ImageObject","inLanguage":"pt-PT","@id":"https:\/\/125algarveselfstorage.eu\/#\/schema\/logo\/image\/","url":"https:\/\/125algarveselfstorage.eu\/wp-content\/uploads\/2024\/10\/125-Algarve-Self-Storage-Logo-Small.png","contentUrl":"https:\/\/125algarveselfstorage.eu\/wp-content\/uploads\/2024\/10\/125-Algarve-Self-Storage-Logo-Small.png","width":150,"height":150,"caption":"125AlgarveSelfStorage.eu"},"image":{"@id":"https:\/\/125algarveselfstorage.eu\/#\/schema\/logo\/image\/"}}]}},"jetpack_sharing_enabled":true,"_links":{"self":[{"href":"https:\/\/125algarveselfstorage.eu\/pt\/wp-json\/wp\/v2\/pages\/174","targetHints":{"allow":["GET"]}}],"collection":[{"href":"https:\/\/125algarveselfstorage.eu\/pt\/wp-json\/wp\/v2\/pages"}],"about":[{"href":"https:\/\/125algarveselfstorage.eu\/pt\/wp-json\/wp\/v2\/types\/page"}],"author":[{"embeddable":true,"href":"https:\/\/125algarveselfstorage.eu\/pt\/wp-json\/wp\/v2\/users\/1"}],"replies":[{"embeddable":true,"href":"https:\/\/125algarveselfstorage.eu\/pt\/wp-json\/wp\/v2\/comments?post=174"}],"version-history":[{"count":3,"href":"https:\/\/125algarveselfstorage.eu\/pt\/wp-json\/wp\/v2\/pages\/174\/revisions"}],"predecessor-version":[{"id":304,"href":"https:\/\/125algarveselfstorage.eu\/pt\/wp-json\/wp\/v2\/pages\/174\/revisions\/304"}],"wp:featuredmedia":[{"embeddable":true,"href":"https:\/\/125algarveselfstorage.eu\/pt\/wp-json\/wp\/v2\/media\/13"}],"wp:attachment":[{"href":"https:\/\/125algarveselfstorage.eu\/pt\/wp-json\/wp\/v2\/media?parent=174"}],"curies":[{"name":"wp","href":"https:\/\/api.w.org\/{rel}","templated":true}]}}