{"id":164,"date":"2024-08-13T13:21:05","date_gmt":"2024-08-13T13:21:05","guid":{"rendered":"https:\/\/125algarveselfstorage.eu\/?page_id=164"},"modified":"2025-01-15T12:30:19","modified_gmt":"2025-01-15T12:30:19","slug":"self-storage-containers-on-the-algarve","status":"publish","type":"page","link":"https:\/\/125algarveselfstorage.eu\/pt\/aluguer-de-armazenamento-de-contentores\/contentores-de-auto-storage-no-algarve\/","title":{"rendered":"Contentores de Auto-Storage no Algarve"},"content":{"rendered":"<p>Tarifas de aluguer de self-storage que o far\u00e3o sorrir! Escolha o nosso armaz\u00e9m de armazenamento ou os nossos contentores de armazenamento seguros, de qualquer forma&#8230; <em>os seus produtos est\u00e3o em boas m\u00e3os!<\/em><\/p>\n<h5>Unidades contentorizadas (acesso durante todo o dia)<\/h5>\n<p>Unidade de 6m comporta 33m\u00b3<br \/>\n220,00 \u20ac por m\u00eas<\/p>\n<h5>Unidades interiores (acesso limitado, mediante agendamento)<\/h5>\n<p>15m\u00b3, 125,00 \u20ac mensais<br \/>\n7,5m\u00b3, 75,00\u20ac mensais<\/p>\n<h5>Tamb\u00e9m dispon\u00edvel<\/h5>\n<p>Armazenamento de paletes a partir de 20,00\u20ac mensais por m\u00b3<\/p>","protected":false},"excerpt":{"rendered":"<p>Tarifas de aluguer de self-storage que o far\u00e3o sorrir! Escolha o nosso armaz\u00e9m de armazenamento ou os nossos contentores de &hellip; <\/p>\n","protected":false},"author":1,"featured_media":363,"parent":143,"menu_order":9,"comment_status":"closed","ping_status":"closed","template":"","meta":{"footnotes":""},"class_list":["post-164","page","type-page","status-publish","has-post-thumbnail","hentry"],"yoast_head":"<!-- This site is optimized with the Yoast SEO plugin v27.4 - https:\/\/yoast.com\/product\/yoast-seo-wordpress\/ -->\n<title>Contentores de Auto-Storage no Algarve - 125 Algarve Self Storage<\/title>\n<meta name=\"robots\" content=\"noindex, nofollow\" \/>\n<meta property=\"og:locale\" content=\"pt_PT\" \/>\n<meta property=\"og:type\" content=\"article\" \/>\n<meta property=\"og:title\" content=\"[:en]Secure Self Storage, Algarve[:pt]Contentores de Auto-Storage no Algarve[:] - 125 Algarve Self Storage\" \/>\n<meta property=\"og:description\" content=\"Tarifas de aluguer de self-storage que o far\u00e3o sorrir! Escolha o nosso armaz\u00e9m de armazenamento ou os nossos contentores de &hellip;\" \/>\n<meta property=\"og:url\" content=\"https:\/\/125algarveselfstorage.eu\/container-storage-rental\/self-storage-containers-on-the-algarve\/\" \/>\n<meta property=\"og:site_name\" content=\"125 Algarve Self Storage\" \/>\n<meta property=\"article:modified_time\" content=\"2025-01-15T12:30:19+00:00\" \/>\n<meta property=\"og:image\" content=\"https:\/\/125algarveselfstorage.eu\/wp-content\/uploads\/2024\/10\/125-Algarve-Self-Storage-Header.jpg\" \/>\n\t<meta property=\"og:image:width\" content=\"1600\" \/>\n\t<meta property=\"og:image:height\" content=\"1200\" \/>\n\t<meta property=\"og:image:type\" content=\"image\/jpeg\" \/>\n<meta name=\"twitter:card\" content=\"summary_large_image\" \/>\n<meta name=\"twitter:label1\" content=\"Tempo estimado de leitura\" \/>\n\t<meta name=\"twitter:data1\" content=\"1 minuto\" \/>\n<script type=\"application\/ld+json\" class=\"yoast-schema-graph\">{\"@context\":\"https:\\\/\\\/schema.org\",\"@graph\":[{\"@type\":\"WebPage\",\"@id\":\"https:\\\/\\\/125algarveselfstorage.eu\\\/container-storage-rental\\\/self-storage-containers-on-the-algarve\\\/\",\"url\":\"https:\\\/\\\/125algarveselfstorage.eu\\\/container-storage-rental\\\/self-storage-containers-on-the-algarve\\\/\",\"name\":\"[:en]Secure Self Storage, Algarve[:pt]Contentores de Auto-Storage no Algarve[:] - 125 Algarve Self Storage\",\"isPartOf\":{\"@id\":\"https:\\\/\\\/125algarveselfstorage.eu\\\/#website\"},\"primaryImageOfPage\":{\"@id\":\"https:\\\/\\\/125algarveselfstorage.eu\\\/container-storage-rental\\\/self-storage-containers-on-the-algarve\\\/#primaryimage\"},\"image\":{\"@id\":\"https:\\\/\\\/125algarveselfstorage.eu\\\/container-storage-rental\\\/self-storage-containers-on-the-algarve\\\/#primaryimage\"},\"thumbnailUrl\":\"https:\\\/\\\/125algarveselfstorage.eu\\\/wp-content\\\/uploads\\\/2024\\\/10\\\/125-Algarve-Self-Storage-Header.jpg\",\"datePublished\":\"2024-08-13T13:21:05+00:00\",\"dateModified\":\"2025-01-15T12:30:19+00:00\",\"breadcrumb\":{\"@id\":\"https:\\\/\\\/125algarveselfstorage.eu\\\/container-storage-rental\\\/self-storage-containers-on-the-algarve\\\/#breadcrumb\"},\"inLanguage\":\"pt-PT\",\"potentialAction\":[{\"@type\":\"ReadAction\",\"target\":[\"https:\\\/\\\/125algarveselfstorage.eu\\\/container-storage-rental\\\/self-storage-containers-on-the-algarve\\\/\"]}]},{\"@type\":\"ImageObject\",\"inLanguage\":\"pt-PT\",\"@id\":\"https:\\\/\\\/125algarveselfstorage.eu\\\/container-storage-rental\\\/self-storage-containers-on-the-algarve\\\/#primaryimage\",\"url\":\"https:\\\/\\\/125algarveselfstorage.eu\\\/wp-content\\\/uploads\\\/2024\\\/10\\\/125-Algarve-Self-Storage-Header.jpg\",\"contentUrl\":\"https:\\\/\\\/125algarveselfstorage.eu\\\/wp-content\\\/uploads\\\/2024\\\/10\\\/125-Algarve-Self-Storage-Header.jpg\",\"width\":1600,\"height\":1200,\"caption\":\"125 Algarve Self Storage\"},{\"@type\":\"BreadcrumbList\",\"@id\":\"https:\\\/\\\/125algarveselfstorage.eu\\\/container-storage-rental\\\/self-storage-containers-on-the-algarve\\\/#breadcrumb\",\"itemListElement\":[{\"@type\":\"ListItem\",\"position\":1,\"name\":\"Home\",\"item\":\"https:\\\/\\\/125algarveselfstorage.eu\\\/\"},{\"@type\":\"ListItem\",\"position\":2,\"name\":\"[:en]Container Storage Rental[:pt]Aluguer de armazenamento de contentores[:]\",\"item\":\"https:\\\/\\\/125algarveselfstorage.eu\\\/container-storage-rental\\\/\"},{\"@type\":\"ListItem\",\"position\":3,\"name\":\"Secure Self Storage, Algarve\"}]},{\"@type\":\"WebSite\",\"@id\":\"https:\\\/\\\/125algarveselfstorage.eu\\\/#website\",\"url\":\"https:\\\/\\\/125algarveselfstorage.eu\\\/\",\"name\":\"125AlgarveSelfStorage.eu\",\"description\":\"[:en]Secure Self Storage Facility on the EN125 between Boliquieme and Almancil, Algarve.[:pt]Contentores de Autoarmazenamento Seguros, Loul\u00e9, Algarve, Portugal.[:]\",\"publisher\":{\"@id\":\"https:\\\/\\\/125algarveselfstorage.eu\\\/#organization\"},\"potentialAction\":[{\"@type\":\"SearchAction\",\"target\":{\"@type\":\"EntryPoint\",\"urlTemplate\":\"https:\\\/\\\/125algarveselfstorage.eu\\\/?s={search_term_string}\"},\"query-input\":{\"@type\":\"PropertyValueSpecification\",\"valueRequired\":true,\"valueName\":\"search_term_string\"}}],\"inLanguage\":\"pt-PT\"},{\"@type\":\"Organization\",\"@id\":\"https:\\\/\\\/125algarveselfstorage.eu\\\/#organization\",\"name\":\"125AlgarveSelfStorage.eu\",\"url\":\"https:\\\/\\\/125algarveselfstorage.eu\\\/\",\"logo\":{\"@type\":\"ImageObject\",\"inLanguage\":\"pt-PT\",\"@id\":\"https:\\\/\\\/125algarveselfstorage.eu\\\/#\\\/schema\\\/logo\\\/image\\\/\",\"url\":\"https:\\\/\\\/125algarveselfstorage.eu\\\/wp-content\\\/uploads\\\/2024\\\/10\\\/125-Algarve-Self-Storage-Logo-Small.png\",\"contentUrl\":\"https:\\\/\\\/125algarveselfstorage.eu\\\/wp-content\\\/uploads\\\/2024\\\/10\\\/125-Algarve-Self-Storage-Logo-Small.png\",\"width\":150,\"height\":150,\"caption\":\"125AlgarveSelfStorage.eu\"},\"image\":{\"@id\":\"https:\\\/\\\/125algarveselfstorage.eu\\\/#\\\/schema\\\/logo\\\/image\\\/\"}}]}<\/script>\n<!-- \/ Yoast SEO plugin. -->","yoast_head_json":{"title":"[:en]Secure Self Storage, Algarve[:pt]Contentores de Auto-Storage no Algarve[:] - 125 Algarve Self Storage","robots":{"index":"noindex","follow":"nofollow"},"og_locale":"pt_PT","og_type":"article","og_title":"[:en]Secure Self Storage, Algarve[:pt]Contentores de Auto-Storage no Algarve[:] - 125 Algarve Self Storage","og_description":"Tarifas de aluguer de self-storage que o far\u00e3o sorrir! Escolha o nosso armaz\u00e9m de armazenamento ou os nossos contentores de &hellip;","og_url":"https:\/\/125algarveselfstorage.eu\/container-storage-rental\/self-storage-containers-on-the-algarve\/","og_site_name":"125 Algarve Self Storage","article_modified_time":"2025-01-15T12:30:19+00:00","og_image":[{"width":1600,"height":1200,"url":"https:\/\/125algarveselfstorage.eu\/wp-content\/uploads\/2024\/10\/125-Algarve-Self-Storage-Header.jpg","type":"image\/jpeg"}],"twitter_card":"summary_large_image","twitter_misc":{"Tempo estimado de leitura":"1 minuto"},"schema":{"@context":"https:\/\/schema.org","@graph":[{"@type":"WebPage","@id":"https:\/\/125algarveselfstorage.eu\/container-storage-rental\/self-storage-containers-on-the-algarve\/","url":"https:\/\/125algarveselfstorage.eu\/container-storage-rental\/self-storage-containers-on-the-algarve\/","name":"[:en]Secure Self Storage, Algarve[:pt]Contentores de Auto-Storage no Algarve[:] - 125 Algarve Self Storage","isPartOf":{"@id":"https:\/\/125algarveselfstorage.eu\/#website"},"primaryImageOfPage":{"@id":"https:\/\/125algarveselfstorage.eu\/container-storage-rental\/self-storage-containers-on-the-algarve\/#primaryimage"},"image":{"@id":"https:\/\/125algarveselfstorage.eu\/container-storage-rental\/self-storage-containers-on-the-algarve\/#primaryimage"},"thumbnailUrl":"https:\/\/125algarveselfstorage.eu\/wp-content\/uploads\/2024\/10\/125-Algarve-Self-Storage-Header.jpg","datePublished":"2024-08-13T13:21:05+00:00","dateModified":"2025-01-15T12:30:19+00:00","breadcrumb":{"@id":"https:\/\/125algarveselfstorage.eu\/container-storage-rental\/self-storage-containers-on-the-algarve\/#breadcrumb"},"inLanguage":"pt-PT","potentialAction":[{"@type":"ReadAction","target":["https:\/\/125algarveselfstorage.eu\/container-storage-rental\/self-storage-containers-on-the-algarve\/"]}]},{"@type":"ImageObject","inLanguage":"pt-PT","@id":"https:\/\/125algarveselfstorage.eu\/container-storage-rental\/self-storage-containers-on-the-algarve\/#primaryimage","url":"https:\/\/125algarveselfstorage.eu\/wp-content\/uploads\/2024\/10\/125-Algarve-Self-Storage-Header.jpg","contentUrl":"https:\/\/125algarveselfstorage.eu\/wp-content\/uploads\/2024\/10\/125-Algarve-Self-Storage-Header.jpg","width":1600,"height":1200,"caption":"125 Algarve Self Storage"},{"@type":"BreadcrumbList","@id":"https:\/\/125algarveselfstorage.eu\/container-storage-rental\/self-storage-containers-on-the-algarve\/#breadcrumb","itemListElement":[{"@type":"ListItem","position":1,"name":"Home","item":"https:\/\/125algarveselfstorage.eu\/"},{"@type":"ListItem","position":2,"name":"[:en]Container Storage Rental[:pt]Aluguer de armazenamento de contentores[:]","item":"https:\/\/125algarveselfstorage.eu\/container-storage-rental\/"},{"@type":"ListItem","position":3,"name":"Secure Self Storage, Algarve"}]},{"@type":"WebSite","@id":"https:\/\/125algarveselfstorage.eu\/#website","url":"https:\/\/125algarveselfstorage.eu\/","name":"125AlgarveSelfStorage.eu","description":"[:en]Secure Self Storage Facility on the EN125 between Boliquieme and Almancil, Algarve.[:pt]Contentores de Autoarmazenamento Seguros, Loul\u00e9, Algarve, Portugal.[:]","publisher":{"@id":"https:\/\/125algarveselfstorage.eu\/#organization"},"potentialAction":[{"@type":"SearchAction","target":{"@type":"EntryPoint","urlTemplate":"https:\/\/125algarveselfstorage.eu\/?s={search_term_string}"},"query-input":{"@type":"PropertyValueSpecification","valueRequired":true,"valueName":"search_term_string"}}],"inLanguage":"pt-PT"},{"@type":"Organization","@id":"https:\/\/125algarveselfstorage.eu\/#organization","name":"125AlgarveSelfStorage.eu","url":"https:\/\/125algarveselfstorage.eu\/","logo":{"@type":"ImageObject","inLanguage":"pt-PT","@id":"https:\/\/125algarveselfstorage.eu\/#\/schema\/logo\/image\/","url":"https:\/\/125algarveselfstorage.eu\/wp-content\/uploads\/2024\/10\/125-Algarve-Self-Storage-Logo-Small.png","contentUrl":"https:\/\/125algarveselfstorage.eu\/wp-content\/uploads\/2024\/10\/125-Algarve-Self-Storage-Logo-Small.png","width":150,"height":150,"caption":"125AlgarveSelfStorage.eu"},"image":{"@id":"https:\/\/125algarveselfstorage.eu\/#\/schema\/logo\/image\/"}}]}},"jetpack_sharing_enabled":true,"_links":{"self":[{"href":"https:\/\/125algarveselfstorage.eu\/pt\/wp-json\/wp\/v2\/pages\/164","targetHints":{"allow":["GET"]}}],"collection":[{"href":"https:\/\/125algarveselfstorage.eu\/pt\/wp-json\/wp\/v2\/pages"}],"about":[{"href":"https:\/\/125algarveselfstorage.eu\/pt\/wp-json\/wp\/v2\/types\/page"}],"author":[{"embeddable":true,"href":"https:\/\/125algarveselfstorage.eu\/pt\/wp-json\/wp\/v2\/users\/1"}],"replies":[{"embeddable":true,"href":"https:\/\/125algarveselfstorage.eu\/pt\/wp-json\/wp\/v2\/comments?post=164"}],"version-history":[{"count":11,"href":"https:\/\/125algarveselfstorage.eu\/pt\/wp-json\/wp\/v2\/pages\/164\/revisions"}],"predecessor-version":[{"id":499,"href":"https:\/\/125algarveselfstorage.eu\/pt\/wp-json\/wp\/v2\/pages\/164\/revisions\/499"}],"up":[{"embeddable":true,"href":"https:\/\/125algarveselfstorage.eu\/pt\/wp-json\/wp\/v2\/pages\/143"}],"wp:featuredmedia":[{"embeddable":true,"href":"https:\/\/125algarveselfstorage.eu\/pt\/wp-json\/wp\/v2\/media\/363"}],"wp:attachment":[{"href":"https:\/\/125algarveselfstorage.eu\/pt\/wp-json\/wp\/v2\/media?parent=164"}],"curies":[{"name":"wp","href":"https:\/\/api.w.org\/{rel}","templated":true}]}}