{"id":143,"date":"2024-07-02T13:02:13","date_gmt":"2024-07-02T13:02:13","guid":{"rendered":"https:\/\/125algarveselfstorage.eu\/?page_id=143"},"modified":"2025-01-15T12:15:45","modified_gmt":"2025-01-15T12:15:45","slug":"container-storage-rental","status":"publish","type":"page","link":"https:\/\/125algarveselfstorage.eu\/pt\/aluguer-de-armazenamento-de-contentores\/","title":{"rendered":"Aluguer de armazenamento de contentores"},"content":{"rendered":"<p><strong>Aluguer de armazenamento de contentores. Somos mais do que uma empresa de armazenagem em Loul\u00e9. Somos os seus parceiros na cria\u00e7\u00e3o de espa\u00e7o e tranquilidade. A nossa equipa est\u00e1 empenhada em fornecer um excelente atendimento ao cliente. Compreendemos as necessidades \u00fanicas da comunidade louletana. A nossa experi\u00eancia local garante que podemos oferecer solu\u00e7\u00f5es personalizadas para satisfazer as suas necessidades espec\u00edficas.<\/strong><\/p>\n<div class=\"responsive-tabs\">\n<h2 class=\"tabtitle\">Cota\u00e7\u00e3o de aluguer de armazenamento de contentores<\/h2>\n<div class=\"tabcontent\">\n\n<h2>Cota\u00e7\u00e3o de aluguer de armazenamento de contentores<\/h2>\n\n<div class=\"wpcf7 no-js\" id=\"wpcf7-f78-o2\" lang=\"en-US\" dir=\"ltr\" data-wpcf7-id=\"78\">\n<div class=\"screen-reader-response\"><p role=\"status\" aria-live=\"polite\" aria-atomic=\"true\"><\/p> <ul><\/ul><\/div>\n<form action=\"\/pt\/wp-json\/wp\/v2\/pages\/143#wpcf7-f78-o2\" method=\"post\" class=\"wpcf7-form init\" aria-label=\"Contact form\" novalidate=\"novalidate\" data-status=\"init\">\n<fieldset class=\"hidden-fields-container\"><input type=\"hidden\" name=\"_wpcf7\" value=\"78\" \/><input type=\"hidden\" name=\"_wpcf7_version\" value=\"6.1.5\" \/><input type=\"hidden\" name=\"_wpcf7_locale\" value=\"en_US\" \/><input type=\"hidden\" name=\"_wpcf7_unit_tag\" value=\"wpcf7-f78-o2\" \/><input type=\"hidden\" name=\"_wpcf7_container_post\" value=\"0\" \/><input type=\"hidden\" name=\"_wpcf7_posted_data_hash\" value=\"\" \/>\n<\/fieldset>\n<div id=\"quoteform\">\n\t<p><span class=\"wpcf7-form-control-wrap\" data-name=\"qname\"><input size=\"40\" maxlength=\"400\" class=\"wpcf7-form-control wpcf7-text wpcf7-validates-as-required qf\" aria-required=\"true\" aria-invalid=\"false\" placeholder=\"O seu nome...\" value=\"\" type=\"text\" name=\"qname\" \/><\/span><span class=\"wpcf7-form-control-wrap\" data-name=\"qemail\"><input size=\"40\" maxlength=\"400\" class=\"wpcf7-form-control wpcf7-email wpcf7-validates-as-required wpcf7-text wpcf7-validates-as-email qf\" aria-required=\"true\" aria-invalid=\"false\" placeholder=\"O seu endere\u00e7o de email...\" value=\"\" type=\"email\" name=\"qemail\" \/><\/span><span class=\"wpcf7-form-control-wrap\" data-name=\"qphone\"><input size=\"40\" maxlength=\"400\" class=\"wpcf7-form-control wpcf7-tel wpcf7-text wpcf7-validates-as-tel qf\" aria-invalid=\"false\" placeholder=\"O seu &#039;n\u00famero de telefone (opcional)\" value=\"\" type=\"tel\" name=\"qphone\" \/><\/span><span class=\"wpcf7-form-control-wrap\" data-name=\"qmessage\"><textarea cols=\"40\" rows=\"10\" maxlength=\"2000\" class=\"wpcf7-form-control wpcf7-textarea qf\" aria-invalid=\"false\" placeholder=\"conte-nos um pouco sobre as suas necessidades de armazenamento\" name=\"qmessage\"><\/textarea><\/span><span class=\"wpcf7-form-control-wrap\" data-name=\"quiz-294\"><label><span class=\"wpcf7-quiz-label\">To stop the spammers, please tell us which number is larger, 3 or 8.<\/span> <input size=\"40\" class=\"wpcf7-form-control wpcf7-quiz qf\" autocomplete=\"off\" aria-required=\"true\" aria-invalid=\"false\" type=\"text\" name=\"quiz-294\" \/><\/label><input type=\"hidden\" name=\"_wpcf7_quiz_answer_quiz-294\" value=\"935b3453fb5f2e70f7709ed2925160b3\" \/><\/span>\n\t<div class=\"wpcf7-response-output\" aria-hidden=\"true\"><\/div><input class=\"wpcf7-form-control wpcf7-submit has-spinner qf\" type=\"submit\" value=\"Clique para obter a sua cota\u00e7\u00e3o!\" \/>\n\t<\/p>\n<\/div>\n<\/form>\n<\/div>\n\n<h3>Auto Armazenamento, Loul\u00e9, Algarve<\/h3>\n<p><strong>Bem-vindo ao 125AlgarveSelfStorage.eu, o seu parceiro de confian\u00e7a para solu\u00e7\u00f5es de armazenamento de contentores em Loul\u00e9, Algarve. Oferecemos op\u00e7\u00f5es de armazenamento seguras, convenientes e flex\u00edveis para satisfazer as suas necessidades de auto-armazenamento.<\/strong><\/p>\n\n<\/div><h2 class=\"tabtitle\">Mais sobre contentores de auto-armazenamento em Loul\u00e9, Algarve<\/h2>\n<div class=\"tabcontent\">\n\n<h3>Porqu\u00ea escolher o armazenamento em contentor?<\/h3>\n<p>O armazenamento em contentores oferece uma combina\u00e7\u00e3o \u00fanica de seguran\u00e7a e acessibilidade. Os nossos contentores resistentes mant\u00eam os seus pertences protegidos das intemp\u00e9ries. S\u00e3o perfeitos para necessidades de armazenamento a curto e longo prazo na zona de Loul\u00e9.<\/p>\n<h3>Os nossos cont\u00eaineres<\/h3>\n<p>Oferecemos uma variedade de tamanhos de contentores para satisfazer v\u00e1rios requisitos de armazenamento. Os nossos contentores s\u00e3o feitos de a\u00e7o dur\u00e1vel. Foram concebidos para resistir ao clima de Loul\u00e9 e manter os seus artigos em excelentes condi\u00e7\u00f5es. Os tamanhos dispon\u00edveis incluem:<\/p>\n<ul>\n<li>10 p\u00e9s (3 metros)<\/li>\n<li>20 p\u00e9s (6 metros)<\/li>\n<li>40 p\u00e9s (12 metros)<\/li>\n<\/ul>\n<p>N\u00e3o tem a certeza de qual o tamanho que precisa? A nossa simp\u00e1tica equipa sediada em Loul\u00e9 pode ajud\u00e1-lo a escolher o contentor certo.<\/p>\n<h3>Caracter\u00edsticas de seguran\u00e7a do contentor de autoarmazenamento<\/h3>\n<p>A sua tranquilidade \u00e9 a nossa prioridade. Implement\u00e1mos medidas de seguran\u00e7a robustas nas nossas instala\u00e7\u00f5es de Loul\u00e9. O nosso site \u00e9 monitorizado 24 horas por dia, 7 dias por semana, por c\u00e2maras CCTV. Tamb\u00e9m temos pessoal de seguran\u00e7a no local. Cada contentor possui a sua pr\u00f3pria fechadura. S\u00f3 voc\u00ea tem acesso ao seu contentor alugado. Isto garante que os seus pertences permanecem privados e seguros em todos os momentos.<\/p>\n<h3>Termos flex\u00edveis de aluguer de autoarmazenamento<\/h3>\n<p>Compreendemos que as necessidades de armazenamento podem variar em Loul\u00e9. \u00c9 por isso que oferecemos condi\u00e7\u00f5es de aluguer flex\u00edveis. Pode alugar um contentor por apenas um m\u00eas. Os alugueres de longa dura\u00e7\u00e3o tamb\u00e9m est\u00e3o dispon\u00edveis a pre\u00e7os competitivos. O nosso processo de aluguel \u00e9 simples. N\u00e3o existem taxas ocultas nem contratos complicados. Acreditamos na transpar\u00eancia e nos pre\u00e7os justos para os nossos clientes de Loul\u00e9.<\/p>\n<h3>F\u00e1cil acesso ao contentor<\/h3>\n<p>O nosso armaz\u00e9m est\u00e1 convenientemente localizado em Loul\u00e9, Algarve. \u00c9 facilmente acess\u00edvel de carro. Pode visitar o seu contentor sempre que precisar de recuperar ou adicionar itens. Oferecemos hor\u00e1rios de acesso alargados. Isto permite-lhe gerir o seu armazenamento de acordo com a sua pr\u00f3pria programa\u00e7\u00e3o.<\/p>\n<h3>Perfeito para diversas necessidades<\/h3>\n<p>O nosso armazenamento de contentores \u00e9 ideal para muitas situa\u00e7\u00f5es em Loul\u00e9:<\/p>\n<ul>\n<li>Organiza\u00e7\u00e3o dom\u00e9stica<\/li>\n<li>Armazenamento de invent\u00e1rio empresarial<\/li>\n<li>Armazenamento de artigos sazonais<\/li>\n<li>Durante as reformas em casa<\/li>\n<li>Ao mudar de casa<\/li>\n<\/ul>\n<p>Quer seja propriet\u00e1rio de uma casa em Loul\u00e9, empres\u00e1rio ou apenas necessite de espa\u00e7o extra, temos uma solu\u00e7\u00e3o para si.<\/p>\n<h3>Servi\u00e7os Adicionais<\/h3>\n<p>Para facilitar a sua experi\u00eancia de armazenamento em Loul\u00e9, oferecemos servi\u00e7os adicionais:<\/p>\n<ul>\n<li>Materiais de embalagem \u00e0 venda<\/li>\n<li>Assist\u00eancia de carga e descarga<\/li>\n<li>Op\u00e7\u00f5es de seguro para artigos armazenados<\/li>\n<\/ul>\n<p>A nossa equipa de Loul\u00e9 est\u00e1 sempre pronta a ajudar com qualquer d\u00favida ou necessidade especial que possa ter.<\/p>\n<h3>Primeiros passos com o seu autoarmazenamento<\/h3>\n<p>Alugar connosco um contentor de armazenamento em Loul\u00e9 \u00e9 f\u00e1cil. Basta entrar em contacto com a nossa equipa para discutir as suas necessidades. Iremos gui\u00e1-lo durante o processo e ajud\u00e1-lo a escolher o recipiente certo. Pode contactar-nos por telefone, e-mail ou atrav\u00e9s do nosso site. Teremos sempre todo o gosto em fornecer or\u00e7amentos ou esclarecer quaisquer d\u00favidas sobre o armazenamento em Loul\u00e9.<\/p>\n<h3>Porqu\u00ea escolher o 125AlgarveSelfStorage.eu?<\/h3>\n<p>Somos mais do que uma empresa de armazenagem em Loul\u00e9. Somos os seus parceiros na cria\u00e7\u00e3o de espa\u00e7o e tranquilidade. A nossa equipa est\u00e1 empenhada em fornecer um excelente atendimento ao cliente. Compreendemos as necessidades \u00fanicas da comunidade louletana. A nossa experi\u00eancia local garante que podemos oferecer solu\u00e7\u00f5es personalizadas para satisfazer as suas necessidades espec\u00edficas.<\/p>\n<h3>Contacte 125AlgarveSelfStorage.eu Hoje<\/h3>\n<p>Preparado para resolver os seus desafios de armazenamento em Loul\u00e9? Contacte hoje mesmo 125AlgarveSelfStorage.eu. Deixe-nos mostrar como o armazenamento em contentores pode ser f\u00e1cil e acess\u00edvel. Descubra a comodidade e seguran\u00e7a do armazenamento em contentores com o 125AlgarveSelfStorage.eu em Loul\u00e9. Os seus pertences merecem o melhor cuidado \u2013 estamos aqui para tratar disso.<\/p>\n<p><\/div><\/div><\/p>","protected":false},"excerpt":{"rendered":"<p>Aluguer de armazenamento de contentores. Somos mais do que uma empresa de armazenagem em Loul\u00e9. Somos os seus parceiros na cria\u00e7\u00e3o de espa\u00e7o e tranquilidade. A nossa equipa est\u00e1 empenhada em fornecer um excelente atendimento ao cliente. Compreendemos as necessidades \u00fanicas da comunidade louletana. A nossa experi\u00eancia local garante que podemos oferecer solu\u00e7\u00f5es personalizadas para satisfazer as suas necessidades espec\u00edficas.<\/p>\n","protected":false},"author":1,"featured_media":326,"parent":0,"menu_order":10,"comment_status":"closed","ping_status":"closed","template":"","meta":{"footnotes":""},"class_list":["post-143","page","type-page","status-publish","has-post-thumbnail","hentry"],"yoast_head":"<!-- This site is optimized with the Yoast SEO plugin v27.4 - https:\/\/yoast.com\/product\/yoast-seo-wordpress\/ -->\n<title>Aluguer de Armazenamento de Contentores, Loul\u00e9, Algarve. O seu autoarmazenamento local.<\/title>\n<meta name=\"description\" content=\"{:en}Container Storage Rental.\u00a0 We&#039;re more than just a storage company in Loul\u00e9. We&#039;re your partners in creating space and peace of mind.{:pt}Aluguer de armazenamento de contentores. Somos mais do que uma empresa de armazenagem em Loul\u00e9. Somos os seus parceiros na cria\u00e7\u00e3o de espa\u00e7o e tranquilidade.{:}\" \/>\n<meta name=\"robots\" content=\"index, follow, max-snippet:-1, max-image-preview:large, max-video-preview:-1\" \/>\n<link rel=\"canonical\" href=\"https:\/\/125algarveselfstorage.eu\/container-storage-rental\/\" \/>\n<meta property=\"og:locale\" content=\"pt_PT\" \/>\n<meta property=\"og:type\" content=\"article\" \/>\n<meta property=\"og:title\" content=\"[:en]Container Storage Rental, Loul\u00e9, Algarve.\u00a0 Your Local Self Storage.[:pt]Aluguer de Armazenamento de Contentores, Loul\u00e9, Algarve. O seu autoarmazenamento local.[:]\" \/>\n<meta property=\"og:description\" content=\"{:en}Container Storage Rental.\u00a0 We&#039;re more than just a storage company in Loul\u00e9. We&#039;re your partners in creating space and peace of mind.{:pt}Aluguer de armazenamento de contentores. Somos mais do que uma empresa de armazenagem em Loul\u00e9. Somos os seus parceiros na cria\u00e7\u00e3o de espa\u00e7o e tranquilidade.{:}\" \/>\n<meta property=\"og:url\" content=\"https:\/\/125algarveselfstorage.eu\/container-storage-rental\/\" \/>\n<meta property=\"og:site_name\" content=\"125 Algarve Self Storage\" \/>\n<meta property=\"article:modified_time\" content=\"2025-01-15T12:15:45+00:00\" \/>\n<meta property=\"og:image\" content=\"https:\/\/125algarveselfstorage.eu\/wp-content\/uploads\/2024\/09\/Container-Storage-Rental-125AlgarveSelfStorage_eu-Secure-Self-Storage-Containers-Loule-Algarve-Portugal.jpg\" \/>\n\t<meta property=\"og:image:width\" content=\"1200\" \/>\n\t<meta property=\"og:image:height\" content=\"630\" \/>\n\t<meta property=\"og:image:type\" content=\"image\/jpeg\" \/>\n<meta name=\"twitter:card\" content=\"summary_large_image\" \/>\n<meta name=\"twitter:label1\" content=\"Tempo estimado de leitura\" \/>\n\t<meta name=\"twitter:data1\" content=\"4 minutos\" \/>\n<script type=\"application\/ld+json\" class=\"yoast-schema-graph\">{\"@context\":\"https:\\\/\\\/schema.org\",\"@graph\":[{\"@type\":\"WebPage\",\"@id\":\"https:\\\/\\\/125algarveselfstorage.eu\\\/container-storage-rental\\\/\",\"url\":\"https:\\\/\\\/125algarveselfstorage.eu\\\/container-storage-rental\\\/\",\"name\":\"[:en]Container Storage Rental, Loul\u00e9, Algarve.\u00a0 Your Local Self Storage.[:pt]Aluguer de Armazenamento de Contentores, Loul\u00e9, Algarve. O seu autoarmazenamento local.[:]\",\"isPartOf\":{\"@id\":\"https:\\\/\\\/125algarveselfstorage.eu\\\/#website\"},\"primaryImageOfPage\":{\"@id\":\"https:\\\/\\\/125algarveselfstorage.eu\\\/container-storage-rental\\\/#primaryimage\"},\"image\":{\"@id\":\"https:\\\/\\\/125algarveselfstorage.eu\\\/container-storage-rental\\\/#primaryimage\"},\"thumbnailUrl\":\"https:\\\/\\\/125algarveselfstorage.eu\\\/wp-content\\\/uploads\\\/2024\\\/09\\\/Container-Storage-Rental-125AlgarveSelfStorage_eu-Secure-Self-Storage-Containers-Loule-Algarve-Portugal.jpg\",\"datePublished\":\"2024-07-02T13:02:13+00:00\",\"dateModified\":\"2025-01-15T12:15:45+00:00\",\"description\":\"{:en}Container Storage Rental.\u00a0 We're more than just a storage company in Loul\u00e9. We're your partners in creating space and peace of mind.{:pt}Aluguer de armazenamento de contentores. Somos mais do que uma empresa de armazenagem em Loul\u00e9. Somos os seus parceiros na cria\u00e7\u00e3o de espa\u00e7o e tranquilidade.{:}\",\"breadcrumb\":{\"@id\":\"https:\\\/\\\/125algarveselfstorage.eu\\\/container-storage-rental\\\/#breadcrumb\"},\"inLanguage\":\"pt-PT\",\"potentialAction\":[{\"@type\":\"ReadAction\",\"target\":[\"https:\\\/\\\/125algarveselfstorage.eu\\\/container-storage-rental\\\/\"]}]},{\"@type\":\"ImageObject\",\"inLanguage\":\"pt-PT\",\"@id\":\"https:\\\/\\\/125algarveselfstorage.eu\\\/container-storage-rental\\\/#primaryimage\",\"url\":\"https:\\\/\\\/125algarveselfstorage.eu\\\/wp-content\\\/uploads\\\/2024\\\/09\\\/Container-Storage-Rental-125AlgarveSelfStorage_eu-Secure-Self-Storage-Containers-Loule-Algarve-Portugal.jpg\",\"contentUrl\":\"https:\\\/\\\/125algarveselfstorage.eu\\\/wp-content\\\/uploads\\\/2024\\\/09\\\/Container-Storage-Rental-125AlgarveSelfStorage_eu-Secure-Self-Storage-Containers-Loule-Algarve-Portugal.jpg\",\"width\":1200,\"height\":630,\"caption\":\"Container Storage Rental - 125AlgarveSelfStorage_eu - Secure Self Storage Containers, Loul\u00e9, Algarve, Portugal\"},{\"@type\":\"BreadcrumbList\",\"@id\":\"https:\\\/\\\/125algarveselfstorage.eu\\\/container-storage-rental\\\/#breadcrumb\",\"itemListElement\":[{\"@type\":\"ListItem\",\"position\":1,\"name\":\"Home\",\"item\":\"https:\\\/\\\/125algarveselfstorage.eu\\\/\"},{\"@type\":\"ListItem\",\"position\":2,\"name\":\"[:en]Container Storage Rental[:pt]Aluguer de armazenamento de contentores[:]\"}]},{\"@type\":\"WebSite\",\"@id\":\"https:\\\/\\\/125algarveselfstorage.eu\\\/#website\",\"url\":\"https:\\\/\\\/125algarveselfstorage.eu\\\/\",\"name\":\"125AlgarveSelfStorage.eu\",\"description\":\"[:en]Secure Self Storage Facility on the EN125 between Boliquieme and Almancil, Algarve.[:pt]Contentores de Autoarmazenamento Seguros, Loul\u00e9, Algarve, Portugal.[:]\",\"publisher\":{\"@id\":\"https:\\\/\\\/125algarveselfstorage.eu\\\/#organization\"},\"potentialAction\":[{\"@type\":\"SearchAction\",\"target\":{\"@type\":\"EntryPoint\",\"urlTemplate\":\"https:\\\/\\\/125algarveselfstorage.eu\\\/?s={search_term_string}\"},\"query-input\":{\"@type\":\"PropertyValueSpecification\",\"valueRequired\":true,\"valueName\":\"search_term_string\"}}],\"inLanguage\":\"pt-PT\"},{\"@type\":\"Organization\",\"@id\":\"https:\\\/\\\/125algarveselfstorage.eu\\\/#organization\",\"name\":\"125AlgarveSelfStorage.eu\",\"url\":\"https:\\\/\\\/125algarveselfstorage.eu\\\/\",\"logo\":{\"@type\":\"ImageObject\",\"inLanguage\":\"pt-PT\",\"@id\":\"https:\\\/\\\/125algarveselfstorage.eu\\\/#\\\/schema\\\/logo\\\/image\\\/\",\"url\":\"https:\\\/\\\/125algarveselfstorage.eu\\\/wp-content\\\/uploads\\\/2024\\\/10\\\/125-Algarve-Self-Storage-Logo-Small.png\",\"contentUrl\":\"https:\\\/\\\/125algarveselfstorage.eu\\\/wp-content\\\/uploads\\\/2024\\\/10\\\/125-Algarve-Self-Storage-Logo-Small.png\",\"width\":150,\"height\":150,\"caption\":\"125AlgarveSelfStorage.eu\"},\"image\":{\"@id\":\"https:\\\/\\\/125algarveselfstorage.eu\\\/#\\\/schema\\\/logo\\\/image\\\/\"}}]}<\/script>\n<!-- \/ Yoast SEO plugin. -->","yoast_head_json":{"title":"[:en]Container Storage Rental, Loul\u00e9, Algarve.\u00a0 Your Local Self Storage.[:pt]Aluguer de Armazenamento de Contentores, Loul\u00e9, Algarve. O seu autoarmazenamento local.[:]","description":"{:en}Container Storage Rental.\u00a0 We're more than just a storage company in Loul\u00e9. We're your partners in creating space and peace of mind.{:pt}Aluguer de armazenamento de contentores. Somos mais do que uma empresa de armazenagem em Loul\u00e9. Somos os seus parceiros na cria\u00e7\u00e3o de espa\u00e7o e tranquilidade.{:}","robots":{"index":"index","follow":"follow","max-snippet":"max-snippet:-1","max-image-preview":"max-image-preview:large","max-video-preview":"max-video-preview:-1"},"canonical":"https:\/\/125algarveselfstorage.eu\/container-storage-rental\/","og_locale":"pt_PT","og_type":"article","og_title":"[:en]Container Storage Rental, Loul\u00e9, Algarve.\u00a0 Your Local Self Storage.[:pt]Aluguer de Armazenamento de Contentores, Loul\u00e9, Algarve. O seu autoarmazenamento local.[:]","og_description":"{:en}Container Storage Rental.\u00a0 We're more than just a storage company in Loul\u00e9. We're your partners in creating space and peace of mind.{:pt}Aluguer de armazenamento de contentores. Somos mais do que uma empresa de armazenagem em Loul\u00e9. Somos os seus parceiros na cria\u00e7\u00e3o de espa\u00e7o e tranquilidade.{:}","og_url":"https:\/\/125algarveselfstorage.eu\/container-storage-rental\/","og_site_name":"125 Algarve Self Storage","article_modified_time":"2025-01-15T12:15:45+00:00","og_image":[{"width":1200,"height":630,"url":"https:\/\/125algarveselfstorage.eu\/wp-content\/uploads\/2024\/09\/Container-Storage-Rental-125AlgarveSelfStorage_eu-Secure-Self-Storage-Containers-Loule-Algarve-Portugal.jpg","type":"image\/jpeg"}],"twitter_card":"summary_large_image","twitter_misc":{"Tempo estimado de leitura":"4 minutos"},"schema":{"@context":"https:\/\/schema.org","@graph":[{"@type":"WebPage","@id":"https:\/\/125algarveselfstorage.eu\/container-storage-rental\/","url":"https:\/\/125algarveselfstorage.eu\/container-storage-rental\/","name":"[:en]Container Storage Rental, Loul\u00e9, Algarve.\u00a0 Your Local Self Storage.[:pt]Aluguer de Armazenamento de Contentores, Loul\u00e9, Algarve. O seu autoarmazenamento local.[:]","isPartOf":{"@id":"https:\/\/125algarveselfstorage.eu\/#website"},"primaryImageOfPage":{"@id":"https:\/\/125algarveselfstorage.eu\/container-storage-rental\/#primaryimage"},"image":{"@id":"https:\/\/125algarveselfstorage.eu\/container-storage-rental\/#primaryimage"},"thumbnailUrl":"https:\/\/125algarveselfstorage.eu\/wp-content\/uploads\/2024\/09\/Container-Storage-Rental-125AlgarveSelfStorage_eu-Secure-Self-Storage-Containers-Loule-Algarve-Portugal.jpg","datePublished":"2024-07-02T13:02:13+00:00","dateModified":"2025-01-15T12:15:45+00:00","description":"{:en}Container Storage Rental.\u00a0 We're more than just a storage company in Loul\u00e9. We're your partners in creating space and peace of mind.{:pt}Aluguer de armazenamento de contentores. Somos mais do que uma empresa de armazenagem em Loul\u00e9. Somos os seus parceiros na cria\u00e7\u00e3o de espa\u00e7o e tranquilidade.{:}","breadcrumb":{"@id":"https:\/\/125algarveselfstorage.eu\/container-storage-rental\/#breadcrumb"},"inLanguage":"pt-PT","potentialAction":[{"@type":"ReadAction","target":["https:\/\/125algarveselfstorage.eu\/container-storage-rental\/"]}]},{"@type":"ImageObject","inLanguage":"pt-PT","@id":"https:\/\/125algarveselfstorage.eu\/container-storage-rental\/#primaryimage","url":"https:\/\/125algarveselfstorage.eu\/wp-content\/uploads\/2024\/09\/Container-Storage-Rental-125AlgarveSelfStorage_eu-Secure-Self-Storage-Containers-Loule-Algarve-Portugal.jpg","contentUrl":"https:\/\/125algarveselfstorage.eu\/wp-content\/uploads\/2024\/09\/Container-Storage-Rental-125AlgarveSelfStorage_eu-Secure-Self-Storage-Containers-Loule-Algarve-Portugal.jpg","width":1200,"height":630,"caption":"Container Storage Rental - 125AlgarveSelfStorage_eu - Secure Self Storage Containers, Loul\u00e9, Algarve, Portugal"},{"@type":"BreadcrumbList","@id":"https:\/\/125algarveselfstorage.eu\/container-storage-rental\/#breadcrumb","itemListElement":[{"@type":"ListItem","position":1,"name":"Home","item":"https:\/\/125algarveselfstorage.eu\/"},{"@type":"ListItem","position":2,"name":"[:en]Container Storage Rental[:pt]Aluguer de armazenamento de contentores[:]"}]},{"@type":"WebSite","@id":"https:\/\/125algarveselfstorage.eu\/#website","url":"https:\/\/125algarveselfstorage.eu\/","name":"125AlgarveSelfStorage.eu","description":"[:en]Secure Self Storage Facility on the EN125 between Boliquieme and Almancil, Algarve.[:pt]Contentores de Autoarmazenamento Seguros, Loul\u00e9, Algarve, Portugal.[:]","publisher":{"@id":"https:\/\/125algarveselfstorage.eu\/#organization"},"potentialAction":[{"@type":"SearchAction","target":{"@type":"EntryPoint","urlTemplate":"https:\/\/125algarveselfstorage.eu\/?s={search_term_string}"},"query-input":{"@type":"PropertyValueSpecification","valueRequired":true,"valueName":"search_term_string"}}],"inLanguage":"pt-PT"},{"@type":"Organization","@id":"https:\/\/125algarveselfstorage.eu\/#organization","name":"125AlgarveSelfStorage.eu","url":"https:\/\/125algarveselfstorage.eu\/","logo":{"@type":"ImageObject","inLanguage":"pt-PT","@id":"https:\/\/125algarveselfstorage.eu\/#\/schema\/logo\/image\/","url":"https:\/\/125algarveselfstorage.eu\/wp-content\/uploads\/2024\/10\/125-Algarve-Self-Storage-Logo-Small.png","contentUrl":"https:\/\/125algarveselfstorage.eu\/wp-content\/uploads\/2024\/10\/125-Algarve-Self-Storage-Logo-Small.png","width":150,"height":150,"caption":"125AlgarveSelfStorage.eu"},"image":{"@id":"https:\/\/125algarveselfstorage.eu\/#\/schema\/logo\/image\/"}}]}},"jetpack_sharing_enabled":true,"_links":{"self":[{"href":"https:\/\/125algarveselfstorage.eu\/pt\/wp-json\/wp\/v2\/pages\/143","targetHints":{"allow":["GET"]}}],"collection":[{"href":"https:\/\/125algarveselfstorage.eu\/pt\/wp-json\/wp\/v2\/pages"}],"about":[{"href":"https:\/\/125algarveselfstorage.eu\/pt\/wp-json\/wp\/v2\/types\/page"}],"author":[{"embeddable":true,"href":"https:\/\/125algarveselfstorage.eu\/pt\/wp-json\/wp\/v2\/users\/1"}],"replies":[{"embeddable":true,"href":"https:\/\/125algarveselfstorage.eu\/pt\/wp-json\/wp\/v2\/comments?post=143"}],"version-history":[{"count":6,"href":"https:\/\/125algarveselfstorage.eu\/pt\/wp-json\/wp\/v2\/pages\/143\/revisions"}],"predecessor-version":[{"id":331,"href":"https:\/\/125algarveselfstorage.eu\/pt\/wp-json\/wp\/v2\/pages\/143\/revisions\/331"}],"wp:featuredmedia":[{"embeddable":true,"href":"https:\/\/125algarveselfstorage.eu\/pt\/wp-json\/wp\/v2\/media\/326"}],"wp:attachment":[{"href":"https:\/\/125algarveselfstorage.eu\/pt\/wp-json\/wp\/v2\/media?parent=143"}],"curies":[{"name":"wp","href":"https:\/\/api.w.org\/{rel}","templated":true}]}}