{"id":11,"date":"2024-06-17T08:11:00","date_gmt":"2024-06-17T08:11:00","guid":{"rendered":"https:\/\/125algarveselfstorage.eu\/?page_id=11"},"modified":"2025-04-07T12:37:05","modified_gmt":"2025-04-07T12:37:05","slug":"125algarveselfstorage-eu","status":"publish","type":"page","link":"https:\/\/125algarveselfstorage.eu\/pt\/","title":{"rendered":"125 Algarve Self Storage"},"content":{"rendered":"<p>Auto-armazenamento Seguro em Contentores, Loul\u00e9, Portugal.<\/p>\n<ul>\n<li id=\"hbulquote\">Preencha o formul\u00e1rio r\u00e1pido para o seu or\u00e7amento.<\/li>\n<li id=\"hbulwhatsapp\">WhatsApp <a href=\"https:\/\/wa.me\/351969427864\">+351 969 427 864<\/a><\/li>\n<li id=\"hbulmaps\"><a href=\"http:\/\/maps.google.com\" target=\"_blank\" rel=\"noopener\">Encontre-nos no Google Maps.<\/a><\/li>\n<\/ul>\n<p>&nbsp;<\/p>","protected":false},"excerpt":{"rendered":"<p>Auto-armazenamento Seguro em Contentores, Loul\u00e9, Portugal. Preencha o formul\u00e1rio r\u00e1pido para o seu or\u00e7amento. WhatsApp +351 969 427 864 Encontre-nos &hellip; <\/p>\n","protected":false},"author":1,"featured_media":363,"parent":0,"menu_order":1,"comment_status":"closed","ping_status":"closed","template":"template-home.php","meta":{"footnotes":""},"class_list":["post-11","page","type-page","status-publish","has-post-thumbnail","hentry"],"yoast_head":"<!-- This site is optimized with the Yoast SEO plugin v27.3 - https:\/\/yoast.com\/product\/yoast-seo-wordpress\/ -->\n<title>Auto-armazenamento Seguro em Contentores, Loul\u00e9, Portugal.<\/title>\n<meta name=\"description\" content=\"{:en}Self Storage Containers in Loul\u00e9, Algarve. Secure container rental, short or long term rentals, excellent rates. Get your quote!{:pt}Contentores Self Storage em Loul\u00e9, Algarve. Aluguer seguro de contentores, aluguer de curto ou longo prazo, tarifas excelentes. Fa\u00e7a a sua cota\u00e7\u00e3o!{:}\" \/>\n<meta name=\"robots\" content=\"index, follow, max-snippet:-1, max-image-preview:large, max-video-preview:-1\" \/>\n<link rel=\"canonical\" href=\"https:\/\/125algarveselfstorage.eu\/\" \/>\n<meta property=\"og:locale\" content=\"pt_PT\" \/>\n<meta property=\"og:type\" content=\"article\" \/>\n<meta property=\"og:title\" content=\"125 Algarve Self Storage\" \/>\n<meta property=\"og:description\" content=\"Secure Container &amp; Warehouse Self Storage, Loul\u00e9, Algarve.\" \/>\n<meta property=\"og:url\" content=\"https:\/\/125algarveselfstorage.eu\/\" \/>\n<meta property=\"og:site_name\" content=\"125 Algarve Self Storage\" \/>\n<meta property=\"article:modified_time\" content=\"2025-04-07T12:37:05+00:00\" \/>\n<meta property=\"og:image\" content=\"https:\/\/125algarveselfstorage.eu\/wp-content\/uploads\/2025\/01\/125-Algarve-Self-Storage-Your-Secure-Self-Storage-partners-on-the-EN125-between-Boliquieme-and-Almancil-close-to-Vilamoura-Quarteira-and-Loule.jpg\" \/>\n\t<meta property=\"og:image:width\" content=\"1200\" \/>\n\t<meta property=\"og:image:height\" content=\"630\" \/>\n\t<meta property=\"og:image:type\" content=\"image\/jpeg\" \/>\n<meta name=\"twitter:card\" content=\"summary_large_image\" \/>\n<meta name=\"twitter:label1\" content=\"Tempo estimado de leitura\" \/>\n\t<meta name=\"twitter:data1\" content=\"1 minuto\" \/>\n<script type=\"application\/ld+json\" class=\"yoast-schema-graph\">{\"@context\":\"https:\\\/\\\/schema.org\",\"@graph\":[{\"@type\":\"WebPage\",\"@id\":\"https:\\\/\\\/125algarveselfstorage.eu\\\/\",\"url\":\"https:\\\/\\\/125algarveselfstorage.eu\\\/\",\"name\":\"[:en]Secure Container Self Storage, Loul\u00e9, Portugal.[:pt]Auto-armazenamento Seguro em Contentores, Loul\u00e9, Portugal.[:]\",\"isPartOf\":{\"@id\":\"https:\\\/\\\/125algarveselfstorage.eu\\\/#website\"},\"primaryImageOfPage\":{\"@id\":\"https:\\\/\\\/125algarveselfstorage.eu\\\/#primaryimage\"},\"image\":{\"@id\":\"https:\\\/\\\/125algarveselfstorage.eu\\\/#primaryimage\"},\"thumbnailUrl\":\"https:\\\/\\\/125algarveselfstorage.eu\\\/wp-content\\\/uploads\\\/2024\\\/10\\\/125-Algarve-Self-Storage-Header.jpg\",\"datePublished\":\"2024-06-17T08:11:00+00:00\",\"dateModified\":\"2025-04-07T12:37:05+00:00\",\"description\":\"{:en}Self Storage Containers in Loul\u00e9, Algarve. Secure container rental, short or long term rentals, excellent rates. Get your quote!{:pt}Contentores Self Storage em Loul\u00e9, Algarve. Aluguer seguro de contentores, aluguer de curto ou longo prazo, tarifas excelentes. Fa\u00e7a a sua cota\u00e7\u00e3o!{:}\",\"breadcrumb\":{\"@id\":\"https:\\\/\\\/125algarveselfstorage.eu\\\/#breadcrumb\"},\"inLanguage\":\"pt-PT\",\"potentialAction\":[{\"@type\":\"ReadAction\",\"target\":[\"https:\\\/\\\/125algarveselfstorage.eu\\\/\"]}]},{\"@type\":\"ImageObject\",\"inLanguage\":\"pt-PT\",\"@id\":\"https:\\\/\\\/125algarveselfstorage.eu\\\/#primaryimage\",\"url\":\"https:\\\/\\\/125algarveselfstorage.eu\\\/wp-content\\\/uploads\\\/2024\\\/10\\\/125-Algarve-Self-Storage-Header.jpg\",\"contentUrl\":\"https:\\\/\\\/125algarveselfstorage.eu\\\/wp-content\\\/uploads\\\/2024\\\/10\\\/125-Algarve-Self-Storage-Header.jpg\",\"width\":1600,\"height\":1200,\"caption\":\"125 Algarve Self Storage\"},{\"@type\":\"BreadcrumbList\",\"@id\":\"https:\\\/\\\/125algarveselfstorage.eu\\\/#breadcrumb\",\"itemListElement\":[{\"@type\":\"ListItem\",\"position\":1,\"name\":\"Home\",\"item\":\"https:\\\/\\\/125algarveselfstorage.eu\\\/\"},{\"@type\":\"ListItem\",\"position\":2,\"name\":\"125 Algarve Self Storage\"}]},{\"@type\":\"WebSite\",\"@id\":\"https:\\\/\\\/125algarveselfstorage.eu\\\/#website\",\"url\":\"https:\\\/\\\/125algarveselfstorage.eu\\\/\",\"name\":\"125AlgarveSelfStorage.eu\",\"description\":\"[:en]Secure Self Storage Facility on the EN125 between Boliquieme and Almancil, Algarve.[:pt]Contentores de Autoarmazenamento Seguros, Loul\u00e9, Algarve, Portugal.[:]\",\"publisher\":{\"@id\":\"https:\\\/\\\/125algarveselfstorage.eu\\\/#organization\"},\"potentialAction\":[{\"@type\":\"SearchAction\",\"target\":{\"@type\":\"EntryPoint\",\"urlTemplate\":\"https:\\\/\\\/125algarveselfstorage.eu\\\/?s={search_term_string}\"},\"query-input\":{\"@type\":\"PropertyValueSpecification\",\"valueRequired\":true,\"valueName\":\"search_term_string\"}}],\"inLanguage\":\"pt-PT\"},{\"@type\":\"Organization\",\"@id\":\"https:\\\/\\\/125algarveselfstorage.eu\\\/#organization\",\"name\":\"125AlgarveSelfStorage.eu\",\"url\":\"https:\\\/\\\/125algarveselfstorage.eu\\\/\",\"logo\":{\"@type\":\"ImageObject\",\"inLanguage\":\"pt-PT\",\"@id\":\"https:\\\/\\\/125algarveselfstorage.eu\\\/#\\\/schema\\\/logo\\\/image\\\/\",\"url\":\"https:\\\/\\\/125algarveselfstorage.eu\\\/wp-content\\\/uploads\\\/2024\\\/10\\\/125-Algarve-Self-Storage-Logo-Small.png\",\"contentUrl\":\"https:\\\/\\\/125algarveselfstorage.eu\\\/wp-content\\\/uploads\\\/2024\\\/10\\\/125-Algarve-Self-Storage-Logo-Small.png\",\"width\":150,\"height\":150,\"caption\":\"125AlgarveSelfStorage.eu\"},\"image\":{\"@id\":\"https:\\\/\\\/125algarveselfstorage.eu\\\/#\\\/schema\\\/logo\\\/image\\\/\"}}]}<\/script>\n<!-- \/ Yoast SEO plugin. -->","yoast_head_json":{"title":"[:en]Secure Container Self Storage, Loul\u00e9, Portugal.[:pt]Auto-armazenamento Seguro em Contentores, Loul\u00e9, Portugal.[:]","description":"{:en}Self Storage Containers in Loul\u00e9, Algarve. Secure container rental, short or long term rentals, excellent rates. Get your quote!{:pt}Contentores Self Storage em Loul\u00e9, Algarve. Aluguer seguro de contentores, aluguer de curto ou longo prazo, tarifas excelentes. Fa\u00e7a a sua cota\u00e7\u00e3o!{:}","robots":{"index":"index","follow":"follow","max-snippet":"max-snippet:-1","max-image-preview":"max-image-preview:large","max-video-preview":"max-video-preview:-1"},"canonical":"https:\/\/125algarveselfstorage.eu\/","og_locale":"pt_PT","og_type":"article","og_title":"125 Algarve Self Storage","og_description":"Secure Container & Warehouse Self Storage, Loul\u00e9, Algarve.","og_url":"https:\/\/125algarveselfstorage.eu\/","og_site_name":"125 Algarve Self Storage","article_modified_time":"2025-04-07T12:37:05+00:00","og_image":[{"width":1200,"height":630,"url":"https:\/\/125algarveselfstorage.eu\/wp-content\/uploads\/2025\/01\/125-Algarve-Self-Storage-Your-Secure-Self-Storage-partners-on-the-EN125-between-Boliquieme-and-Almancil-close-to-Vilamoura-Quarteira-and-Loule.jpg","type":"image\/jpeg"}],"twitter_card":"summary_large_image","twitter_misc":{"Tempo estimado de leitura":"1 minuto"},"schema":{"@context":"https:\/\/schema.org","@graph":[{"@type":"WebPage","@id":"https:\/\/125algarveselfstorage.eu\/","url":"https:\/\/125algarveselfstorage.eu\/","name":"[:en]Secure Container Self Storage, Loul\u00e9, Portugal.[:pt]Auto-armazenamento Seguro em Contentores, Loul\u00e9, Portugal.[:]","isPartOf":{"@id":"https:\/\/125algarveselfstorage.eu\/#website"},"primaryImageOfPage":{"@id":"https:\/\/125algarveselfstorage.eu\/#primaryimage"},"image":{"@id":"https:\/\/125algarveselfstorage.eu\/#primaryimage"},"thumbnailUrl":"https:\/\/125algarveselfstorage.eu\/wp-content\/uploads\/2024\/10\/125-Algarve-Self-Storage-Header.jpg","datePublished":"2024-06-17T08:11:00+00:00","dateModified":"2025-04-07T12:37:05+00:00","description":"{:en}Self Storage Containers in Loul\u00e9, Algarve. Secure container rental, short or long term rentals, excellent rates. Get your quote!{:pt}Contentores Self Storage em Loul\u00e9, Algarve. Aluguer seguro de contentores, aluguer de curto ou longo prazo, tarifas excelentes. Fa\u00e7a a sua cota\u00e7\u00e3o!{:}","breadcrumb":{"@id":"https:\/\/125algarveselfstorage.eu\/#breadcrumb"},"inLanguage":"pt-PT","potentialAction":[{"@type":"ReadAction","target":["https:\/\/125algarveselfstorage.eu\/"]}]},{"@type":"ImageObject","inLanguage":"pt-PT","@id":"https:\/\/125algarveselfstorage.eu\/#primaryimage","url":"https:\/\/125algarveselfstorage.eu\/wp-content\/uploads\/2024\/10\/125-Algarve-Self-Storage-Header.jpg","contentUrl":"https:\/\/125algarveselfstorage.eu\/wp-content\/uploads\/2024\/10\/125-Algarve-Self-Storage-Header.jpg","width":1600,"height":1200,"caption":"125 Algarve Self Storage"},{"@type":"BreadcrumbList","@id":"https:\/\/125algarveselfstorage.eu\/#breadcrumb","itemListElement":[{"@type":"ListItem","position":1,"name":"Home","item":"https:\/\/125algarveselfstorage.eu\/"},{"@type":"ListItem","position":2,"name":"125 Algarve Self Storage"}]},{"@type":"WebSite","@id":"https:\/\/125algarveselfstorage.eu\/#website","url":"https:\/\/125algarveselfstorage.eu\/","name":"125AlgarveSelfStorage.eu","description":"[:en]Secure Self Storage Facility on the EN125 between Boliquieme and Almancil, Algarve.[:pt]Contentores de Autoarmazenamento Seguros, Loul\u00e9, Algarve, Portugal.[:]","publisher":{"@id":"https:\/\/125algarveselfstorage.eu\/#organization"},"potentialAction":[{"@type":"SearchAction","target":{"@type":"EntryPoint","urlTemplate":"https:\/\/125algarveselfstorage.eu\/?s={search_term_string}"},"query-input":{"@type":"PropertyValueSpecification","valueRequired":true,"valueName":"search_term_string"}}],"inLanguage":"pt-PT"},{"@type":"Organization","@id":"https:\/\/125algarveselfstorage.eu\/#organization","name":"125AlgarveSelfStorage.eu","url":"https:\/\/125algarveselfstorage.eu\/","logo":{"@type":"ImageObject","inLanguage":"pt-PT","@id":"https:\/\/125algarveselfstorage.eu\/#\/schema\/logo\/image\/","url":"https:\/\/125algarveselfstorage.eu\/wp-content\/uploads\/2024\/10\/125-Algarve-Self-Storage-Logo-Small.png","contentUrl":"https:\/\/125algarveselfstorage.eu\/wp-content\/uploads\/2024\/10\/125-Algarve-Self-Storage-Logo-Small.png","width":150,"height":150,"caption":"125AlgarveSelfStorage.eu"},"image":{"@id":"https:\/\/125algarveselfstorage.eu\/#\/schema\/logo\/image\/"}}]}},"jetpack_sharing_enabled":true,"_links":{"self":[{"href":"https:\/\/125algarveselfstorage.eu\/pt\/wp-json\/wp\/v2\/pages\/11","targetHints":{"allow":["GET"]}}],"collection":[{"href":"https:\/\/125algarveselfstorage.eu\/pt\/wp-json\/wp\/v2\/pages"}],"about":[{"href":"https:\/\/125algarveselfstorage.eu\/pt\/wp-json\/wp\/v2\/types\/page"}],"author":[{"embeddable":true,"href":"https:\/\/125algarveselfstorage.eu\/pt\/wp-json\/wp\/v2\/users\/1"}],"replies":[{"embeddable":true,"href":"https:\/\/125algarveselfstorage.eu\/pt\/wp-json\/wp\/v2\/comments?post=11"}],"version-history":[{"count":29,"href":"https:\/\/125algarveselfstorage.eu\/pt\/wp-json\/wp\/v2\/pages\/11\/revisions"}],"predecessor-version":[{"id":534,"href":"https:\/\/125algarveselfstorage.eu\/pt\/wp-json\/wp\/v2\/pages\/11\/revisions\/534"}],"wp:featuredmedia":[{"embeddable":true,"href":"https:\/\/125algarveselfstorage.eu\/pt\/wp-json\/wp\/v2\/media\/363"}],"wp:attachment":[{"href":"https:\/\/125algarveselfstorage.eu\/pt\/wp-json\/wp\/v2\/media?parent=11"}],"curies":[{"name":"wp","href":"https:\/\/api.w.org\/{rel}","templated":true}]}}